{"id":9294,"date":"2023-03-23T13:15:36","date_gmt":"2023-03-23T12:15:36","guid":{"rendered":"https:\/\/es.heberger.co\/ueberuns\/unser-team\/"},"modified":"2025-10-28T11:48:40","modified_gmt":"2025-10-28T10:48:40","slug":"nuestro-equipo","status":"publish","type":"page","link":"https:\/\/es.heberger.co\/es\/quienes-somos\/nuestro-equipo\/","title":{"rendered":"Nuestro equipo"},"content":{"rendered":"<div class=\"wpb-content-wrapper\"><p>[vc_row row_content_width=\u00bbgrid\u00bb row_btt_skin=\u00bblight\u00bb row_background_text_position=\u00bbfront\u00bb row_skin=\u00bbdark\u00bb css=\u00bb.vc_custom_1679572992812{margin-top: 120px !important;margin-bottom: 120px !important;}\u00bb][vc_column width=\u00bb1\/2&#8243; offset=\u00bbvc_col-lg-offset-0 vc_col-lg-6 vc_col-md-offset-0 vc_col-md-12 vc_col-sm-offset-0&#8243;][vc_column_text]<\/p>\n<h3>El Progreso mediante el desarrollo<\/h3>\n<p>[\/vc_column_text][vc_empty_space height=\u00bb18&#8243;][vc_column_text]Unos buenos empleados determinan nuestro \u00e9xito. Mediante la confianza, el aprecio mutuo, la formaci\u00f3n continua y unas condiciones de trabajo atractivas, creamos las condiciones b\u00e1sicas para que los empleados est\u00e9n satisfechos. Estamos decididos a perseguir consecuentemente estos objetivos cada d\u00eda y asegurar as\u00ed el futuro de la empresa y sus puestos de trabajo.<\/p>\n<p>Gracias a nuestras condiciones de trabajo y a nuestro esp\u00edritu de equipo familiar, as\u00ed como a nuestra prolongada trayectoria, podemos contar con un equipo profesional, altamente experimentado e innovador. La mayor\u00eda de nuestros empleados son multiling\u00fces (espa\u00f1ol, alem\u00e1n, ingl\u00e9s).[\/vc_column_text][\/vc_column][vc_column width=\u00bb1\/2&#8243; offset=\u00bbvc_col-lg-offset-0 vc_col-lg-6 vc_col-md-offset-0 vc_col-md-6 vc_col-sm-offset-0&#8243; css=\u00bb.vc_custom_1679583032369{margin-top: 100px !important;}\u00bb]<div class=\"mkdf-image-gallery mkdf-grid-list mkdf-grid-masonry-list mkdf-disable-bottom-space fillit mkdf-ig-masonry-type mkdf-two-columns mkdf-normal-space mkdf-has-shadow mkdf-image-behavior-lightbox \">\n\t<div class=\"mkdf-ig-inner mkdf-outer-space mkdf-masonry-list-wrapper\">\n\t\t<div class=\"mkdf-masonry-grid-sizer\"><\/div>\n\t\t<div class=\"mkdf-masonry-grid-gutter\"><\/div>\n\t\t\t\t\t\t\t\t<div class=\"mkdf-ig-image mkdf-item-space \">\n\t\t\t\t<div class=\"mkdf-ig-image-inner\">\n\t\t\t\t\t\t\t\t\t\t\t<a itemprop=\"image\" class=\"mkdf-ig-lightbox\" href=\"https:\/\/es.heberger.co\/wp-content\/uploads\/2023\/03\/Menschen-und-Koepfe_29.jpg\" data-rel=\"prettyPhoto[image_gallery_pretty_photo-37]\" title=\"Menschen-und-Koepfe_29\">\n\t\t\t\t\t\t\t\t\t\t\t<img loading=\"lazy\" decoding=\"async\" width=\"1166\" height=\"775\" src=\"https:\/\/es.heberger.co\/wp-content\/uploads\/2023\/03\/Menschen-und-Koepfe_29.jpg\" class=\"attachment-full size-full\" alt=\"Villa Mallorca Baustelle\" srcset=\"https:\/\/es.heberger.co\/wp-content\/uploads\/2023\/03\/Menschen-und-Koepfe_29.jpg 1166w, https:\/\/es.heberger.co\/wp-content\/uploads\/2023\/03\/Menschen-und-Koepfe_29-300x199.jpg 300w, https:\/\/es.heberger.co\/wp-content\/uploads\/2023\/03\/Menschen-und-Koepfe_29-1024x681.jpg 1024w, https:\/\/es.heberger.co\/wp-content\/uploads\/2023\/03\/Menschen-und-Koepfe_29-768x510.jpg 768w\" sizes=\"auto, (max-width: 1166px) 100vw, 1166px\" \/>\t\t\t\t\t\t\t\t\t\t\t<\/a>\n\t\t\t\t\t\t\t\t\t<\/div>\n\t\t\t<\/div>\n\t\t\t\t\t\t\t\t<div class=\"mkdf-ig-image mkdf-item-space \">\n\t\t\t\t<div class=\"mkdf-ig-image-inner\">\n\t\t\t\t\t\t\t\t\t\t\t<a itemprop=\"image\" class=\"mkdf-ig-lightbox\" href=\"https:\/\/es.heberger.co\/wp-content\/uploads\/2023\/03\/Menschen-und-Koepfe_25.jpg\" data-rel=\"prettyPhoto[image_gallery_pretty_photo-37]\" title=\"Menschen-und-Koepfe_25\">\n\t\t\t\t\t\t\t\t\t\t\t<img loading=\"lazy\" decoding=\"async\" width=\"1166\" height=\"775\" src=\"https:\/\/es.heberger.co\/wp-content\/uploads\/2023\/03\/Menschen-und-Koepfe_25.jpg\" class=\"attachment-full size-full\" alt=\"Villenbau Mallorca\" srcset=\"https:\/\/es.heberger.co\/wp-content\/uploads\/2023\/03\/Menschen-und-Koepfe_25.jpg 1166w, https:\/\/es.heberger.co\/wp-content\/uploads\/2023\/03\/Menschen-und-Koepfe_25-300x199.jpg 300w, https:\/\/es.heberger.co\/wp-content\/uploads\/2023\/03\/Menschen-und-Koepfe_25-1024x681.jpg 1024w, https:\/\/es.heberger.co\/wp-content\/uploads\/2023\/03\/Menschen-und-Koepfe_25-768x510.jpg 768w\" sizes=\"auto, (max-width: 1166px) 100vw, 1166px\" \/>\t\t\t\t\t\t\t\t\t\t\t<\/a>\n\t\t\t\t\t\t\t\t\t<\/div>\n\t\t\t<\/div>\n\t\t\t\t\t\t\t\t<div class=\"mkdf-ig-image mkdf-item-space \">\n\t\t\t\t<div class=\"mkdf-ig-image-inner\">\n\t\t\t\t\t\t\t\t\t\t\t<a itemprop=\"image\" class=\"mkdf-ig-lightbox\" href=\"https:\/\/es.heberger.co\/wp-content\/uploads\/2023\/03\/Baustelle_3.jpg\" data-rel=\"prettyPhoto[image_gallery_pretty_photo-37]\" title=\"Baustelle_3\">\n\t\t\t\t\t\t\t\t\t\t\t<img loading=\"lazy\" decoding=\"async\" width=\"1166\" height=\"775\" src=\"https:\/\/es.heberger.co\/wp-content\/uploads\/2023\/03\/Baustelle_3.jpg\" class=\"attachment-full size-full\" alt=\"Villa Mallorca Baustelle\" srcset=\"https:\/\/es.heberger.co\/wp-content\/uploads\/2023\/03\/Baustelle_3.jpg 1166w, https:\/\/es.heberger.co\/wp-content\/uploads\/2023\/03\/Baustelle_3-300x199.jpg 300w, https:\/\/es.heberger.co\/wp-content\/uploads\/2023\/03\/Baustelle_3-1024x681.jpg 1024w, https:\/\/es.heberger.co\/wp-content\/uploads\/2023\/03\/Baustelle_3-768x510.jpg 768w\" sizes=\"auto, (max-width: 1166px) 100vw, 1166px\" \/>\t\t\t\t\t\t\t\t\t\t\t<\/a>\n\t\t\t\t\t\t\t\t\t<\/div>\n\t\t\t<\/div>\n\t\t\t\t\t\t\t\t<div class=\"mkdf-ig-image mkdf-item-space \">\n\t\t\t\t<div class=\"mkdf-ig-image-inner\">\n\t\t\t\t\t\t\t\t\t\t\t<a itemprop=\"image\" class=\"mkdf-ig-lightbox\" href=\"https:\/\/es.heberger.co\/wp-content\/uploads\/2023\/03\/170330_413_Heberger-Mitarbeiter-2-scaled.jpg\" data-rel=\"prettyPhoto[image_gallery_pretty_photo-37]\" title=\"170330_413_Heberger-Mitarbeiter-2\">\n\t\t\t\t\t\t\t\t\t\t\t<img loading=\"lazy\" decoding=\"async\" width=\"2560\" height=\"1707\" src=\"https:\/\/es.heberger.co\/wp-content\/uploads\/2023\/03\/170330_413_Heberger-Mitarbeiter-2-scaled.jpg\" class=\"attachment-full size-full\" alt=\"Villenbau Mallorca\" srcset=\"https:\/\/es.heberger.co\/wp-content\/uploads\/2023\/03\/170330_413_Heberger-Mitarbeiter-2-scaled.jpg 2560w, https:\/\/es.heberger.co\/wp-content\/uploads\/2023\/03\/170330_413_Heberger-Mitarbeiter-2-300x200.jpg 300w, https:\/\/es.heberger.co\/wp-content\/uploads\/2023\/03\/170330_413_Heberger-Mitarbeiter-2-1024x683.jpg 1024w, https:\/\/es.heberger.co\/wp-content\/uploads\/2023\/03\/170330_413_Heberger-Mitarbeiter-2-768x512.jpg 768w, https:\/\/es.heberger.co\/wp-content\/uploads\/2023\/03\/170330_413_Heberger-Mitarbeiter-2-1536x1024.jpg 1536w\" sizes=\"auto, (max-width: 2560px) 100vw, 2560px\" \/>\t\t\t\t\t\t\t\t\t\t\t<\/a>\n\t\t\t\t\t\t\t\t\t<\/div>\n\t\t\t<\/div>\n\t\t\t<\/div>\n<\/div>[\/vc_column][\/vc_row]<\/p>\n<\/div>","protected":false},"excerpt":{"rendered":"<p>[vc_row row_content_width=\u00bbgrid\u00bb row_btt_skin=\u00bblight\u00bb row_background_text_position=\u00bbfront\u00bb row_skin=\u00bbdark\u00bb css=\u00bb.vc_custom_1679572992812{margin-top: 120px !important;margin-bottom: 120px !important;}\u00bb][vc_column width=\u00bb1\/2&#8243; offset=\u00bbvc_col-lg-offset-0 vc_col-lg-6 vc_col-md-offset-0 vc_col-md-12 vc_col-sm-offset-0&#8243;][vc_column_text] El Progreso mediante el desarrollo [\/vc_column_text][vc_empty_space height=\u00bb18&#8243;][vc_column_text]Unos buenos empleados determinan nuestro \u00e9xito. Mediante la confianza, el aprecio mutuo, la formaci\u00f3n continua y unas condiciones [&hellip;]<\/p>\n","protected":false},"author":1,"featured_media":0,"parent":9283,"menu_order":0,"comment_status":"closed","ping_status":"closed","template":"full-width.php","meta":{"footnotes":""},"class_list":["post-9294","page","type-page","status-publish","hentry"],"yoast_head":"<!-- This site is optimized with the Yoast SEO plugin v26.2 - https:\/\/yoast.com\/wordpress\/plugins\/seo\/ -->\n<title>HEBERGER Espa\u00f1ola S.A. - Nuestro equipo<\/title>\n<meta name=\"description\" content=\"A trav\u00e9s del desarrollo hacia el progreso. Los buenos empleados deciden sobre nuestro \u00e9xito. A trav\u00e9s de la confianza, el respeto mutuo, la formaci\u00f3n continua y las condiciones laborales atractivas, creamos las condiciones previas para empleados satisfechos.\" \/>\n<meta name=\"robots\" content=\"noindex, follow, max-snippet:-1, max-image-preview:large, max-video-preview:-1\" \/>\n<meta property=\"og:locale\" content=\"es_ES\" \/>\n<meta property=\"og:type\" content=\"article\" \/>\n<meta property=\"og:title\" content=\"HEBERGER Espa\u00f1ola S.A. - Nuestro equipo\" \/>\n<meta property=\"og:description\" content=\"A trav\u00e9s del desarrollo hacia el progreso. Los buenos empleados deciden sobre nuestro \u00e9xito. A trav\u00e9s de la confianza, el respeto mutuo, la formaci\u00f3n continua y las condiciones laborales atractivas, creamos las condiciones previas para empleados satisfechos.\" \/>\n<meta property=\"og:url\" content=\"https:\/\/es.heberger.co\/es\/quienes-somos\/nuestro-equipo\/\" \/>\n<meta property=\"og:site_name\" content=\"HEBERGER Espa\u00f1ola S.A.\" \/>\n<meta property=\"article:publisher\" content=\"https:\/\/www.facebook.com\/hebergerbau\" \/>\n<meta property=\"article:modified_time\" content=\"2025-10-28T10:48:40+00:00\" \/>\n<meta name=\"twitter:card\" content=\"summary_large_image\" \/>\n<meta name=\"twitter:label1\" content=\"Tiempo de lectura\" \/>\n\t<meta name=\"twitter:data1\" content=\"1 minuto\" \/>\n<script type=\"application\/ld+json\" class=\"yoast-schema-graph\">{\"@context\":\"https:\/\/schema.org\",\"@graph\":[{\"@type\":\"WebPage\",\"@id\":\"https:\/\/es.heberger.co\/es\/quienes-somos\/nuestro-equipo\/\",\"url\":\"https:\/\/es.heberger.co\/es\/quienes-somos\/nuestro-equipo\/\",\"name\":\"HEBERGER Espa\u00f1ola S.A. - Nuestro equipo\",\"isPartOf\":{\"@id\":\"https:\/\/es.heberger.co\/es\/#website\"},\"datePublished\":\"2023-03-23T12:15:36+00:00\",\"dateModified\":\"2025-10-28T10:48:40+00:00\",\"description\":\"A trav\u00e9s del desarrollo hacia el progreso. Los buenos empleados deciden sobre nuestro \u00e9xito. A trav\u00e9s de la confianza, el respeto mutuo, la formaci\u00f3n continua y las condiciones laborales atractivas, creamos las condiciones previas para empleados satisfechos.\",\"breadcrumb\":{\"@id\":\"https:\/\/es.heberger.co\/es\/quienes-somos\/nuestro-equipo\/#breadcrumb\"},\"inLanguage\":\"es\",\"potentialAction\":[{\"@type\":\"ReadAction\",\"target\":[\"https:\/\/es.heberger.co\/es\/quienes-somos\/nuestro-equipo\/\"]}]},{\"@type\":\"BreadcrumbList\",\"@id\":\"https:\/\/es.heberger.co\/es\/quienes-somos\/nuestro-equipo\/#breadcrumb\",\"itemListElement\":[{\"@type\":\"ListItem\",\"position\":1,\"name\":\"Startseite\",\"item\":\"https:\/\/es.heberger.co\/es\/\"},{\"@type\":\"ListItem\",\"position\":2,\"name\":\"Qui\u00e9nes somos\",\"item\":\"https:\/\/es.heberger.co\/es\/quienes-somos\/\"},{\"@type\":\"ListItem\",\"position\":3,\"name\":\"Nuestro equipo\"}]},{\"@type\":\"WebSite\",\"@id\":\"https:\/\/es.heberger.co\/es\/#website\",\"url\":\"https:\/\/es.heberger.co\/es\/\",\"name\":\"HEBERGER Espa\u00f1ola S.A.\",\"description\":\"Planificamos y fabricamos villas y fincas de alta calidad en Mallorca\",\"publisher\":{\"@id\":\"https:\/\/es.heberger.co\/es\/#organization\"},\"potentialAction\":[{\"@type\":\"SearchAction\",\"target\":{\"@type\":\"EntryPoint\",\"urlTemplate\":\"https:\/\/es.heberger.co\/es\/?s={search_term_string}\"},\"query-input\":{\"@type\":\"PropertyValueSpecification\",\"valueRequired\":true,\"valueName\":\"search_term_string\"}}],\"inLanguage\":\"es\"},{\"@type\":\"Organization\",\"@id\":\"https:\/\/es.heberger.co\/es\/#organization\",\"name\":\"HEBERGER Espa\u00f1ola S.A.\",\"url\":\"https:\/\/es.heberger.co\/es\/\",\"logo\":{\"@type\":\"ImageObject\",\"inLanguage\":\"es\",\"@id\":\"https:\/\/es.heberger.co\/es\/#\/schema\/logo\/image\/\",\"url\":\"https:\/\/es.heberger.co\/wp-content\/uploads\/2023\/03\/heberger_espanola.png\",\"contentUrl\":\"https:\/\/es.heberger.co\/wp-content\/uploads\/2023\/03\/heberger_espanola.png\",\"width\":412,\"height\":31,\"caption\":\"HEBERGER Espa\u00f1ola S.A.\"},\"image\":{\"@id\":\"https:\/\/es.heberger.co\/es\/#\/schema\/logo\/image\/\"},\"sameAs\":[\"https:\/\/www.facebook.com\/hebergerbau\"]}]}<\/script>\n<!-- \/ Yoast SEO plugin. -->","yoast_head_json":{"title":"HEBERGER Espa\u00f1ola S.A. - Nuestro equipo","description":"A trav\u00e9s del desarrollo hacia el progreso. Los buenos empleados deciden sobre nuestro \u00e9xito. A trav\u00e9s de la confianza, el respeto mutuo, la formaci\u00f3n continua y las condiciones laborales atractivas, creamos las condiciones previas para empleados satisfechos.","robots":{"index":"noindex","follow":"follow","max-snippet":"max-snippet:-1","max-image-preview":"max-image-preview:large","max-video-preview":"max-video-preview:-1"},"og_locale":"es_ES","og_type":"article","og_title":"HEBERGER Espa\u00f1ola S.A. - Nuestro equipo","og_description":"A trav\u00e9s del desarrollo hacia el progreso. Los buenos empleados deciden sobre nuestro \u00e9xito. A trav\u00e9s de la confianza, el respeto mutuo, la formaci\u00f3n continua y las condiciones laborales atractivas, creamos las condiciones previas para empleados satisfechos.","og_url":"https:\/\/es.heberger.co\/es\/quienes-somos\/nuestro-equipo\/","og_site_name":"HEBERGER Espa\u00f1ola S.A.","article_publisher":"https:\/\/www.facebook.com\/hebergerbau","article_modified_time":"2025-10-28T10:48:40+00:00","twitter_card":"summary_large_image","twitter_misc":{"Tiempo de lectura":"1 minuto"},"schema":{"@context":"https:\/\/schema.org","@graph":[{"@type":"WebPage","@id":"https:\/\/es.heberger.co\/es\/quienes-somos\/nuestro-equipo\/","url":"https:\/\/es.heberger.co\/es\/quienes-somos\/nuestro-equipo\/","name":"HEBERGER Espa\u00f1ola S.A. - Nuestro equipo","isPartOf":{"@id":"https:\/\/es.heberger.co\/es\/#website"},"datePublished":"2023-03-23T12:15:36+00:00","dateModified":"2025-10-28T10:48:40+00:00","description":"A trav\u00e9s del desarrollo hacia el progreso. Los buenos empleados deciden sobre nuestro \u00e9xito. A trav\u00e9s de la confianza, el respeto mutuo, la formaci\u00f3n continua y las condiciones laborales atractivas, creamos las condiciones previas para empleados satisfechos.","breadcrumb":{"@id":"https:\/\/es.heberger.co\/es\/quienes-somos\/nuestro-equipo\/#breadcrumb"},"inLanguage":"es","potentialAction":[{"@type":"ReadAction","target":["https:\/\/es.heberger.co\/es\/quienes-somos\/nuestro-equipo\/"]}]},{"@type":"BreadcrumbList","@id":"https:\/\/es.heberger.co\/es\/quienes-somos\/nuestro-equipo\/#breadcrumb","itemListElement":[{"@type":"ListItem","position":1,"name":"Startseite","item":"https:\/\/es.heberger.co\/es\/"},{"@type":"ListItem","position":2,"name":"Qui\u00e9nes somos","item":"https:\/\/es.heberger.co\/es\/quienes-somos\/"},{"@type":"ListItem","position":3,"name":"Nuestro equipo"}]},{"@type":"WebSite","@id":"https:\/\/es.heberger.co\/es\/#website","url":"https:\/\/es.heberger.co\/es\/","name":"HEBERGER Espa\u00f1ola S.A.","description":"Planificamos y fabricamos villas y fincas de alta calidad en Mallorca","publisher":{"@id":"https:\/\/es.heberger.co\/es\/#organization"},"potentialAction":[{"@type":"SearchAction","target":{"@type":"EntryPoint","urlTemplate":"https:\/\/es.heberger.co\/es\/?s={search_term_string}"},"query-input":{"@type":"PropertyValueSpecification","valueRequired":true,"valueName":"search_term_string"}}],"inLanguage":"es"},{"@type":"Organization","@id":"https:\/\/es.heberger.co\/es\/#organization","name":"HEBERGER Espa\u00f1ola S.A.","url":"https:\/\/es.heberger.co\/es\/","logo":{"@type":"ImageObject","inLanguage":"es","@id":"https:\/\/es.heberger.co\/es\/#\/schema\/logo\/image\/","url":"https:\/\/es.heberger.co\/wp-content\/uploads\/2023\/03\/heberger_espanola.png","contentUrl":"https:\/\/es.heberger.co\/wp-content\/uploads\/2023\/03\/heberger_espanola.png","width":412,"height":31,"caption":"HEBERGER Espa\u00f1ola S.A."},"image":{"@id":"https:\/\/es.heberger.co\/es\/#\/schema\/logo\/image\/"},"sameAs":["https:\/\/www.facebook.com\/hebergerbau"]}]}},"_links":{"self":[{"href":"https:\/\/es.heberger.co\/es\/wp-json\/wp\/v2\/pages\/9294","targetHints":{"allow":["GET"]}}],"collection":[{"href":"https:\/\/es.heberger.co\/es\/wp-json\/wp\/v2\/pages"}],"about":[{"href":"https:\/\/es.heberger.co\/es\/wp-json\/wp\/v2\/types\/page"}],"author":[{"embeddable":true,"href":"https:\/\/es.heberger.co\/es\/wp-json\/wp\/v2\/users\/1"}],"replies":[{"embeddable":true,"href":"https:\/\/es.heberger.co\/es\/wp-json\/wp\/v2\/comments?post=9294"}],"version-history":[{"count":3,"href":"https:\/\/es.heberger.co\/es\/wp-json\/wp\/v2\/pages\/9294\/revisions"}],"predecessor-version":[{"id":9409,"href":"https:\/\/es.heberger.co\/es\/wp-json\/wp\/v2\/pages\/9294\/revisions\/9409"}],"up":[{"embeddable":true,"href":"https:\/\/es.heberger.co\/es\/wp-json\/wp\/v2\/pages\/9283"}],"wp:attachment":[{"href":"https:\/\/es.heberger.co\/es\/wp-json\/wp\/v2\/media?parent=9294"}],"curies":[{"name":"wp","href":"https:\/\/api.w.org\/{rel}","templated":true}]}}