{"id":9290,"date":"2023-03-23T16:02:11","date_gmt":"2023-03-23T15:02:11","guid":{"rendered":"https:\/\/es.heberger.co\/ueberuns\/unser-netzwerk\/"},"modified":"2025-10-28T11:48:35","modified_gmt":"2025-10-28T10:48:35","slug":"nuestra-red","status":"publish","type":"page","link":"https:\/\/es.heberger.co\/es\/quienes-somos\/nuestra-red\/","title":{"rendered":"Nuestra red"},"content":{"rendered":"<div class=\"wpb-content-wrapper\"><p>[vc_row row_content_width=\u00bbgrid\u00bb row_btt_skin=\u00bblight\u00bb row_background_text_position=\u00bbfront\u00bb row_skin=\u00bbdark\u00bb css=\u00bb.vc_custom_1679572992812{margin-top: 120px !important;margin-bottom: 120px !important;}\u00bb][vc_column width=\u00bb1\/2&#8243; offset=\u00bbvc_col-lg-offset-0 vc_col-lg-6 vc_col-md-offset-0 vc_col-md-12 vc_col-sm-offset-0&#8243;][vc_column_text]<\/p>\n<h3>Una buena red proporciona seguridad<\/h3>\n<p>[\/vc_column_text][vc_empty_space height=\u00bb18&#8243;][vc_column_text]Nuestros trabajadores, ingenieros y arquitectos, en Granada y Palma de Mallorca forman la base. A ellos se suman asesores fiscales locales, notarios, abogados especializados en derecho de la construcci\u00f3n espa\u00f1ola, contactos con los responsables de la toma de decisiones en los municipios y comerciantes cualificados.<\/p>\n<p>Gracias a los contactos que hemos establecido durante mucho tiempo en Mallorca, en la Pen\u00ednsula y en los pa\u00edses europeos circundantes, a menudo se obtienen ventajas, entre otras cosas, en las \u00e1reas de selecci\u00f3n de materiales y tecnolog\u00eda, con las consiguientes ventajas de calidad y precio para nuestros clientes.<\/p>\n<p>Nuestra red se completa con la empresa matriz en Alemania, donde podemos contar con la experiencia y el apoyo de un grupo que existe desde hace m\u00e1s de 70 a\u00f1os y sus sucursales se extienden por todo el mundo (por ejemplo, Portugal y Abu Dhabi).[\/vc_column_text][\/vc_column][vc_column width=\u00bb1\/2&#8243; offset=\u00bbvc_col-lg-offset-0 vc_col-lg-6 vc_col-md-offset-0 vc_col-md-6 vc_col-sm-offset-0&#8243; css=\u00bb.vc_custom_1679583032369{margin-top: 100px !important;}\u00bb]<div class=\"mkdf-image-gallery mkdf-grid-list mkdf-grid-masonry-list mkdf-disable-bottom-space fillit mkdf-ig-masonry-type mkdf-two-columns mkdf-normal-space mkdf-has-shadow  \">\n\t<div class=\"mkdf-ig-inner mkdf-outer-space mkdf-masonry-list-wrapper\">\n\t\t<div class=\"mkdf-masonry-grid-sizer\"><\/div>\n\t\t<div class=\"mkdf-masonry-grid-gutter\"><\/div>\n\t\t\t\t\t\t\t\t<div class=\"mkdf-ig-image mkdf-item-space \">\n\t\t\t\t<div class=\"mkdf-ig-image-inner\">\n\t\t\t\t\t\t\t\t\t\t\t<img loading=\"lazy\" decoding=\"async\" width=\"1920\" height=\"1280\" src=\"https:\/\/es.heberger.co\/wp-content\/uploads\/2023\/03\/FT-001.jpg\" class=\"attachment-full size-full\" alt=\"Villenbau Mallorca\" srcset=\"https:\/\/es.heberger.co\/wp-content\/uploads\/2023\/03\/FT-001.jpg 1920w, https:\/\/es.heberger.co\/wp-content\/uploads\/2023\/03\/FT-001-300x200.jpg 300w, https:\/\/es.heberger.co\/wp-content\/uploads\/2023\/03\/FT-001-1024x683.jpg 1024w, https:\/\/es.heberger.co\/wp-content\/uploads\/2023\/03\/FT-001-768x512.jpg 768w, https:\/\/es.heberger.co\/wp-content\/uploads\/2023\/03\/FT-001-1536x1024.jpg 1536w\" sizes=\"auto, (max-width: 1920px) 100vw, 1920px\" \/>\t\t\t\t\t\t\t\t\t<\/div>\n\t\t\t<\/div>\n\t\t\t\t\t\t\t\t<div class=\"mkdf-ig-image mkdf-item-space \">\n\t\t\t\t<div class=\"mkdf-ig-image-inner\">\n\t\t\t\t\t\t\t\t\t\t\t<img loading=\"lazy\" decoding=\"async\" width=\"1920\" height=\"1282\" src=\"https:\/\/es.heberger.co\/wp-content\/uploads\/2023\/03\/FT-002.jpg\" class=\"attachment-full size-full\" alt=\"Villenbau Mallorca\" srcset=\"https:\/\/es.heberger.co\/wp-content\/uploads\/2023\/03\/FT-002.jpg 1920w, https:\/\/es.heberger.co\/wp-content\/uploads\/2023\/03\/FT-002-300x200.jpg 300w, https:\/\/es.heberger.co\/wp-content\/uploads\/2023\/03\/FT-002-1024x684.jpg 1024w, https:\/\/es.heberger.co\/wp-content\/uploads\/2023\/03\/FT-002-768x513.jpg 768w, https:\/\/es.heberger.co\/wp-content\/uploads\/2023\/03\/FT-002-1536x1026.jpg 1536w\" sizes=\"auto, (max-width: 1920px) 100vw, 1920px\" \/>\t\t\t\t\t\t\t\t\t<\/div>\n\t\t\t<\/div>\n\t\t\t\t\t\t\t\t<div class=\"mkdf-ig-image mkdf-item-space \">\n\t\t\t\t<div class=\"mkdf-ig-image-inner\">\n\t\t\t\t\t\t\t\t\t\t\t<img loading=\"lazy\" decoding=\"async\" width=\"1920\" height=\"1280\" src=\"https:\/\/es.heberger.co\/wp-content\/uploads\/2023\/03\/FT-003.jpg\" class=\"attachment-full size-full\" alt=\"Villenbau Mallorca\" srcset=\"https:\/\/es.heberger.co\/wp-content\/uploads\/2023\/03\/FT-003.jpg 1920w, https:\/\/es.heberger.co\/wp-content\/uploads\/2023\/03\/FT-003-300x200.jpg 300w, https:\/\/es.heberger.co\/wp-content\/uploads\/2023\/03\/FT-003-1024x683.jpg 1024w, https:\/\/es.heberger.co\/wp-content\/uploads\/2023\/03\/FT-003-768x512.jpg 768w, https:\/\/es.heberger.co\/wp-content\/uploads\/2023\/03\/FT-003-1536x1024.jpg 1536w\" sizes=\"auto, (max-width: 1920px) 100vw, 1920px\" \/>\t\t\t\t\t\t\t\t\t<\/div>\n\t\t\t<\/div>\n\t\t\t\t\t\t\t\t<div class=\"mkdf-ig-image mkdf-item-space \">\n\t\t\t\t<div class=\"mkdf-ig-image-inner\">\n\t\t\t\t\t\t\t\t\t\t\t<img loading=\"lazy\" decoding=\"async\" width=\"1920\" height=\"1281\" src=\"https:\/\/es.heberger.co\/wp-content\/uploads\/2023\/03\/FT-004.jpg\" class=\"attachment-full size-full\" alt=\"Villa Mallorca Au\u00dfenansicht\" srcset=\"https:\/\/es.heberger.co\/wp-content\/uploads\/2023\/03\/FT-004.jpg 1920w, https:\/\/es.heberger.co\/wp-content\/uploads\/2023\/03\/FT-004-300x200.jpg 300w, https:\/\/es.heberger.co\/wp-content\/uploads\/2023\/03\/FT-004-1024x683.jpg 1024w, https:\/\/es.heberger.co\/wp-content\/uploads\/2023\/03\/FT-004-768x512.jpg 768w, https:\/\/es.heberger.co\/wp-content\/uploads\/2023\/03\/FT-004-1536x1025.jpg 1536w\" sizes=\"auto, (max-width: 1920px) 100vw, 1920px\" \/>\t\t\t\t\t\t\t\t\t<\/div>\n\t\t\t<\/div>\n\t\t\t<\/div>\n<\/div>[\/vc_column][\/vc_row]<\/p>\n<\/div>","protected":false},"excerpt":{"rendered":"<p>[vc_row row_content_width=\u00bbgrid\u00bb row_btt_skin=\u00bblight\u00bb row_background_text_position=\u00bbfront\u00bb row_skin=\u00bbdark\u00bb css=\u00bb.vc_custom_1679572992812{margin-top: 120px !important;margin-bottom: 120px !important;}\u00bb][vc_column width=\u00bb1\/2&#8243; offset=\u00bbvc_col-lg-offset-0 vc_col-lg-6 vc_col-md-offset-0 vc_col-md-12 vc_col-sm-offset-0&#8243;][vc_column_text] Una buena red proporciona seguridad [\/vc_column_text][vc_empty_space height=\u00bb18&#8243;][vc_column_text]Nuestros trabajadores, ingenieros y arquitectos, en Granada y Palma de Mallorca forman la base. A ellos se suman [&hellip;]<\/p>\n","protected":false},"author":1,"featured_media":0,"parent":9283,"menu_order":0,"comment_status":"closed","ping_status":"closed","template":"full-width.php","meta":{"footnotes":""},"class_list":["post-9290","page","type-page","status-publish","hentry"],"yoast_head":"<!-- This site is optimized with the Yoast SEO plugin v26.2 - https:\/\/yoast.com\/wordpress\/plugins\/seo\/ -->\n<title>HEBERGER Espa\u00f1ola S.A. - Nuestra red<\/title>\n<meta name=\"description\" content=\"Una buena red brinda seguridad. Nuestros ingenieros, arquitectos y empleados en Granada y Palma de Mallorca son la base.\" \/>\n<meta name=\"robots\" content=\"noindex, follow, max-snippet:-1, max-image-preview:large, max-video-preview:-1\" \/>\n<meta property=\"og:locale\" content=\"es_ES\" \/>\n<meta property=\"og:type\" content=\"article\" \/>\n<meta property=\"og:title\" content=\"HEBERGER Espa\u00f1ola S.A. - Nuestra red\" \/>\n<meta property=\"og:description\" content=\"Una buena red brinda seguridad. Nuestros ingenieros, arquitectos y empleados en Granada y Palma de Mallorca son la base.\" \/>\n<meta property=\"og:url\" content=\"https:\/\/es.heberger.co\/es\/quienes-somos\/nuestra-red\/\" \/>\n<meta property=\"og:site_name\" content=\"HEBERGER Espa\u00f1ola S.A.\" \/>\n<meta property=\"article:publisher\" content=\"https:\/\/www.facebook.com\/hebergerbau\" \/>\n<meta property=\"article:modified_time\" content=\"2025-10-28T10:48:35+00:00\" \/>\n<meta name=\"twitter:card\" content=\"summary_large_image\" \/>\n<meta name=\"twitter:label1\" content=\"Tiempo de lectura\" \/>\n\t<meta name=\"twitter:data1\" content=\"1 minuto\" \/>\n<script type=\"application\/ld+json\" class=\"yoast-schema-graph\">{\"@context\":\"https:\/\/schema.org\",\"@graph\":[{\"@type\":\"WebPage\",\"@id\":\"https:\/\/es.heberger.co\/es\/quienes-somos\/nuestra-red\/\",\"url\":\"https:\/\/es.heberger.co\/es\/quienes-somos\/nuestra-red\/\",\"name\":\"HEBERGER Espa\u00f1ola S.A. - Nuestra red\",\"isPartOf\":{\"@id\":\"https:\/\/es.heberger.co\/es\/#website\"},\"datePublished\":\"2023-03-23T15:02:11+00:00\",\"dateModified\":\"2025-10-28T10:48:35+00:00\",\"description\":\"Una buena red brinda seguridad. Nuestros ingenieros, arquitectos y empleados en Granada y Palma de Mallorca son la base.\",\"breadcrumb\":{\"@id\":\"https:\/\/es.heberger.co\/es\/quienes-somos\/nuestra-red\/#breadcrumb\"},\"inLanguage\":\"es\",\"potentialAction\":[{\"@type\":\"ReadAction\",\"target\":[\"https:\/\/es.heberger.co\/es\/quienes-somos\/nuestra-red\/\"]}]},{\"@type\":\"BreadcrumbList\",\"@id\":\"https:\/\/es.heberger.co\/es\/quienes-somos\/nuestra-red\/#breadcrumb\",\"itemListElement\":[{\"@type\":\"ListItem\",\"position\":1,\"name\":\"Startseite\",\"item\":\"https:\/\/es.heberger.co\/es\/\"},{\"@type\":\"ListItem\",\"position\":2,\"name\":\"Qui\u00e9nes somos\",\"item\":\"https:\/\/es.heberger.co\/es\/quienes-somos\/\"},{\"@type\":\"ListItem\",\"position\":3,\"name\":\"Nuestra red\"}]},{\"@type\":\"WebSite\",\"@id\":\"https:\/\/es.heberger.co\/es\/#website\",\"url\":\"https:\/\/es.heberger.co\/es\/\",\"name\":\"HEBERGER Espa\u00f1ola S.A.\",\"description\":\"Planificamos y fabricamos villas y fincas de alta calidad en Mallorca\",\"publisher\":{\"@id\":\"https:\/\/es.heberger.co\/es\/#organization\"},\"potentialAction\":[{\"@type\":\"SearchAction\",\"target\":{\"@type\":\"EntryPoint\",\"urlTemplate\":\"https:\/\/es.heberger.co\/es\/?s={search_term_string}\"},\"query-input\":{\"@type\":\"PropertyValueSpecification\",\"valueRequired\":true,\"valueName\":\"search_term_string\"}}],\"inLanguage\":\"es\"},{\"@type\":\"Organization\",\"@id\":\"https:\/\/es.heberger.co\/es\/#organization\",\"name\":\"HEBERGER Espa\u00f1ola S.A.\",\"url\":\"https:\/\/es.heberger.co\/es\/\",\"logo\":{\"@type\":\"ImageObject\",\"inLanguage\":\"es\",\"@id\":\"https:\/\/es.heberger.co\/es\/#\/schema\/logo\/image\/\",\"url\":\"https:\/\/es.heberger.co\/wp-content\/uploads\/2023\/03\/heberger_espanola.png\",\"contentUrl\":\"https:\/\/es.heberger.co\/wp-content\/uploads\/2023\/03\/heberger_espanola.png\",\"width\":412,\"height\":31,\"caption\":\"HEBERGER Espa\u00f1ola S.A.\"},\"image\":{\"@id\":\"https:\/\/es.heberger.co\/es\/#\/schema\/logo\/image\/\"},\"sameAs\":[\"https:\/\/www.facebook.com\/hebergerbau\"]}]}<\/script>\n<!-- \/ Yoast SEO plugin. -->","yoast_head_json":{"title":"HEBERGER Espa\u00f1ola S.A. - Nuestra red","description":"Una buena red brinda seguridad. Nuestros ingenieros, arquitectos y empleados en Granada y Palma de Mallorca son la base.","robots":{"index":"noindex","follow":"follow","max-snippet":"max-snippet:-1","max-image-preview":"max-image-preview:large","max-video-preview":"max-video-preview:-1"},"og_locale":"es_ES","og_type":"article","og_title":"HEBERGER Espa\u00f1ola S.A. - Nuestra red","og_description":"Una buena red brinda seguridad. Nuestros ingenieros, arquitectos y empleados en Granada y Palma de Mallorca son la base.","og_url":"https:\/\/es.heberger.co\/es\/quienes-somos\/nuestra-red\/","og_site_name":"HEBERGER Espa\u00f1ola S.A.","article_publisher":"https:\/\/www.facebook.com\/hebergerbau","article_modified_time":"2025-10-28T10:48:35+00:00","twitter_card":"summary_large_image","twitter_misc":{"Tiempo de lectura":"1 minuto"},"schema":{"@context":"https:\/\/schema.org","@graph":[{"@type":"WebPage","@id":"https:\/\/es.heberger.co\/es\/quienes-somos\/nuestra-red\/","url":"https:\/\/es.heberger.co\/es\/quienes-somos\/nuestra-red\/","name":"HEBERGER Espa\u00f1ola S.A. - Nuestra red","isPartOf":{"@id":"https:\/\/es.heberger.co\/es\/#website"},"datePublished":"2023-03-23T15:02:11+00:00","dateModified":"2025-10-28T10:48:35+00:00","description":"Una buena red brinda seguridad. Nuestros ingenieros, arquitectos y empleados en Granada y Palma de Mallorca son la base.","breadcrumb":{"@id":"https:\/\/es.heberger.co\/es\/quienes-somos\/nuestra-red\/#breadcrumb"},"inLanguage":"es","potentialAction":[{"@type":"ReadAction","target":["https:\/\/es.heberger.co\/es\/quienes-somos\/nuestra-red\/"]}]},{"@type":"BreadcrumbList","@id":"https:\/\/es.heberger.co\/es\/quienes-somos\/nuestra-red\/#breadcrumb","itemListElement":[{"@type":"ListItem","position":1,"name":"Startseite","item":"https:\/\/es.heberger.co\/es\/"},{"@type":"ListItem","position":2,"name":"Qui\u00e9nes somos","item":"https:\/\/es.heberger.co\/es\/quienes-somos\/"},{"@type":"ListItem","position":3,"name":"Nuestra red"}]},{"@type":"WebSite","@id":"https:\/\/es.heberger.co\/es\/#website","url":"https:\/\/es.heberger.co\/es\/","name":"HEBERGER Espa\u00f1ola S.A.","description":"Planificamos y fabricamos villas y fincas de alta calidad en Mallorca","publisher":{"@id":"https:\/\/es.heberger.co\/es\/#organization"},"potentialAction":[{"@type":"SearchAction","target":{"@type":"EntryPoint","urlTemplate":"https:\/\/es.heberger.co\/es\/?s={search_term_string}"},"query-input":{"@type":"PropertyValueSpecification","valueRequired":true,"valueName":"search_term_string"}}],"inLanguage":"es"},{"@type":"Organization","@id":"https:\/\/es.heberger.co\/es\/#organization","name":"HEBERGER Espa\u00f1ola S.A.","url":"https:\/\/es.heberger.co\/es\/","logo":{"@type":"ImageObject","inLanguage":"es","@id":"https:\/\/es.heberger.co\/es\/#\/schema\/logo\/image\/","url":"https:\/\/es.heberger.co\/wp-content\/uploads\/2023\/03\/heberger_espanola.png","contentUrl":"https:\/\/es.heberger.co\/wp-content\/uploads\/2023\/03\/heberger_espanola.png","width":412,"height":31,"caption":"HEBERGER Espa\u00f1ola S.A."},"image":{"@id":"https:\/\/es.heberger.co\/es\/#\/schema\/logo\/image\/"},"sameAs":["https:\/\/www.facebook.com\/hebergerbau"]}]}},"_links":{"self":[{"href":"https:\/\/es.heberger.co\/es\/wp-json\/wp\/v2\/pages\/9290","targetHints":{"allow":["GET"]}}],"collection":[{"href":"https:\/\/es.heberger.co\/es\/wp-json\/wp\/v2\/pages"}],"about":[{"href":"https:\/\/es.heberger.co\/es\/wp-json\/wp\/v2\/types\/page"}],"author":[{"embeddable":true,"href":"https:\/\/es.heberger.co\/es\/wp-json\/wp\/v2\/users\/1"}],"replies":[{"embeddable":true,"href":"https:\/\/es.heberger.co\/es\/wp-json\/wp\/v2\/comments?post=9290"}],"version-history":[{"count":3,"href":"https:\/\/es.heberger.co\/es\/wp-json\/wp\/v2\/pages\/9290\/revisions"}],"predecessor-version":[{"id":9411,"href":"https:\/\/es.heberger.co\/es\/wp-json\/wp\/v2\/pages\/9290\/revisions\/9411"}],"up":[{"embeddable":true,"href":"https:\/\/es.heberger.co\/es\/wp-json\/wp\/v2\/pages\/9283"}],"wp:attachment":[{"href":"https:\/\/es.heberger.co\/es\/wp-json\/wp\/v2\/media?parent=9290"}],"curies":[{"name":"wp","href":"https:\/\/api.w.org\/{rel}","templated":true}]}}