{"id":9286,"date":"2023-03-23T16:05:05","date_gmt":"2023-03-23T15:05:05","guid":{"rendered":"https:\/\/es.heberger.co\/ueberuns\/unser-qualitaetsanspruch\/"},"modified":"2025-10-28T11:48:31","modified_gmt":"2025-10-28T10:48:31","slug":"nuestro-estandar-de-calidad","status":"publish","type":"page","link":"https:\/\/es.heberger.co\/es\/quienes-somos\/nuestro-estandar-de-calidad\/","title":{"rendered":"Nuestro est\u00e1ndar de calidad"},"content":{"rendered":"<div class=\"wpb-content-wrapper\"><p>[vc_row row_content_width=\u00bbgrid\u00bb row_btt_skin=\u00bblight\u00bb row_background_text_position=\u00bbfront\u00bb row_skin=\u00bbdark\u00bb css=\u00bb.vc_custom_1679572992812{margin-top: 120px !important;margin-bottom: 120px !important;}\u00bb][vc_column width=\u00bb1\/2&#8243; offset=\u00bbvc_col-lg-offset-0 vc_col-lg-6 vc_col-md-offset-0 vc_col-md-12 vc_col-sm-offset-0&#8243;][vc_column_text]<\/p>\n<h3>Calidad de construcci\u00f3n alemana adaptada para las condiciones espa\u00f1olas<\/h3>\n<p>[\/vc_column_text][vc_empty_space height=\u00bb18&#8243;][vc_column_text]Nuestra gama de servicios incluye un amplio cat\u00e1logo de prestaciones. Planificamos, realizamos, construimos, ampliamos y renovamos el proyecto de sus sue\u00f1os y le ofrecemos soluciones a medida y econ\u00f3micamente sostenibles basadas en nuestro alto nivel de experiencia en consultor\u00eda.<\/p>\n<p>Nos basamos principalmente en m\u00e9todos de construcci\u00f3n y tecnolog\u00eda alemanes de alta calidad adaptados a las condiciones y normativas espa\u00f1olas. En combinaci\u00f3n con nuestros elevados est\u00e1ndares de calidad, conseguimos diferenciarnos de otras empresas constructoras de la zona.[\/vc_column_text][\/vc_column][vc_column width=\u00bb1\/2&#8243; offset=\u00bbvc_col-lg-offset-0 vc_col-lg-6 vc_col-md-offset-0 vc_col-md-6 vc_col-sm-offset-0&#8243; css=\u00bb.vc_custom_1679583032369{margin-top: 100px !important;}\u00bb]<div class=\"mkdf-image-gallery mkdf-grid-list mkdf-grid-masonry-list mkdf-disable-bottom-space fillit mkdf-ig-masonry-type mkdf-two-columns mkdf-normal-space mkdf-has-shadow  \">\n\t<div class=\"mkdf-ig-inner mkdf-outer-space mkdf-masonry-list-wrapper\">\n\t\t<div class=\"mkdf-masonry-grid-sizer\"><\/div>\n\t\t<div class=\"mkdf-masonry-grid-gutter\"><\/div>\n\t\t\t\t\t\t\t\t<div class=\"mkdf-ig-image mkdf-item-space \">\n\t\t\t\t<div class=\"mkdf-ig-image-inner\">\n\t\t\t\t\t\t\t\t\t\t\t<img loading=\"lazy\" decoding=\"async\" width=\"2221\" height=\"1666\" src=\"https:\/\/es.heberger.co\/wp-content\/uploads\/2023\/03\/Fotolia_132350460_L.jpg\" class=\"attachment-full size-full\" alt=\"Villa Mallorca Pool\" srcset=\"https:\/\/es.heberger.co\/wp-content\/uploads\/2023\/03\/Fotolia_132350460_L.jpg 2221w, https:\/\/es.heberger.co\/wp-content\/uploads\/2023\/03\/Fotolia_132350460_L-300x225.jpg 300w, https:\/\/es.heberger.co\/wp-content\/uploads\/2023\/03\/Fotolia_132350460_L-1024x768.jpg 1024w, https:\/\/es.heberger.co\/wp-content\/uploads\/2023\/03\/Fotolia_132350460_L-768x576.jpg 768w, https:\/\/es.heberger.co\/wp-content\/uploads\/2023\/03\/Fotolia_132350460_L-1536x1152.jpg 1536w\" sizes=\"auto, (max-width: 2221px) 100vw, 2221px\" \/>\t\t\t\t\t\t\t\t\t<\/div>\n\t\t\t<\/div>\n\t\t\t\t\t\t\t\t<div class=\"mkdf-ig-image mkdf-item-space \">\n\t\t\t\t<div class=\"mkdf-ig-image-inner\">\n\t\t\t\t\t\t\t\t\t\t\t<img loading=\"lazy\" decoding=\"async\" width=\"2234\" height=\"1656\" src=\"https:\/\/es.heberger.co\/wp-content\/uploads\/2023\/03\/Fotolia_158542530_L.jpg\" class=\"attachment-full size-full\" alt=\"Villa Mallorca Pool\" srcset=\"https:\/\/es.heberger.co\/wp-content\/uploads\/2023\/03\/Fotolia_158542530_L.jpg 2234w, https:\/\/es.heberger.co\/wp-content\/uploads\/2023\/03\/Fotolia_158542530_L-300x222.jpg 300w, https:\/\/es.heberger.co\/wp-content\/uploads\/2023\/03\/Fotolia_158542530_L-1024x759.jpg 1024w, https:\/\/es.heberger.co\/wp-content\/uploads\/2023\/03\/Fotolia_158542530_L-768x569.jpg 768w, https:\/\/es.heberger.co\/wp-content\/uploads\/2023\/03\/Fotolia_158542530_L-1536x1139.jpg 1536w\" sizes=\"auto, (max-width: 2234px) 100vw, 2234px\" \/>\t\t\t\t\t\t\t\t\t<\/div>\n\t\t\t<\/div>\n\t\t\t\t\t\t\t\t<div class=\"mkdf-ig-image mkdf-item-space \">\n\t\t\t\t<div class=\"mkdf-ig-image-inner\">\n\t\t\t\t\t\t\t\t\t\t\t<img loading=\"lazy\" decoding=\"async\" width=\"1920\" height=\"1280\" src=\"https:\/\/es.heberger.co\/wp-content\/uploads\/2023\/03\/FT-005.jpg\" class=\"attachment-full size-full\" alt=\"Villa Mallorca Au\u00dfenansicht\" srcset=\"https:\/\/es.heberger.co\/wp-content\/uploads\/2023\/03\/FT-005.jpg 1920w, https:\/\/es.heberger.co\/wp-content\/uploads\/2023\/03\/FT-005-300x200.jpg 300w, https:\/\/es.heberger.co\/wp-content\/uploads\/2023\/03\/FT-005-1024x683.jpg 1024w, https:\/\/es.heberger.co\/wp-content\/uploads\/2023\/03\/FT-005-768x512.jpg 768w, https:\/\/es.heberger.co\/wp-content\/uploads\/2023\/03\/FT-005-1536x1024.jpg 1536w\" sizes=\"auto, (max-width: 1920px) 100vw, 1920px\" \/>\t\t\t\t\t\t\t\t\t<\/div>\n\t\t\t<\/div>\n\t\t\t\t\t\t\t\t<div class=\"mkdf-ig-image mkdf-item-space \">\n\t\t\t\t<div class=\"mkdf-ig-image-inner\">\n\t\t\t\t\t\t\t\t\t\t\t<img loading=\"lazy\" decoding=\"async\" width=\"1166\" height=\"775\" src=\"https:\/\/es.heberger.co\/wp-content\/uploads\/2023\/03\/Inhalt-mallorca_7.jpg\" class=\"attachment-full size-full\" alt=\"Villa Mallorca Au\u00dfenansicht\" srcset=\"https:\/\/es.heberger.co\/wp-content\/uploads\/2023\/03\/Inhalt-mallorca_7.jpg 1166w, https:\/\/es.heberger.co\/wp-content\/uploads\/2023\/03\/Inhalt-mallorca_7-300x199.jpg 300w, https:\/\/es.heberger.co\/wp-content\/uploads\/2023\/03\/Inhalt-mallorca_7-1024x681.jpg 1024w, https:\/\/es.heberger.co\/wp-content\/uploads\/2023\/03\/Inhalt-mallorca_7-768x510.jpg 768w\" sizes=\"auto, (max-width: 1166px) 100vw, 1166px\" \/>\t\t\t\t\t\t\t\t\t<\/div>\n\t\t\t<\/div>\n\t\t\t<\/div>\n<\/div>[\/vc_column][\/vc_row]<\/p>\n<\/div>","protected":false},"excerpt":{"rendered":"<p>[vc_row row_content_width=\u00bbgrid\u00bb row_btt_skin=\u00bblight\u00bb row_background_text_position=\u00bbfront\u00bb row_skin=\u00bbdark\u00bb css=\u00bb.vc_custom_1679572992812{margin-top: 120px !important;margin-bottom: 120px !important;}\u00bb][vc_column width=\u00bb1\/2&#8243; offset=\u00bbvc_col-lg-offset-0 vc_col-lg-6 vc_col-md-offset-0 vc_col-md-12 vc_col-sm-offset-0&#8243;][vc_column_text] Calidad de construcci\u00f3n alemana adaptada para las condiciones espa\u00f1olas [\/vc_column_text][vc_empty_space height=\u00bb18&#8243;][vc_column_text]Nuestra gama de servicios incluye un amplio cat\u00e1logo de prestaciones. Planificamos, realizamos, construimos, ampliamos [&hellip;]<\/p>\n","protected":false},"author":1,"featured_media":0,"parent":9283,"menu_order":0,"comment_status":"closed","ping_status":"closed","template":"full-width.php","meta":{"footnotes":""},"class_list":["post-9286","page","type-page","status-publish","hentry"],"yoast_head":"<!-- This site is optimized with the Yoast SEO plugin v26.2 - https:\/\/yoast.com\/wordpress\/plugins\/seo\/ -->\n<title>HEBERGER Espa\u00f1ola S.A. - Nuestro est\u00e1ndar de calidad<\/title>\n<meta name=\"description\" content=\"Calidad de construcci\u00f3n alemana adaptada a las condiciones espa\u00f1olas. Nuestra gama de servicios abarca un amplio espectro.\" \/>\n<meta name=\"robots\" content=\"noindex, follow, max-snippet:-1, max-image-preview:large, max-video-preview:-1\" \/>\n<meta property=\"og:locale\" content=\"es_ES\" \/>\n<meta property=\"og:type\" content=\"article\" \/>\n<meta property=\"og:title\" content=\"HEBERGER Espa\u00f1ola S.A. - Nuestro est\u00e1ndar de calidad\" \/>\n<meta property=\"og:description\" content=\"Calidad de construcci\u00f3n alemana adaptada a las condiciones espa\u00f1olas. Nuestra gama de servicios abarca un amplio espectro.\" \/>\n<meta property=\"og:url\" content=\"https:\/\/es.heberger.co\/es\/quienes-somos\/nuestro-estandar-de-calidad\/\" \/>\n<meta property=\"og:site_name\" content=\"HEBERGER Espa\u00f1ola S.A.\" \/>\n<meta property=\"article:publisher\" content=\"https:\/\/www.facebook.com\/hebergerbau\" \/>\n<meta property=\"article:modified_time\" content=\"2025-10-28T10:48:31+00:00\" \/>\n<meta name=\"twitter:card\" content=\"summary_large_image\" \/>\n<meta name=\"twitter:label1\" content=\"Tiempo de lectura\" \/>\n\t<meta name=\"twitter:data1\" content=\"1 minuto\" \/>\n<script type=\"application\/ld+json\" class=\"yoast-schema-graph\">{\"@context\":\"https:\/\/schema.org\",\"@graph\":[{\"@type\":\"WebPage\",\"@id\":\"https:\/\/es.heberger.co\/es\/quienes-somos\/nuestro-estandar-de-calidad\/\",\"url\":\"https:\/\/es.heberger.co\/es\/quienes-somos\/nuestro-estandar-de-calidad\/\",\"name\":\"HEBERGER Espa\u00f1ola S.A. - Nuestro est\u00e1ndar de calidad\",\"isPartOf\":{\"@id\":\"https:\/\/es.heberger.co\/es\/#website\"},\"datePublished\":\"2023-03-23T15:05:05+00:00\",\"dateModified\":\"2025-10-28T10:48:31+00:00\",\"description\":\"Calidad de construcci\u00f3n alemana adaptada a las condiciones espa\u00f1olas. Nuestra gama de servicios abarca un amplio espectro.\",\"breadcrumb\":{\"@id\":\"https:\/\/es.heberger.co\/es\/quienes-somos\/nuestro-estandar-de-calidad\/#breadcrumb\"},\"inLanguage\":\"es\",\"potentialAction\":[{\"@type\":\"ReadAction\",\"target\":[\"https:\/\/es.heberger.co\/es\/quienes-somos\/nuestro-estandar-de-calidad\/\"]}]},{\"@type\":\"BreadcrumbList\",\"@id\":\"https:\/\/es.heberger.co\/es\/quienes-somos\/nuestro-estandar-de-calidad\/#breadcrumb\",\"itemListElement\":[{\"@type\":\"ListItem\",\"position\":1,\"name\":\"Startseite\",\"item\":\"https:\/\/es.heberger.co\/es\/\"},{\"@type\":\"ListItem\",\"position\":2,\"name\":\"Qui\u00e9nes somos\",\"item\":\"https:\/\/es.heberger.co\/es\/quienes-somos\/\"},{\"@type\":\"ListItem\",\"position\":3,\"name\":\"Nuestro est\u00e1ndar de calidad\"}]},{\"@type\":\"WebSite\",\"@id\":\"https:\/\/es.heberger.co\/es\/#website\",\"url\":\"https:\/\/es.heberger.co\/es\/\",\"name\":\"HEBERGER Espa\u00f1ola S.A.\",\"description\":\"Planificamos y fabricamos villas y fincas de alta calidad en Mallorca\",\"publisher\":{\"@id\":\"https:\/\/es.heberger.co\/es\/#organization\"},\"potentialAction\":[{\"@type\":\"SearchAction\",\"target\":{\"@type\":\"EntryPoint\",\"urlTemplate\":\"https:\/\/es.heberger.co\/es\/?s={search_term_string}\"},\"query-input\":{\"@type\":\"PropertyValueSpecification\",\"valueRequired\":true,\"valueName\":\"search_term_string\"}}],\"inLanguage\":\"es\"},{\"@type\":\"Organization\",\"@id\":\"https:\/\/es.heberger.co\/es\/#organization\",\"name\":\"HEBERGER Espa\u00f1ola S.A.\",\"url\":\"https:\/\/es.heberger.co\/es\/\",\"logo\":{\"@type\":\"ImageObject\",\"inLanguage\":\"es\",\"@id\":\"https:\/\/es.heberger.co\/es\/#\/schema\/logo\/image\/\",\"url\":\"https:\/\/es.heberger.co\/wp-content\/uploads\/2023\/03\/heberger_espanola.png\",\"contentUrl\":\"https:\/\/es.heberger.co\/wp-content\/uploads\/2023\/03\/heberger_espanola.png\",\"width\":412,\"height\":31,\"caption\":\"HEBERGER Espa\u00f1ola S.A.\"},\"image\":{\"@id\":\"https:\/\/es.heberger.co\/es\/#\/schema\/logo\/image\/\"},\"sameAs\":[\"https:\/\/www.facebook.com\/hebergerbau\"]}]}<\/script>\n<!-- \/ Yoast SEO plugin. -->","yoast_head_json":{"title":"HEBERGER Espa\u00f1ola S.A. - Nuestro est\u00e1ndar de calidad","description":"Calidad de construcci\u00f3n alemana adaptada a las condiciones espa\u00f1olas. Nuestra gama de servicios abarca un amplio espectro.","robots":{"index":"noindex","follow":"follow","max-snippet":"max-snippet:-1","max-image-preview":"max-image-preview:large","max-video-preview":"max-video-preview:-1"},"og_locale":"es_ES","og_type":"article","og_title":"HEBERGER Espa\u00f1ola S.A. - Nuestro est\u00e1ndar de calidad","og_description":"Calidad de construcci\u00f3n alemana adaptada a las condiciones espa\u00f1olas. Nuestra gama de servicios abarca un amplio espectro.","og_url":"https:\/\/es.heberger.co\/es\/quienes-somos\/nuestro-estandar-de-calidad\/","og_site_name":"HEBERGER Espa\u00f1ola S.A.","article_publisher":"https:\/\/www.facebook.com\/hebergerbau","article_modified_time":"2025-10-28T10:48:31+00:00","twitter_card":"summary_large_image","twitter_misc":{"Tiempo de lectura":"1 minuto"},"schema":{"@context":"https:\/\/schema.org","@graph":[{"@type":"WebPage","@id":"https:\/\/es.heberger.co\/es\/quienes-somos\/nuestro-estandar-de-calidad\/","url":"https:\/\/es.heberger.co\/es\/quienes-somos\/nuestro-estandar-de-calidad\/","name":"HEBERGER Espa\u00f1ola S.A. - Nuestro est\u00e1ndar de calidad","isPartOf":{"@id":"https:\/\/es.heberger.co\/es\/#website"},"datePublished":"2023-03-23T15:05:05+00:00","dateModified":"2025-10-28T10:48:31+00:00","description":"Calidad de construcci\u00f3n alemana adaptada a las condiciones espa\u00f1olas. Nuestra gama de servicios abarca un amplio espectro.","breadcrumb":{"@id":"https:\/\/es.heberger.co\/es\/quienes-somos\/nuestro-estandar-de-calidad\/#breadcrumb"},"inLanguage":"es","potentialAction":[{"@type":"ReadAction","target":["https:\/\/es.heberger.co\/es\/quienes-somos\/nuestro-estandar-de-calidad\/"]}]},{"@type":"BreadcrumbList","@id":"https:\/\/es.heberger.co\/es\/quienes-somos\/nuestro-estandar-de-calidad\/#breadcrumb","itemListElement":[{"@type":"ListItem","position":1,"name":"Startseite","item":"https:\/\/es.heberger.co\/es\/"},{"@type":"ListItem","position":2,"name":"Qui\u00e9nes somos","item":"https:\/\/es.heberger.co\/es\/quienes-somos\/"},{"@type":"ListItem","position":3,"name":"Nuestro est\u00e1ndar de calidad"}]},{"@type":"WebSite","@id":"https:\/\/es.heberger.co\/es\/#website","url":"https:\/\/es.heberger.co\/es\/","name":"HEBERGER Espa\u00f1ola S.A.","description":"Planificamos y fabricamos villas y fincas de alta calidad en Mallorca","publisher":{"@id":"https:\/\/es.heberger.co\/es\/#organization"},"potentialAction":[{"@type":"SearchAction","target":{"@type":"EntryPoint","urlTemplate":"https:\/\/es.heberger.co\/es\/?s={search_term_string}"},"query-input":{"@type":"PropertyValueSpecification","valueRequired":true,"valueName":"search_term_string"}}],"inLanguage":"es"},{"@type":"Organization","@id":"https:\/\/es.heberger.co\/es\/#organization","name":"HEBERGER Espa\u00f1ola S.A.","url":"https:\/\/es.heberger.co\/es\/","logo":{"@type":"ImageObject","inLanguage":"es","@id":"https:\/\/es.heberger.co\/es\/#\/schema\/logo\/image\/","url":"https:\/\/es.heberger.co\/wp-content\/uploads\/2023\/03\/heberger_espanola.png","contentUrl":"https:\/\/es.heberger.co\/wp-content\/uploads\/2023\/03\/heberger_espanola.png","width":412,"height":31,"caption":"HEBERGER Espa\u00f1ola S.A."},"image":{"@id":"https:\/\/es.heberger.co\/es\/#\/schema\/logo\/image\/"},"sameAs":["https:\/\/www.facebook.com\/hebergerbau"]}]}},"_links":{"self":[{"href":"https:\/\/es.heberger.co\/es\/wp-json\/wp\/v2\/pages\/9286","targetHints":{"allow":["GET"]}}],"collection":[{"href":"https:\/\/es.heberger.co\/es\/wp-json\/wp\/v2\/pages"}],"about":[{"href":"https:\/\/es.heberger.co\/es\/wp-json\/wp\/v2\/types\/page"}],"author":[{"embeddable":true,"href":"https:\/\/es.heberger.co\/es\/wp-json\/wp\/v2\/users\/1"}],"replies":[{"embeddable":true,"href":"https:\/\/es.heberger.co\/es\/wp-json\/wp\/v2\/comments?post=9286"}],"version-history":[{"count":4,"href":"https:\/\/es.heberger.co\/es\/wp-json\/wp\/v2\/pages\/9286\/revisions"}],"predecessor-version":[{"id":9582,"href":"https:\/\/es.heberger.co\/es\/wp-json\/wp\/v2\/pages\/9286\/revisions\/9582"}],"up":[{"embeddable":true,"href":"https:\/\/es.heberger.co\/es\/wp-json\/wp\/v2\/pages\/9283"}],"wp:attachment":[{"href":"https:\/\/es.heberger.co\/es\/wp-json\/wp\/v2\/media?parent=9286"}],"curies":[{"name":"wp","href":"https:\/\/api.w.org\/{rel}","templated":true}]}}