{"id":9283,"date":"2018-12-17T11:08:02","date_gmt":"2018-12-17T10:08:02","guid":{"rendered":"https:\/\/es.heberger.co\/ueberuns\/"},"modified":"2025-10-28T11:48:45","modified_gmt":"2025-10-28T10:48:45","slug":"quienes-somos","status":"publish","type":"page","link":"https:\/\/es.heberger.co\/es\/quienes-somos\/","title":{"rendered":"Qui\u00e9nes somos"},"content":{"rendered":"<div class=\"wpb-content-wrapper\"><p>[vc_row row_content_width=\u00bbgrid\u00bb row_btt_skin=\u00bblight\u00bb row_background_text_position=\u00bbfront\u00bb row_skin=\u00bbdark\u00bb css=\u00bb.vc_custom_1680010945496{margin-top: 60px !important;margin-bottom: 120px !important;}\u00bb][vc_column width=\u00bb1\/2&#8243; offset=\u00bbvc_col-lg-offset-0 vc_col-lg-6 vc_col-md-offset-0 vc_col-md-12 vc_col-sm-offset-0&#8243;]<div class=\"mkdf-elements-holder   mkdf-one-column  mkdf-responsive-mode-768 \" ><div class=\"mkdf-eh-item    \"  data-item-class=\"mkdf-eh-custom-5890\">\n\t<div class=\"mkdf-eh-item-inner\">\n\t\t<div class=\"mkdf-eh-item-content mkdf-eh-custom-5890\" >\n\t\t\t[vc_column_text el_class=\u00bbblock\u00bb]<em>\u00abNuestros clientes son exigentes: una buena relaci\u00f3n coste-beneficio es tan importante para ellos como un alto nivel de profesionalidad y experiencia constructiva. Estas son sin duda razones importantes por las que nuestros clientes han elegido HEBERGER\u00bb. <\/em><\/p>\n<p><em>\u00a0<\/em>[\/vc_column_text][vc_empty_space height=\u00bb20px\u00bb][vc_column_text]Juan Barranco<\/p>\n<p>Director General HEBERGER Espa\u00f1ola S.A.[\/vc_column_text]\t\t<\/div>\n\t<\/div>\n<\/div><\/div>[\/vc_column][vc_column width=\u00bb1\/2&#8243; offset=\u00bbvc_col-lg-offset-0 vc_col-lg-6 vc_col-md-offset-0 vc_col-md-6 vc_col-sm-offset-0&#8243;][vc_column_text]<\/p>\n<h3>\u00c9xito gracias a la experiencia y a la atenci\u00f3n al cliente<\/h3>\n<p>[\/vc_column_text][vc_empty_space height=\u00bb18&#8243;][vc_column_text]Tras 50 a\u00f1os de experiencia en la construcci\u00f3n en Alemania, en 1997 decidimos empezar en Espa\u00f1a. Desde entonces, nuestra filial independiente HEBERGER Espa\u00f1ola construye para clientes exigentes, tanto de la pen\u00ednsula como de la isla de Mallorca. Nuestra gama de servicios abarca un amplio espectro que va m\u00e1s all\u00e1 de la mera construcci\u00f3n de todo tipo de proyectos. Entre otras cosas, los clientes pueden, si as\u00ed lo desean, recurrir a un an\u00e1lisis de viabilidad de parcelas, asesoramiento, planificaci\u00f3n y, por supuesto, la construcci\u00f3n del proyecto deseado. Con sucursales en Granada, Mallorca y Alemania, as\u00ed como un equipo internacional, intentamos ser lo m\u00e1s flexibles posible para nuestros clientes, con el fin de posibilitar una cooperaci\u00f3n estrecha y fruct\u00edfera.[\/vc_column_text][\/vc_column][\/vc_row][vc_row row_content_width=\u00bbgrid\u00bb row_btt_skin=\u00bbdark\u00bb row_background_text_position=\u00bbfront\u00bb css=\u00bb.vc_custom_1679573496974{padding-top: 120px !important;padding-bottom: 60px !important;}\u00bb simple_background_color=\u00bb#e64128&#8243;][vc_column offset=\u00bbvc_col-lg-offset-0 vc_col-lg-4 vc_col-md-offset-1 vc_col-md-10 vc_col-sm-offset-0&#8243;]<div class=\"mkdf-iwt clearfix  mkdf-iwt-icon-left  mkdf-iwt-icon-medium\" data-title-color=\"#ffffff\" data-title-hover-color=\"#ffffff\">\n\t<div class=\"mkdf-iwt-icon\">\n\t\t\t\t\t<a itemprop=\"url\" href=\"\/unser-team\" target=\"_self\">\n\t\t\t\t\t\t\t\t\t<img loading=\"lazy\" decoding=\"async\" width=\"65\" height=\"65\" src=\"https:\/\/es.heberger.co\/wp-content\/uploads\/2023\/03\/ico-tea.png\" class=\"attachment-full size-full\" alt=\"\" \/>                \t\t\t\t\t<\/a>\n\t\t\t<\/div>\n\t<div class=\"mkdf-iwt-content\" >\n        \t\t\t\t\t<h4 class=\"mkdf-iwt-title\" style=\"color: #ffffff;margin-top: 24px\">\n\t\t\t\t\t\t\t\t\t<a itemprop=\"url\" href=\"\/unser-team\" target=\"_self\">\n\t\t\t\t\t\t\t\t<span class=\"mkdf-iwt-title-text\">Nuestro equipo<\/span>\n\t\t\t\t\t\t\t\t\t<\/a>\n\t\t\t\t\t\t\t<\/h4>\n\t\t\t\t\t\t\t<p class=\"mkdf-iwt-text\" style=\"color: #ffffff;margin-top: 14px\">Exigimos y fomentamos un comportamiento responsable de cada uno de nuestros empleados. Trabajamos de forma justa y en colaboraci\u00f3n con nuestros clientes. La calidad es nuestro capital.<\/p>  <!-- esc_html($text) gel\u00f6scht -->\n\t\t\t<\/div>\n<\/div>[vc_empty_space height=\u00bb64px\u00bb][\/vc_column][vc_column offset=\u00bbvc_col-lg-offset-0 vc_col-lg-4 vc_col-md-offset-1 vc_col-md-10 vc_col-sm-offset-0&#8243;]<div class=\"mkdf-iwt clearfix  mkdf-iwt-icon-left  mkdf-iwt-icon-medium\" data-title-color=\"#ffffff\" data-title-hover-color=\"#ffffff\">\n\t<div class=\"mkdf-iwt-icon\">\n\t\t\t\t\t<a itemprop=\"url\" href=\"\/unser-netzwerk\" target=\"_self\">\n\t\t\t\t\t\t\t\t\t<img loading=\"lazy\" decoding=\"async\" width=\"65\" height=\"65\" src=\"https:\/\/es.heberger.co\/wp-content\/uploads\/2023\/03\/ico-netzwerk.png\" class=\"attachment-full size-full\" alt=\"\" \/>                \t\t\t\t\t<\/a>\n\t\t\t<\/div>\n\t<div class=\"mkdf-iwt-content\" >\n        \t\t\t\t\t<h4 class=\"mkdf-iwt-title\" style=\"color: #ffffff;margin-top: 24px\">\n\t\t\t\t\t\t\t\t\t<a itemprop=\"url\" href=\"\/unser-netzwerk\" target=\"_self\">\n\t\t\t\t\t\t\t\t<span class=\"mkdf-iwt-title-text\">Nuestra red<\/span>\n\t\t\t\t\t\t\t\t\t<\/a>\n\t\t\t\t\t\t\t<\/h4>\n\t\t\t\t\t\t\t<p class=\"mkdf-iwt-text\" style=\"color: #ffffff;margin-top: 14px\">En los \u00faltimos 70 a\u00f1os, nuestra empresa matriz, HEBERGER, ha construido una s\u00f3lida base a trav\u00e9s de una red de emplazamientos en constante crecimiento dentro y fuera del pa\u00eds. En 1997fue seguido con gran \u00e9xito tras realizar el primer proyecto de construcci\u00f3n en la pen\u00ednsula ib\u00e9rica.<\/p>  <!-- esc_html($text) gel\u00f6scht -->\n\t\t\t<\/div>\n<\/div>[vc_empty_space height=\u00bb64px\u00bb][\/vc_column][vc_column offset=\u00bbvc_col-lg-offset-0 vc_col-lg-4 vc_col-md-offset-1 vc_col-md-10 vc_col-sm-offset-0&#8243;]<div class=\"mkdf-iwt clearfix  mkdf-iwt-icon-left  mkdf-iwt-icon-medium\" data-title-color=\"#ffffff\" data-title-hover-color=\"#ffffff\">\n\t<div class=\"mkdf-iwt-icon\">\n\t\t\t\t\t<a itemprop=\"url\" href=\"\/nuestra-demanda-de-calidad\/\" target=\"_self\">\n\t\t\t\t\t\t\t\t\t<img loading=\"lazy\" decoding=\"async\" width=\"65\" height=\"65\" src=\"https:\/\/es.heberger.co\/wp-content\/uploads\/2023\/03\/ico-hand.png\" class=\"attachment-full size-full\" alt=\"\" \/>                \t\t\t\t\t<\/a>\n\t\t\t<\/div>\n\t<div class=\"mkdf-iwt-content\" >\n        \t\t\t\t\t<h4 class=\"mkdf-iwt-title\" style=\"color: #ffffff;margin-top: 24px\">\n\t\t\t\t\t\t\t\t\t<a itemprop=\"url\" href=\"\/nuestra-demanda-de-calidad\/\" target=\"_self\">\n\t\t\t\t\t\t\t\t<span class=\"mkdf-iwt-title-text\">Nuestro est\u00e1ndar de calidad<\/span>\n\t\t\t\t\t\t\t\t\t<\/a>\n\t\t\t\t\t\t\t<\/h4>\n\t\t\t\t\t\t\t<p class=\"mkdf-iwt-text\" style=\"color: #ffffff;margin-top: 14px\">Planificamos, realizamos, construimos, ampliamos o renovamos y le ofrecemos soluciones a medida y econ\u00f3micamente sostenibles basadas en nuestro alto nivel de experiencia en consultor\u00eda.<\/p>  <!-- esc_html($text) gel\u00f6scht -->\n\t\t\t<\/div>\n<\/div>[vc_empty_space height=\u00bb64px\u00bb][\/vc_column][\/vc_row]<\/p>\n<\/div>","protected":false},"excerpt":{"rendered":"<p>[vc_row row_content_width=\u00bbgrid\u00bb row_btt_skin=\u00bblight\u00bb row_background_text_position=\u00bbfront\u00bb row_skin=\u00bbdark\u00bb css=\u00bb.vc_custom_1680010945496{margin-top: 60px !important;margin-bottom: 120px !important;}\u00bb][vc_column width=\u00bb1\/2&#8243; offset=\u00bbvc_col-lg-offset-0 vc_col-lg-6 vc_col-md-offset-0 vc_col-md-12 vc_col-sm-offset-0&#8243;][\/vc_column][vc_column width=\u00bb1\/2&#8243; offset=\u00bbvc_col-lg-offset-0 vc_col-lg-6 vc_col-md-offset-0 vc_col-md-6 vc_col-sm-offset-0&#8243;][vc_column_text] \u00c9xito gracias a la experiencia y a la atenci\u00f3n al cliente [\/vc_column_text][vc_empty_space height=\u00bb18&#8243;][vc_column_text]Tras 50 a\u00f1os de experiencia en [&hellip;]<\/p>\n","protected":false},"author":1,"featured_media":0,"parent":0,"menu_order":0,"comment_status":"closed","ping_status":"closed","template":"full-width.php","meta":{"footnotes":""},"class_list":["post-9283","page","type-page","status-publish","hentry"],"yoast_head":"<!-- This site is optimized with the Yoast SEO plugin v26.2 - https:\/\/yoast.com\/wordpress\/plugins\/seo\/ -->\n<title>HEBERGER Espa\u00f1ola S.A. - Qui\u00e9nes somos!<\/title>\n<meta name=\"description\" content=\"Despu\u00e9s de 50 a\u00f1os de experiencia en construcci\u00f3n en Alemania, decidimos en 1997 expandir nuestra actividad a Espa\u00f1a. Desde entonces, nuestra filial independiente HEBERGER Espa\u00f1ola ha construido para clientes exigentes tanto en la pen\u00ednsula como en la isla de Mallorca.\" \/>\n<meta name=\"robots\" content=\"noindex, follow, max-snippet:-1, max-image-preview:large, max-video-preview:-1\" \/>\n<meta property=\"og:locale\" content=\"es_ES\" \/>\n<meta property=\"og:type\" content=\"article\" \/>\n<meta property=\"og:title\" content=\"HEBERGER Espa\u00f1ola S.A. - Qui\u00e9nes somos!\" \/>\n<meta property=\"og:description\" content=\"Despu\u00e9s de 50 a\u00f1os de experiencia en construcci\u00f3n en Alemania, decidimos en 1997 expandir nuestra actividad a Espa\u00f1a. Desde entonces, nuestra filial independiente HEBERGER Espa\u00f1ola ha construido para clientes exigentes tanto en la pen\u00ednsula como en la isla de Mallorca.\" \/>\n<meta property=\"og:url\" content=\"https:\/\/es.heberger.co\/es\/quienes-somos\/\" \/>\n<meta property=\"og:site_name\" content=\"HEBERGER Espa\u00f1ola S.A.\" \/>\n<meta property=\"article:publisher\" content=\"https:\/\/www.facebook.com\/hebergerbau\" \/>\n<meta property=\"article:modified_time\" content=\"2025-10-28T10:48:45+00:00\" \/>\n<meta name=\"twitter:card\" content=\"summary_large_image\" \/>\n<meta name=\"twitter:label1\" content=\"Tiempo de lectura\" \/>\n\t<meta name=\"twitter:data1\" content=\"3 minutos\" \/>\n<script type=\"application\/ld+json\" class=\"yoast-schema-graph\">{\"@context\":\"https:\/\/schema.org\",\"@graph\":[{\"@type\":\"WebPage\",\"@id\":\"https:\/\/es.heberger.co\/es\/quienes-somos\/\",\"url\":\"https:\/\/es.heberger.co\/es\/quienes-somos\/\",\"name\":\"HEBERGER Espa\u00f1ola S.A. - Qui\u00e9nes somos!\",\"isPartOf\":{\"@id\":\"https:\/\/es.heberger.co\/es\/#website\"},\"datePublished\":\"2018-12-17T10:08:02+00:00\",\"dateModified\":\"2025-10-28T10:48:45+00:00\",\"description\":\"Despu\u00e9s de 50 a\u00f1os de experiencia en construcci\u00f3n en Alemania, decidimos en 1997 expandir nuestra actividad a Espa\u00f1a. Desde entonces, nuestra filial independiente HEBERGER Espa\u00f1ola ha construido para clientes exigentes tanto en la pen\u00ednsula como en la isla de Mallorca.\",\"breadcrumb\":{\"@id\":\"https:\/\/es.heberger.co\/es\/quienes-somos\/#breadcrumb\"},\"inLanguage\":\"es\",\"potentialAction\":[{\"@type\":\"ReadAction\",\"target\":[\"https:\/\/es.heberger.co\/es\/quienes-somos\/\"]}]},{\"@type\":\"BreadcrumbList\",\"@id\":\"https:\/\/es.heberger.co\/es\/quienes-somos\/#breadcrumb\",\"itemListElement\":[{\"@type\":\"ListItem\",\"position\":1,\"name\":\"Startseite\",\"item\":\"https:\/\/es.heberger.co\/es\/\"},{\"@type\":\"ListItem\",\"position\":2,\"name\":\"Qui\u00e9nes somos\"}]},{\"@type\":\"WebSite\",\"@id\":\"https:\/\/es.heberger.co\/es\/#website\",\"url\":\"https:\/\/es.heberger.co\/es\/\",\"name\":\"HEBERGER Espa\u00f1ola S.A.\",\"description\":\"Planificamos y fabricamos villas y fincas de alta calidad en Mallorca\",\"publisher\":{\"@id\":\"https:\/\/es.heberger.co\/es\/#organization\"},\"potentialAction\":[{\"@type\":\"SearchAction\",\"target\":{\"@type\":\"EntryPoint\",\"urlTemplate\":\"https:\/\/es.heberger.co\/es\/?s={search_term_string}\"},\"query-input\":{\"@type\":\"PropertyValueSpecification\",\"valueRequired\":true,\"valueName\":\"search_term_string\"}}],\"inLanguage\":\"es\"},{\"@type\":\"Organization\",\"@id\":\"https:\/\/es.heberger.co\/es\/#organization\",\"name\":\"HEBERGER Espa\u00f1ola S.A.\",\"url\":\"https:\/\/es.heberger.co\/es\/\",\"logo\":{\"@type\":\"ImageObject\",\"inLanguage\":\"es\",\"@id\":\"https:\/\/es.heberger.co\/es\/#\/schema\/logo\/image\/\",\"url\":\"https:\/\/es.heberger.co\/wp-content\/uploads\/2023\/03\/heberger_espanola.png\",\"contentUrl\":\"https:\/\/es.heberger.co\/wp-content\/uploads\/2023\/03\/heberger_espanola.png\",\"width\":412,\"height\":31,\"caption\":\"HEBERGER Espa\u00f1ola S.A.\"},\"image\":{\"@id\":\"https:\/\/es.heberger.co\/es\/#\/schema\/logo\/image\/\"},\"sameAs\":[\"https:\/\/www.facebook.com\/hebergerbau\"]}]}<\/script>\n<!-- \/ Yoast SEO plugin. -->","yoast_head_json":{"title":"HEBERGER Espa\u00f1ola S.A. - Qui\u00e9nes somos!","description":"Despu\u00e9s de 50 a\u00f1os de experiencia en construcci\u00f3n en Alemania, decidimos en 1997 expandir nuestra actividad a Espa\u00f1a. Desde entonces, nuestra filial independiente HEBERGER Espa\u00f1ola ha construido para clientes exigentes tanto en la pen\u00ednsula como en la isla de Mallorca.","robots":{"index":"noindex","follow":"follow","max-snippet":"max-snippet:-1","max-image-preview":"max-image-preview:large","max-video-preview":"max-video-preview:-1"},"og_locale":"es_ES","og_type":"article","og_title":"HEBERGER Espa\u00f1ola S.A. - Qui\u00e9nes somos!","og_description":"Despu\u00e9s de 50 a\u00f1os de experiencia en construcci\u00f3n en Alemania, decidimos en 1997 expandir nuestra actividad a Espa\u00f1a. Desde entonces, nuestra filial independiente HEBERGER Espa\u00f1ola ha construido para clientes exigentes tanto en la pen\u00ednsula como en la isla de Mallorca.","og_url":"https:\/\/es.heberger.co\/es\/quienes-somos\/","og_site_name":"HEBERGER Espa\u00f1ola S.A.","article_publisher":"https:\/\/www.facebook.com\/hebergerbau","article_modified_time":"2025-10-28T10:48:45+00:00","twitter_card":"summary_large_image","twitter_misc":{"Tiempo de lectura":"3 minutos"},"schema":{"@context":"https:\/\/schema.org","@graph":[{"@type":"WebPage","@id":"https:\/\/es.heberger.co\/es\/quienes-somos\/","url":"https:\/\/es.heberger.co\/es\/quienes-somos\/","name":"HEBERGER Espa\u00f1ola S.A. - Qui\u00e9nes somos!","isPartOf":{"@id":"https:\/\/es.heberger.co\/es\/#website"},"datePublished":"2018-12-17T10:08:02+00:00","dateModified":"2025-10-28T10:48:45+00:00","description":"Despu\u00e9s de 50 a\u00f1os de experiencia en construcci\u00f3n en Alemania, decidimos en 1997 expandir nuestra actividad a Espa\u00f1a. Desde entonces, nuestra filial independiente HEBERGER Espa\u00f1ola ha construido para clientes exigentes tanto en la pen\u00ednsula como en la isla de Mallorca.","breadcrumb":{"@id":"https:\/\/es.heberger.co\/es\/quienes-somos\/#breadcrumb"},"inLanguage":"es","potentialAction":[{"@type":"ReadAction","target":["https:\/\/es.heberger.co\/es\/quienes-somos\/"]}]},{"@type":"BreadcrumbList","@id":"https:\/\/es.heberger.co\/es\/quienes-somos\/#breadcrumb","itemListElement":[{"@type":"ListItem","position":1,"name":"Startseite","item":"https:\/\/es.heberger.co\/es\/"},{"@type":"ListItem","position":2,"name":"Qui\u00e9nes somos"}]},{"@type":"WebSite","@id":"https:\/\/es.heberger.co\/es\/#website","url":"https:\/\/es.heberger.co\/es\/","name":"HEBERGER Espa\u00f1ola S.A.","description":"Planificamos y fabricamos villas y fincas de alta calidad en Mallorca","publisher":{"@id":"https:\/\/es.heberger.co\/es\/#organization"},"potentialAction":[{"@type":"SearchAction","target":{"@type":"EntryPoint","urlTemplate":"https:\/\/es.heberger.co\/es\/?s={search_term_string}"},"query-input":{"@type":"PropertyValueSpecification","valueRequired":true,"valueName":"search_term_string"}}],"inLanguage":"es"},{"@type":"Organization","@id":"https:\/\/es.heberger.co\/es\/#organization","name":"HEBERGER Espa\u00f1ola S.A.","url":"https:\/\/es.heberger.co\/es\/","logo":{"@type":"ImageObject","inLanguage":"es","@id":"https:\/\/es.heberger.co\/es\/#\/schema\/logo\/image\/","url":"https:\/\/es.heberger.co\/wp-content\/uploads\/2023\/03\/heberger_espanola.png","contentUrl":"https:\/\/es.heberger.co\/wp-content\/uploads\/2023\/03\/heberger_espanola.png","width":412,"height":31,"caption":"HEBERGER Espa\u00f1ola S.A."},"image":{"@id":"https:\/\/es.heberger.co\/es\/#\/schema\/logo\/image\/"},"sameAs":["https:\/\/www.facebook.com\/hebergerbau"]}]}},"_links":{"self":[{"href":"https:\/\/es.heberger.co\/es\/wp-json\/wp\/v2\/pages\/9283","targetHints":{"allow":["GET"]}}],"collection":[{"href":"https:\/\/es.heberger.co\/es\/wp-json\/wp\/v2\/pages"}],"about":[{"href":"https:\/\/es.heberger.co\/es\/wp-json\/wp\/v2\/types\/page"}],"author":[{"embeddable":true,"href":"https:\/\/es.heberger.co\/es\/wp-json\/wp\/v2\/users\/1"}],"replies":[{"embeddable":true,"href":"https:\/\/es.heberger.co\/es\/wp-json\/wp\/v2\/comments?post=9283"}],"version-history":[{"count":6,"href":"https:\/\/es.heberger.co\/es\/wp-json\/wp\/v2\/pages\/9283\/revisions"}],"predecessor-version":[{"id":9468,"href":"https:\/\/es.heberger.co\/es\/wp-json\/wp\/v2\/pages\/9283\/revisions\/9468"}],"wp:attachment":[{"href":"https:\/\/es.heberger.co\/es\/wp-json\/wp\/v2\/media?parent=9283"}],"curies":[{"name":"wp","href":"https:\/\/api.w.org\/{rel}","templated":true}]}}