{"id":9276,"date":"2023-03-08T07:54:36","date_gmt":"2023-03-08T06:54:36","guid":{"rendered":"https:\/\/es.heberger.co\/datenschutzerklaerung\/"},"modified":"2023-05-15T11:56:33","modified_gmt":"2023-05-15T09:56:33","slug":"datenschutzerklaerung","status":"publish","type":"page","link":"https:\/\/es.heberger.co\/es\/datenschutzerklaerung\/","title":{"rendered":"Datenschutzerkl\u00e4rung"},"content":{"rendered":"<div class=\"wpb-content-wrapper\"><p>[vc_row row_btt_skin=\u00bblight\u00bb row_background_text_position=\u00bbfront\u00bb][vc_column][vc_empty_space height=\u00bb100px\u00bb][vc_column_text]<\/p>\n<article class=\"main-content\" role=\"article\">\n<section class=\"section \">\n<div class=\"section-content\">\n<div class=\"row column\">\n<h2><strong>PROTECCI\u00d3N DE DATOS<\/strong><\/h2>\n<p><strong>Nos tomamos la privacidad en serio<\/strong><\/p>\n<p>La protecci\u00f3n de su privacidad al procesar datos personales es importante para nosotros. Cuando visita nuestro sitio web, nuestros servidores web guardan la IP de su proveedor de servicios de Internet, el sitio web desde el que nos visita, los sitios web que visita en nuestro sitio y la fecha y duraci\u00f3n de la visita. Esta informaci\u00f3n es absolutamente necesaria para la transmisi\u00f3n t\u00e9cnica de los sitios web y el funcionamiento seguro del servidor. No se realiza una evaluaci\u00f3n personalizada de estos datos.<\/p>\n<p>Si nos env\u00eda datos utilizando el formulario de contacto, estos datos se almacenar\u00e1n en nuestros servidores en el curso de la copia de seguridad de datos. Sus datos solo ser\u00e1n utilizados por nosotros para procesar su solicitud. Sus datos ser\u00e1n tratados de forma confidencial. No se produce una transferencia a terceros.<\/p>\n<p>Organismo responsable:<\/p>\n<p>HEBERGER GmbH<br \/>\nWaldspitzweg 3<br \/>\n67105 Schifferstadt<br \/>\nTel\u00e9fono: (0 62 35) 9 30-0<br \/>\nCorreo electr\u00f3nico: <a href=\"mailto:info@heberger.com\">info@heberger.com<\/a><\/p>\n<p>&nbsp;<\/p>\n<p><strong>Informaci\u00f3n personal<\/strong><\/p>\n<p>Los datos personales son datos sobre usted. Estos incluyen su nombre, direcci\u00f3n y direcci\u00f3n de correo electr\u00f3nico. Tampoco tiene que revelar ning\u00fan dato personal para poder visitar nuestro sitio web. En algunos casos necesitamos su nombre y direcci\u00f3n as\u00ed como otra informaci\u00f3n para poder ofrecerle el servicio deseado.<\/p>\n<p>Lo mismo se aplica si le proporcionamos material informativo a pedido o si respondemos a sus consultas. En estos casos siempre te lo indicaremos. Adem\u00e1s, solo almacenamos los datos que nos ha transmitido de forma autom\u00e1tica o voluntaria.<\/p>\n<p>Si utiliza uno de nuestros servicios, normalmente solo recopilamos los datos necesarios para poder ofrecerle nuestro servicio. Es posible que le solicitemos informaci\u00f3n adicional, pero esto es voluntario. Siempre que procesamos datos personales, lo hacemos para poder ofrecerle nuestro servicio o para perseguir nuestros objetivos comerciales.<\/p>\n<p>&nbsp;<\/p>\n<p><strong>Informaci\u00f3n no personal recopilada autom\u00e1ticamente<\/strong><\/p>\n<p>Cuando visita nuestro sitio web, almacenamos cierta informaci\u00f3n por razones administrativas y t\u00e9cnicas. Estos son: tipo y versi\u00f3n del navegador utilizado, fecha y hora de acceso y la direcci\u00f3n IP.<\/p>\n<p>Estos datos se anonimizan y solo se utilizan con fines estad\u00edsticos o para mejorar nuestros servicios de Internet y en l\u00ednea.<\/p>\n<p>Estos datos an\u00f3nimos se almacenan en sistemas seguros, separados de los datos personales, y no se pueden asignar a ninguna persona individual. Esto significa que sus datos personales permanecen protegidos en todo momento.<\/p>\n<p>&nbsp;<\/p>\n<p><strong>Cookies<\/strong><\/p>\n<p>Cuando visita nuestro sitio web, podemos almacenar informaci\u00f3n en su computadora en forma de cookies. Las cookies son peque\u00f1os archivos que se transfieren desde un servidor de Internet a su navegador y se almacenan en su disco duro. La base legal para el uso de cookies es el Art. 6 P\u00e1rrafo 1 lit f GDPR.<\/p>\n<p>Solo se guarda la direcci\u00f3n del protocolo de Internet, ning\u00fan otro dato personal. Esta informaci\u00f3n, que se almacena en las cookies, permite que se le reconozca autom\u00e1ticamente la pr\u00f3xima vez que visite nuestro sitio web, lo que facilita su uso.<\/p>\n<p>Por supuesto, tambi\u00e9n puede visitar nuestro sitio web sin aceptar las cookies. Si no desea que su computadora sea reconocida en su pr\u00f3xima visita, tambi\u00e9n puede rechazar el uso de cookies cambiando la configuraci\u00f3n en su navegador a \u00abRechazar cookies\u00bb. El procedimiento respectivo se puede encontrar en las instrucciones de funcionamiento de su navegador respectivo. Sin embargo, si rechaza el uso de cookies, pueden existir restricciones en el uso de algunas \u00e1reas de nuestro sitio web.<\/p>\n<p>&nbsp;<\/p>\n<p><strong>P\u00edxeles de audiencias personalizadas de Facebook<\/strong><\/p>\n<p>Para presentar anuncios basados \u200b\u200ben intereses a los visitantes de nuestro sitio web durante su visita a Facebook, utilizamos Custom Audiences Pixel\u00bb de Facebook Inc., 1601 S. California Ave, Palo Alto, CA 94304, EE. UU. (\u00abFacebook\u00bb). Para ello, hemos implementado un p\u00edxel de Facebook en nuestro sitio web, que establece una conexi\u00f3n directa con los servidores de Facebook cuando visita nuestro sitio web. Se transmite al servidor de Facebook que ha visitado nuestro sitio web y Facebook asigna esta informaci\u00f3n a su cuenta de usuario personal de Facebook. Puede encontrar m\u00e1s informaci\u00f3n sobre la recopilaci\u00f3n y el uso de datos por parte de Facebook y sus derechos al respecto y opciones para proteger su privacidad en la informaci\u00f3n de protecci\u00f3n de datos de Facebook en <a href=\"https:\/\/www.facebook.com\/about\/privacy \/\"> https:\/\/www.facebook.com\/about\/privacy\/<\/a>.<\/p>\n<p>Si desea oponerse a la conexi\u00f3n descrita con Facebook, puede hacerlo haciendo clic en este <a href=\"https:\/\/www.heberger.com\/datenschutzzettel\/\">Enlace<\/a>.<\/p>\n<p>&nbsp;<\/p>\n<p><strong>YouTube en modo de privacidad mejorada<\/strong><\/p>\n<p>Utilizamos el proveedor YouTube para incrustar videos. Los videos se incrustaron en el modo de protecci\u00f3n de datos ampliada. Sin embargo, como la mayor\u00eda de los sitios web, YouTube utiliza cookies para recopilar informaci\u00f3n sobre los visitantes de su sitio web. YouTube los utiliza, entre otras cosas, para recopilar estad\u00edsticas de video, prevenir fraudes y mejorar la facilidad de uso. Esto tambi\u00e9n conduce a una conexi\u00f3n con la red de Google DoubleClick. Si inicia el video, esto podr\u00eda desencadenar m\u00e1s operaciones de procesamiento de datos. No tenemos ninguna influencia en eso. Para obtener m\u00e1s informaci\u00f3n sobre la privacidad en YouTube, consulte su pol\u00edtica de privacidad en: <a href=\"http:\/\/www.youtube.com\/t\/privacy_at_youtube\">http:\/\/www.youtube.com\/t\/privacy_at_youtube<\/a><\/p>\n<p>&nbsp;<\/p>\n<p><strong>Doble clic de Google<\/strong><\/p>\n<p>Doubleclick by Google es un servicio proporcionado por Google Inc., 1600 Amphitheatre Parkway, Mountain View, CA 94043, EE. UU. (\u00abGoogle\u00bb). Doubleclick by Google utiliza cookies para mostrarle anuncios que son relevantes para usted. Se asigna un n\u00famero de identificaci\u00f3n (ID) seud\u00f3nimo a su navegador para verificar qu\u00e9 anuncios se mostraron en su navegador y qu\u00e9 anuncios se vieron. Las cookies no contienen ninguna informaci\u00f3n personal. El uso de cookies de DoubleClick solo permite que Google y sus sitios web asociados coloquen anuncios basados \u200b\u200ben visitas anteriores a nuestro u otros sitios web en Internet. Google transmite la informaci\u00f3n generada por las cookies a un servidor en los EE. UU. para su evaluaci\u00f3n y se almacena all\u00ed. Google cumple con las disposiciones de protecci\u00f3n de datos del acuerdo \u00abPrivacy Shield\u00bb y est\u00e1 registrado en el programa \u00abPrivacy Shield\u00bb del Departamento de Comercio de EE. UU. Una transferencia de datos por parte de Google a terceros solo tiene lugar debido a disposiciones legales o en el contexto del procesamiento de datos de pedidos. En ning\u00fan caso Google combinar\u00e1 sus datos con otros datos recopilados por Google.<\/p>\n<p>Al utilizar nuestro sitio web, usted acepta el procesamiento de datos sobre usted por parte de Google y la forma de procesamiento de datos descrita anteriormente y el prop\u00f3sito declarado. Puede evitar el almacenamiento de cookies configurando el software de su navegador en consecuencia; sin embargo, nos gustar\u00eda se\u00f1alarle que en este caso, si corresponde, no podr\u00e1 utilizar todas las funciones de nuestro sitio web en su totalidad. Tambi\u00e9n puede evitar que Google recopile los datos generados por las cookies y relacionados con su uso del sitio web y que Google procese estos datos haciendo lo siguiente <a href=\"https:\/\/www.google.com\/settings\/ads\">Enlace<\/a>\u00a0Descargue e instale el complemento del navegador disponible en la extensi\u00f3n de desactivaci\u00f3n de DoubleClick. Alternativamente, tambi\u00e9n puede desactivar las cookies de Doubleclick con esta opci\u00f3n de exclusi\u00f3n.<\/p>\n<p>&nbsp;<\/p>\n<p><strong>Seguridad<\/strong><\/p>\n<p>Hemos tomado precauciones t\u00e9cnicas y administrativas de seguridad para proteger sus datos personales contra p\u00e9rdida, destrucci\u00f3n, manipulaci\u00f3n y acceso no autorizado. Todos nuestros empleados y proveedores de servicios que trabajan para nosotros est\u00e1n obligados a cumplir con las leyes de protecci\u00f3n de datos aplicables.<\/p>\n<p>Cada vez que recopilamos y procesamos datos personales, se cifran antes de transmitirse. Esto significa que sus datos no pueden ser utilizados indebidamente por terceros. Nuestras precauciones de seguridad est\u00e1n sujetas a un proceso de mejora constante y nuestras declaraciones de protecci\u00f3n de datos se revisan constantemente. Por favor, aseg\u00farese de tener la \u00faltima versi\u00f3n.<\/p>\n<p>&nbsp;<\/p>\n<p><strong>Derechos de los interesados<\/strong><\/p>\n<p>P\u00f3ngase en contacto con nosotros en cualquier momento si desea saber qu\u00e9 datos personales sobre usted almacenamos o procesamos. si desea corregirlos o eliminarlos. Adem\u00e1s, tiene derecho a la limitaci\u00f3n del tratamiento (art\u00edculo 18 del RGPD), derecho a oponerse al tratamiento (art\u00edculo 21 del RGPD) y derecho a la portabilidad de los datos (art\u00edculo 20 del RGPD).<\/p>\n<p>En estos casos, p\u00f3ngase en contacto con nosotros directamente.<\/p>\n<p>&nbsp;<\/p>\n<p><strong>Cambios a esta Pol\u00edtica de Privacidad<\/strong><\/p>\n<p>Nos reservamos el derecho de cambiar nuestra pol\u00edtica de privacidad si fuera necesario debido a las nuevas tecnolog\u00edas. Por favor, aseg\u00farese de tener la \u00faltima versi\u00f3n. Si se realizan cambios fundamentales en esta declaraci\u00f3n de protecci\u00f3n de datos, los anunciaremos en nuestro sitio web.<\/p>\n<p>Todos los interesados \u200b\u200by visitantes de nuestro sitio web pueden contactarnos con cuestiones de protecci\u00f3n de datos en:<\/p>\n<p>Matthias Hassler LL.M.<br \/>\nProyecto 29 GmbH &amp;erio; Compa\u00f1\u00eda KG<br \/>\nOstengasse 14<br \/>\n93047 Ratisbona<\/p>\n<p>Tel\u00e9fono: 0941 2986930<br \/>\nFax: 0941 29869316<br \/>\nCorreo electr\u00f3nico: m.hassler@projekt29.de<br \/>\nInternet: <a href=\"http:\/\/www.projekt29.de\/\">www.projekt29.de<\/a><\/p>\n<p>Si nuestro oficial de protecci\u00f3n de datos no puede responder a su solicitud de manera satisfactoria, siempre tiene derecho a presentar una queja ante la autoridad supervisora \u200b\u200bde protecci\u00f3n de datos responsable de su estado federal.<\/p>\n<p>De acuerdo con las declaraciones de las autoridades de control, el operador del sitio web est\u00e1 obligado a implementar un procedimiento de exclusi\u00f3n adecuado que cumpla con los siguientes requisitos:<\/p>\n<ul>\n<li>Si se establece una cookie de exclusi\u00f3n voluntaria, debe ser un objeto de almacenamiento HTML5 persistente con un per\u00edodo de validez ilimitado.<\/li>\n<li>Las cookies de sesi\u00f3n u otras cookies HTML persistentes con un per\u00edodo de validez corto, por otro lado, no son adecuadas y, por lo tanto, no cumplen con los requisitos legales.<\/li>\n<li>Puede implementar un procedimiento de exclusi\u00f3n usted mismo con poco esfuerzo programando unas pocas l\u00edneas de c\u00f3digo Javascript.<\/li>\n<li>Una referencia a sitios web de terceros (p. ej., youronlinechoices.eu, Network Advertising Initiative) no es suficiente para cancelar la suscripci\u00f3n. Hasta donde sabemos, despu\u00e9s de configurar las cookies de exclusi\u00f3n voluntaria en los sitios web de dichos proveedores externos, el tr\u00e1fico de datos contin\u00faa teniendo lugar entre el dispositivo final del usuario y la red de publicidad. Adem\u00e1s, los sitios web de proveedores externos suelen contener funciones de JavaScript, que a su vez permiten el seguimiento de usuarios individuales (seguimiento). Por lo tanto, no es razonable que el usuario sea remitido al servicio de un tercero para darse de baja, que a su vez procesa los datos del usuario para sus propios fines.<\/li>\n<\/ul>\n<\/div>\n<\/div>\n<\/section>\n<\/article>\n<p>[\/vc_column_text][vc_empty_space height=\u00bb60px\u00bb][\/vc_column][\/vc_row]<\/p>\n<\/div>","protected":false},"excerpt":{"rendered":"<p>[vc_row row_btt_skin=\u00bblight\u00bb row_background_text_position=\u00bbfront\u00bb][vc_column][vc_empty_space height=\u00bb100px\u00bb][vc_column_text] PROTECCI\u00d3N DE DATOS Nos tomamos la privacidad en serio La protecci\u00f3n de su privacidad al procesar datos personales es importante para nosotros. Cuando visita nuestro sitio web, nuestros servidores web guardan la IP de su proveedor [&hellip;]<\/p>\n","protected":false},"author":1,"featured_media":0,"parent":0,"menu_order":0,"comment_status":"closed","ping_status":"open","template":"","meta":{"footnotes":""},"class_list":["post-9276","page","type-page","status-publish","hentry"],"yoast_head":"<!-- This site is optimized with the Yoast SEO plugin v26.2 - https:\/\/yoast.com\/wordpress\/plugins\/seo\/ -->\n<title>HEBERGER Espa\u00f1ola S.A. - Datenschutzerkl\u00e4rung<\/title>\n<meta name=\"description\" content=\"Der Schutz Ihrer Privatsph\u00e4re bei der Verarbeitung pers\u00f6nlicher Daten ist f\u00fcr uns ein wichtiges Anliegen.\" \/>\n<meta name=\"robots\" content=\"noindex, follow, max-snippet:-1, max-image-preview:large, max-video-preview:-1\" \/>\n<meta property=\"og:locale\" content=\"es_ES\" \/>\n<meta property=\"og:type\" content=\"article\" \/>\n<meta property=\"og:title\" content=\"HEBERGER Espa\u00f1ola S.A. - Datenschutzerkl\u00e4rung\" \/>\n<meta property=\"og:description\" content=\"Der Schutz Ihrer Privatsph\u00e4re bei der Verarbeitung pers\u00f6nlicher Daten ist f\u00fcr uns ein wichtiges Anliegen.\" \/>\n<meta property=\"og:url\" content=\"https:\/\/es.heberger.co\/es\/datenschutzerklaerung\/\" \/>\n<meta property=\"og:site_name\" content=\"HEBERGER Espa\u00f1ola S.A.\" \/>\n<meta property=\"article:publisher\" content=\"https:\/\/www.facebook.com\/hebergerbau\" \/>\n<meta property=\"article:modified_time\" content=\"2023-05-15T09:56:33+00:00\" \/>\n<meta name=\"twitter:card\" content=\"summary_large_image\" \/>\n<meta name=\"twitter:label1\" content=\"Tiempo de lectura\" \/>\n\t<meta name=\"twitter:data1\" content=\"10 minutos\" \/>\n<script type=\"application\/ld+json\" class=\"yoast-schema-graph\">{\"@context\":\"https:\/\/schema.org\",\"@graph\":[{\"@type\":\"WebPage\",\"@id\":\"https:\/\/es.heberger.co\/es\/datenschutzerklaerung\/\",\"url\":\"https:\/\/es.heberger.co\/es\/datenschutzerklaerung\/\",\"name\":\"HEBERGER Espa\u00f1ola S.A. - Datenschutzerkl\u00e4rung\",\"isPartOf\":{\"@id\":\"https:\/\/es.heberger.co\/es\/#website\"},\"datePublished\":\"2023-03-08T06:54:36+00:00\",\"dateModified\":\"2023-05-15T09:56:33+00:00\",\"description\":\"Der Schutz Ihrer Privatsph\u00e4re bei der Verarbeitung pers\u00f6nlicher Daten ist f\u00fcr uns ein wichtiges Anliegen.\",\"breadcrumb\":{\"@id\":\"https:\/\/es.heberger.co\/es\/datenschutzerklaerung\/#breadcrumb\"},\"inLanguage\":\"es\",\"potentialAction\":[{\"@type\":\"ReadAction\",\"target\":[\"https:\/\/es.heberger.co\/es\/datenschutzerklaerung\/\"]}]},{\"@type\":\"BreadcrumbList\",\"@id\":\"https:\/\/es.heberger.co\/es\/datenschutzerklaerung\/#breadcrumb\",\"itemListElement\":[{\"@type\":\"ListItem\",\"position\":1,\"name\":\"Startseite\",\"item\":\"https:\/\/es.heberger.co\/es\/\"},{\"@type\":\"ListItem\",\"position\":2,\"name\":\"Datenschutzerkl\u00e4rung\"}]},{\"@type\":\"WebSite\",\"@id\":\"https:\/\/es.heberger.co\/es\/#website\",\"url\":\"https:\/\/es.heberger.co\/es\/\",\"name\":\"HEBERGER Espa\u00f1ola S.A.\",\"description\":\"Planificamos y fabricamos villas y fincas de alta calidad en Mallorca\",\"publisher\":{\"@id\":\"https:\/\/es.heberger.co\/es\/#organization\"},\"potentialAction\":[{\"@type\":\"SearchAction\",\"target\":{\"@type\":\"EntryPoint\",\"urlTemplate\":\"https:\/\/es.heberger.co\/es\/?s={search_term_string}\"},\"query-input\":{\"@type\":\"PropertyValueSpecification\",\"valueRequired\":true,\"valueName\":\"search_term_string\"}}],\"inLanguage\":\"es\"},{\"@type\":\"Organization\",\"@id\":\"https:\/\/es.heberger.co\/es\/#organization\",\"name\":\"HEBERGER Espa\u00f1ola S.A.\",\"url\":\"https:\/\/es.heberger.co\/es\/\",\"logo\":{\"@type\":\"ImageObject\",\"inLanguage\":\"es\",\"@id\":\"https:\/\/es.heberger.co\/es\/#\/schema\/logo\/image\/\",\"url\":\"https:\/\/es.heberger.co\/wp-content\/uploads\/2023\/03\/heberger_espanola.png\",\"contentUrl\":\"https:\/\/es.heberger.co\/wp-content\/uploads\/2023\/03\/heberger_espanola.png\",\"width\":412,\"height\":31,\"caption\":\"HEBERGER Espa\u00f1ola S.A.\"},\"image\":{\"@id\":\"https:\/\/es.heberger.co\/es\/#\/schema\/logo\/image\/\"},\"sameAs\":[\"https:\/\/www.facebook.com\/hebergerbau\"]}]}<\/script>\n<!-- \/ Yoast SEO plugin. -->","yoast_head_json":{"title":"HEBERGER Espa\u00f1ola S.A. - Datenschutzerkl\u00e4rung","description":"Der Schutz Ihrer Privatsph\u00e4re bei der Verarbeitung pers\u00f6nlicher Daten ist f\u00fcr uns ein wichtiges Anliegen.","robots":{"index":"noindex","follow":"follow","max-snippet":"max-snippet:-1","max-image-preview":"max-image-preview:large","max-video-preview":"max-video-preview:-1"},"og_locale":"es_ES","og_type":"article","og_title":"HEBERGER Espa\u00f1ola S.A. - Datenschutzerkl\u00e4rung","og_description":"Der Schutz Ihrer Privatsph\u00e4re bei der Verarbeitung pers\u00f6nlicher Daten ist f\u00fcr uns ein wichtiges Anliegen.","og_url":"https:\/\/es.heberger.co\/es\/datenschutzerklaerung\/","og_site_name":"HEBERGER Espa\u00f1ola S.A.","article_publisher":"https:\/\/www.facebook.com\/hebergerbau","article_modified_time":"2023-05-15T09:56:33+00:00","twitter_card":"summary_large_image","twitter_misc":{"Tiempo de lectura":"10 minutos"},"schema":{"@context":"https:\/\/schema.org","@graph":[{"@type":"WebPage","@id":"https:\/\/es.heberger.co\/es\/datenschutzerklaerung\/","url":"https:\/\/es.heberger.co\/es\/datenschutzerklaerung\/","name":"HEBERGER Espa\u00f1ola S.A. - Datenschutzerkl\u00e4rung","isPartOf":{"@id":"https:\/\/es.heberger.co\/es\/#website"},"datePublished":"2023-03-08T06:54:36+00:00","dateModified":"2023-05-15T09:56:33+00:00","description":"Der Schutz Ihrer Privatsph\u00e4re bei der Verarbeitung pers\u00f6nlicher Daten ist f\u00fcr uns ein wichtiges Anliegen.","breadcrumb":{"@id":"https:\/\/es.heberger.co\/es\/datenschutzerklaerung\/#breadcrumb"},"inLanguage":"es","potentialAction":[{"@type":"ReadAction","target":["https:\/\/es.heberger.co\/es\/datenschutzerklaerung\/"]}]},{"@type":"BreadcrumbList","@id":"https:\/\/es.heberger.co\/es\/datenschutzerklaerung\/#breadcrumb","itemListElement":[{"@type":"ListItem","position":1,"name":"Startseite","item":"https:\/\/es.heberger.co\/es\/"},{"@type":"ListItem","position":2,"name":"Datenschutzerkl\u00e4rung"}]},{"@type":"WebSite","@id":"https:\/\/es.heberger.co\/es\/#website","url":"https:\/\/es.heberger.co\/es\/","name":"HEBERGER Espa\u00f1ola S.A.","description":"Planificamos y fabricamos villas y fincas de alta calidad en Mallorca","publisher":{"@id":"https:\/\/es.heberger.co\/es\/#organization"},"potentialAction":[{"@type":"SearchAction","target":{"@type":"EntryPoint","urlTemplate":"https:\/\/es.heberger.co\/es\/?s={search_term_string}"},"query-input":{"@type":"PropertyValueSpecification","valueRequired":true,"valueName":"search_term_string"}}],"inLanguage":"es"},{"@type":"Organization","@id":"https:\/\/es.heberger.co\/es\/#organization","name":"HEBERGER Espa\u00f1ola S.A.","url":"https:\/\/es.heberger.co\/es\/","logo":{"@type":"ImageObject","inLanguage":"es","@id":"https:\/\/es.heberger.co\/es\/#\/schema\/logo\/image\/","url":"https:\/\/es.heberger.co\/wp-content\/uploads\/2023\/03\/heberger_espanola.png","contentUrl":"https:\/\/es.heberger.co\/wp-content\/uploads\/2023\/03\/heberger_espanola.png","width":412,"height":31,"caption":"HEBERGER Espa\u00f1ola S.A."},"image":{"@id":"https:\/\/es.heberger.co\/es\/#\/schema\/logo\/image\/"},"sameAs":["https:\/\/www.facebook.com\/hebergerbau"]}]}},"_links":{"self":[{"href":"https:\/\/es.heberger.co\/es\/wp-json\/wp\/v2\/pages\/9276","targetHints":{"allow":["GET"]}}],"collection":[{"href":"https:\/\/es.heberger.co\/es\/wp-json\/wp\/v2\/pages"}],"about":[{"href":"https:\/\/es.heberger.co\/es\/wp-json\/wp\/v2\/types\/page"}],"author":[{"embeddable":true,"href":"https:\/\/es.heberger.co\/es\/wp-json\/wp\/v2\/users\/1"}],"replies":[{"embeddable":true,"href":"https:\/\/es.heberger.co\/es\/wp-json\/wp\/v2\/comments?post=9276"}],"version-history":[{"count":4,"href":"https:\/\/es.heberger.co\/es\/wp-json\/wp\/v2\/pages\/9276\/revisions"}],"predecessor-version":[{"id":9452,"href":"https:\/\/es.heberger.co\/es\/wp-json\/wp\/v2\/pages\/9276\/revisions\/9452"}],"wp:attachment":[{"href":"https:\/\/es.heberger.co\/es\/wp-json\/wp\/v2\/media?parent=9276"}],"curies":[{"name":"wp","href":"https:\/\/api.w.org\/{rel}","templated":true}]}}