{"id":9266,"date":"2023-03-21T15:43:59","date_gmt":"2023-03-21T14:43:59","guid":{"rendered":"https:\/\/es.heberger.co\/projektplanung\/"},"modified":"2023-05-23T10:30:41","modified_gmt":"2023-05-23T08:30:41","slug":"planificacion-del-proyecto","status":"publish","type":"page","link":"https:\/\/es.heberger.co\/es\/planificacion-del-proyecto\/","title":{"rendered":"Planificaci\u00f3n del proyecto"},"content":{"rendered":"<div class=\"wpb-content-wrapper\"><p>[vc_row row_btt_skin=\u00bblight\u00bb row_background_text_position=\u00bbfront\u00bb][vc_column]<div class=\"mkdf-image-marquee-holder mkdf-im-300 mkdf-im-simple\">\n\t\t\t<div class=\"mkdf-image-marquee\">\n\t    \t        <div class=\"mkdf-image mkdf-original\">\n\t            <img decoding=\"async\" src=\"https:\/\/es.heberger.co\/wp-content\/uploads\/2023\/03\/laufleiste_serena-scaled.jpg\" alt=\"laufleiste_serena\" \/>\n\t        <\/div>\n\t\t\t        <div class=\"mkdf-image mkdf-aux\">\n\t            <img decoding=\"async\" src=\"https:\/\/es.heberger.co\/wp-content\/uploads\/2023\/03\/laufleiste_serena-scaled.jpg\" alt=\"laufleiste_serena\" \/>\n\t        <\/div>\n\t\t    <\/div>\n<\/div>[\/vc_column][\/vc_row][vc_row row_content_width=\u00bbgrid\u00bb row_btt_skin=\u00bblight\u00bb row_background_text_position=\u00bbfront\u00bb content_width=\u00bbgrid\u00bb css=\u00bb.vc_custom_1679473310180{padding-top: 120px !important;}\u00bb][vc_column offset=\u00bbvc_col-lg-offset-0 vc_col-lg-12 vc_col-md-offset-0 vc_col-md-8 vc_col-sm-offset-0&#8243;]<div class=\"mkdf-section-title-holder  mkdf-st-standard mkdf-st-title-left mkdf-st-normal-space \" style=\"text-align: left\">\n\t<div class=\"mkdf-st-inner\">\n                    <h6 class=\"mkdf-st-intro-title\" >\n                EL CAMINO HASTA SU VILLA CON HEBERGER            <\/h6>\n        \t\t\t\t\t<h1 class=\"mkdf-st-title\" >\n\t\t\t\tPlanificaci\u00f3n del proyecto\t\t\t<\/h1>\n\t\t\t\t\t<\/div>\n<\/div>[\/vc_column][\/vc_row][vc_row row_content_width=\u00bbgrid\u00bb row_btt_skin=\u00bblight\u00bb row_background_text_position=\u00bbfront\u00bb content_width=\u00bbgrid\u00bb css=\u00bb.vc_custom_1679473324499{padding-top: 60px !important;padding-bottom: 30px !important;}\u00bb][vc_column width=\u00bb1\/2&#8243; offset=\u00bbvc_col-lg-offset-0 vc_col-lg-6 vc_col-md-offset-0 vc_col-md-8 vc_col-sm-offset-0&#8243;][vc_column_text]<strong>Nos encargamos de todos los servicios de planificaci\u00f3n y construcci\u00f3n necesarios para la realizaci\u00f3n de su proyecto constructivo en Espa\u00f1a. Esto incluye el asesoramiento en la selecci\u00f3n del terreno, la aclaraci\u00f3n de la ejecuci\u00f3n, la presentaci\u00f3n del proyecto b\u00e1sico y de ejecuci\u00f3n a las autoridades pertinentes y la supervisi\u00f3n local de la construcci\u00f3n con control de calidad, costes y plazos.<br \/>\n<\/strong><\/p>\n<ul>\n<li>Asesoramiento y apoyo en la b\u00fasqueda de terrenos<\/li>\n<li>Comprobaci\u00f3n de la edificabilidad del terreno<\/li>\n<li>Preparaci\u00f3n del Estudio geot\u00e9cnico<\/li>\n<li>Planificaci\u00f3n preliminar por parte de nuestros arquitectos, incluyendo la preparaci\u00f3n de visualizaciones en 3D<\/li>\n<li>Redacci\u00f3n del Proyecto b\u00e1sico y Proyecto de ejecuci\u00f3n<\/li>\n<li>Planificaci\u00f3n de la ejecuci\u00f3n (comprobaci\u00f3n de las estructuras, servicios de construcci\u00f3n, planos de detalle)<\/li>\n<li>Solicitud de la licencia de obras<\/li>\n<li>Construcci\u00f3n llave en mano de la casa de sus sue\u00f1os<\/li>\n<li>Hablamos espa\u00f1ol, alem\u00e1n e ingl\u00e9s con fluidez y nos comunicamos en estos idiomas seg\u00fan sea necesario.<\/li>\n<\/ul>\n<p>[\/vc_column_text][vc_empty_space height=\u00bb60px\u00bb]<a itemprop=\"url\" href=\"\/kontakt\" target=\"_self\" style=\"font-size: 20px;font-weight: 400\" class=\"mkdf-btn mkdf-btn-medium mkdf-btn-solid mkdf-btn-icon\"  >\n    <span aria-hidden=\"true\" class=\"mkdf-icon-font-elegant icon_pencil \" ><\/span>    <span class=\"mkdf-btn-text\">Contacte con nosotros<\/span>\n<\/a>[\/vc_column][vc_column width=\u00bb1\/2&#8243;]<div class=\"mkdf-section-title-holder  mkdf-st-standard mkdf-st-title-left mkdf-st-normal-space \" style=\"text-align: left\">\n\t<div class=\"mkdf-st-inner\">\n        \t\t\t\t\t\t\t<p class=\"mkdf-st-text\" >\n\t\t\t\tComo el \u00fanico contratista principal en las Islas Baleares y la pen\u00ednsula con una empresa matriz alemana de renombre y comprometida con los est\u00e1ndares y normas de calidad alemanes, tenemos los mejores requisitos para ser un socio profesional y experimentado para usted. Adem\u00e1s, somos miembros del Colegio de Arquitectos de Espa\u00f1a y estamos autorizados para presentar documentos de construcci\u00f3n. Esto significa que podemos presentar nuestros planos en espa\u00f1ol directamente a todas las autoridades pertinentes para su aprobaci\u00f3n, lo que conlleva un proceso de aprobaci\u00f3n m\u00e1s r\u00e1pido.\t\t\t<\/p>\n\t\t\t<\/div>\n<\/div><div class=\"mkdf-section-title-holder  mkdf-st-standard mkdf-st-title-left mkdf-st-normal-space \" style=\"text-align: left\">\n\t<div class=\"mkdf-st-inner\">\n        \t\t\t\t\t\t\t<p class=\"mkdf-st-text\" style=\"margin-top: 18px\">\n\t\t\t\tGracias a nuestros 20 a\u00f1os de experiencia, nuestros procedimientos y v\u00ednculos profesionales se han consolidado tanto en la isla de baleares como en la pen\u00ednsula, por lo que pueden descartarse sorpresas desagradables. Junto con nuestros jefes de obra, podemos asesorar a nuestros clientes, en su mayor\u00eda alemanes, ingleses o escandinavos. Y lo mejor de todo: usted puede decidir si quiere reunirse con nosotros en Alemania (Schifferstadt) o en Espa\u00f1a (Palma o Granada).\t\t\t<\/p>\n\t\t\t<\/div>\n<\/div>[vc_empty_space height=\u00bb60px\u00bb][\/vc_column][\/vc_row][vc_row row_btt_skin=\u00bblight\u00bb row_background_text_position=\u00bbfront\u00bb][vc_column]<div class=\"mkdf-gallery-blocks-holder mkdf-disable-bottom-space  mkdf-no-space\">\n        <div class=\"mkdf-gb-images mkdf-outer-space\">\n        \t                        <div class=\"mkdf-gb-image mkdf-item-space\">\n            \t                \t                        <img loading=\"lazy\" decoding=\"async\" width=\"1920\" height=\"1080\" src=\"https:\/\/es.heberger.co\/wp-content\/uploads\/2023\/04\/Baustelle_10.jpg\" class=\"attachment-full size-full\" alt=\"Villa Mallorca Baustelle\" srcset=\"https:\/\/es.heberger.co\/wp-content\/uploads\/2023\/04\/Baustelle_10.jpg 1920w, https:\/\/es.heberger.co\/wp-content\/uploads\/2023\/04\/Baustelle_10-300x169.jpg 300w, https:\/\/es.heberger.co\/wp-content\/uploads\/2023\/04\/Baustelle_10-1024x576.jpg 1024w, https:\/\/es.heberger.co\/wp-content\/uploads\/2023\/04\/Baustelle_10-768x432.jpg 768w, https:\/\/es.heberger.co\/wp-content\/uploads\/2023\/04\/Baustelle_10-1536x864.jpg 1536w\" sizes=\"auto, (max-width: 1920px) 100vw, 1920px\" \/>                                    <\/div>\n        \t                        <div class=\"mkdf-gb-image mkdf-item-space\">\n            \t                \t                        <img loading=\"lazy\" decoding=\"async\" width=\"1920\" height=\"1080\" src=\"https:\/\/es.heberger.co\/wp-content\/uploads\/2023\/03\/Villenbau02-1.jpg\" class=\"attachment-full size-full\" alt=\"Villa Mallorca Baustelle\" srcset=\"https:\/\/es.heberger.co\/wp-content\/uploads\/2023\/03\/Villenbau02-1.jpg 1920w, https:\/\/es.heberger.co\/wp-content\/uploads\/2023\/03\/Villenbau02-1-300x169.jpg 300w, https:\/\/es.heberger.co\/wp-content\/uploads\/2023\/03\/Villenbau02-1-1024x576.jpg 1024w, https:\/\/es.heberger.co\/wp-content\/uploads\/2023\/03\/Villenbau02-1-768x432.jpg 768w, https:\/\/es.heberger.co\/wp-content\/uploads\/2023\/03\/Villenbau02-1-1536x864.jpg 1536w\" sizes=\"auto, (max-width: 1920px) 100vw, 1920px\" \/>                                    <\/div>\n            <\/div>\n<\/div>[\/vc_column][\/vc_row][vc_row row_btt_skin=\u00bblight\u00bb row_background_text_position=\u00bbfront\u00bb row_background_text_align=\u00bbleft\u00bb row_skin=\u00bbdark\u00bb row_background_text_1=\u00bbLo que hacemos\u00bb row_background_text_size=\u00bb180px\u00bb row_background_text_padding_left=\u00bb238px\u00bb row_background_text_padding_top=\u00bb65px\u00bb row_background_text_padding_left_1440=\u00bb4.3%\u00bb row_background_text_size_1280=\u00bb180px\u00bb row_background_text_padding_left_1280=\u00bb4.3%\u00bb row_background_text_size_1440=\u00bb180px\u00bb row_background_text_color=\u00bb#dedfe0&#8243; simple_background_color=\u00bb#00235a\u00bb css=\u00bb.vc_custom_1683722767063{padding-bottom: 60px !important;}\u00bb][vc_column]<div class=\"mkdf-elements-holder   mkdf-one-column  mkdf-responsive-mode-768 \" ><div class=\"mkdf-eh-item    \"  data-item-class=\"mkdf-eh-custom-6529\" data-1367-1600=\"142px 0 0 130px\" data-1025-1366=\"142px 0 0 122px\" data-769-1024=\"96px 0 0 125px\" data-681-768=\"96px 0 0 81px\" data-680=\"99px 0 0 35px\">\n\t<div class=\"mkdf-eh-item-inner\">\n\t\t<div class=\"mkdf-eh-item-content mkdf-eh-custom-6529\" style=\"padding: 142px 0 0 298px\">\n\t\t\t[vc_column_text]<\/p>\n<h1><span style=\"color: #ffffff;\">EL CAMINO HASTA SU VILLA<\/span><\/h1>\n<p>[\/vc_column_text]\t\t<\/div>\n\t<\/div>\n<\/div><\/div>[\/vc_column][\/vc_row][vc_row full_width=\u00bbstretch_row_content\u00bb row_btt_skin=\u00bblight\u00bb content_text_aligment=\u00bbleft\u00bb row_background_text_position=\u00bbfront\u00bb row_skin=\u00bbdark\u00bb css=\u00bb.vc_custom_1679577740462{padding-top: 16px !important;padding-bottom: 62px !important;}\u00bb simple_background_color=\u00bb#00235a\u00bb][vc_column width=\u00bb1\/2&#8243; offset=\u00bbvc_col-lg-offset-0 vc_col-lg-3 vc_col-md-offset-0 vc_col-md-6 vc_col-sm-offset-0&#8243;]<div class=\"mkdf-banner-holder mm-stylebanner mkdf-visible-on-default mkdf-banner-info-default\">\n    <div class=\"mkdf-banner-image\">\n        <img loading=\"lazy\" decoding=\"async\" width=\"1437\" height=\"1080\" src=\"https:\/\/es.heberger.co\/wp-content\/uploads\/2023\/03\/leben.jpg\" class=\"aligncenter\" alt=\"Villenbau Mallorca\" srcset=\"https:\/\/es.heberger.co\/wp-content\/uploads\/2023\/03\/leben.jpg 1437w, https:\/\/es.heberger.co\/wp-content\/uploads\/2023\/03\/leben-300x225.jpg 300w, https:\/\/es.heberger.co\/wp-content\/uploads\/2023\/03\/leben-1024x770.jpg 1024w, https:\/\/es.heberger.co\/wp-content\/uploads\/2023\/03\/leben-768x577.jpg 768w\" sizes=\"auto, (max-width: 1437px) 100vw, 1437px\" \/> \n    <\/div>\n    <div class=\"mkdf-banner-text-holder\" style=\"padding: 35px 22px 31px 0\">\n\t    <div class=\"mkdf-banner-text-outer\">\n\t\t    <div class=\"mkdf-banner-text-inner\">\n\t\n\t\t\t<div class=\"mkdf-bg-white1\">\t\t        \t\t            <h5 class=\"mkdf-banner-subtitle\" style=\"font-size: 12px\">\n\t\t\t            Qu\u00e9 aspectos hay que tener en cuenta antes de comprar\t\t            <\/h5>\n\t<\/div>\t\t        \t<div class=\"mkdf-bg-white2\">\t\t        \t\t            <h4 class=\"mkdf-banner-title\" style=\"margin-top: -3px\">\n\t\t                GENERAL\t                <\/h4>\n\t<\/div>\t\t        \t\t\t\t                    <a itemprop=\"url\" href=\"\/allgemeine-informationen\" target=\"_self\"  class=\"mkdf-btn mkdf-btn-medium mkdf-btn-simple\"  >\n        <span class=\"mkdf-btn-text\"><\/span>\n<\/a>\t\t        \t\t\t<\/div>\n\t\t<\/div>\n\t<\/div>\n\t        <a itemprop=\"url\" class=\"mkdf-banner-link\" href=\"\/allgemeine-informationen\" target=\"_self\"><\/a>\n    <div class=\"mkdf-banner-bottom-line\" ><\/div>\n<\/div>[vc_empty_space][\/vc_column][vc_column width=\u00bb1\/2&#8243; offset=\u00bbvc_col-lg-offset-0 vc_col-lg-3 vc_col-md-offset-0 vc_col-md-6 vc_col-sm-offset-0&#8243;]<div class=\"mkdf-banner-holder mm-stylebanner mkdf-visible-on-default mkdf-banner-info-default\">\n    <div class=\"mkdf-banner-image\">\n        <img loading=\"lazy\" decoding=\"async\" width=\"1702\" height=\"1280\" src=\"https:\/\/es.heberger.co\/wp-content\/uploads\/2023\/03\/IMG_8862.jpg\" class=\"aligncenter\" alt=\"Villa Mallorca Baustelle\" srcset=\"https:\/\/es.heberger.co\/wp-content\/uploads\/2023\/03\/IMG_8862.jpg 1702w, https:\/\/es.heberger.co\/wp-content\/uploads\/2023\/03\/IMG_8862-300x226.jpg 300w, https:\/\/es.heberger.co\/wp-content\/uploads\/2023\/03\/IMG_8862-1024x770.jpg 1024w, https:\/\/es.heberger.co\/wp-content\/uploads\/2023\/03\/IMG_8862-768x578.jpg 768w, https:\/\/es.heberger.co\/wp-content\/uploads\/2023\/03\/IMG_8862-1536x1155.jpg 1536w\" sizes=\"auto, (max-width: 1702px) 100vw, 1702px\" \/> \n    <\/div>\n    <div class=\"mkdf-banner-text-holder\" style=\"padding: 35px 22px 31px 0\">\n\t    <div class=\"mkdf-banner-text-outer\">\n\t\t    <div class=\"mkdf-banner-text-inner\">\n\t\n\t\t\t<div class=\"mkdf-bg-white1\">\t\t        \t\t            <h5 class=\"mkdf-banner-subtitle\" style=\"font-size: 12px\">\n\t\t\t            Planificamos el proyecto con usted\t\t            <\/h5>\n\t<\/div>\t\t        \t<div class=\"mkdf-bg-white2\">\t\t        \t\t            <h4 class=\"mkdf-banner-title\" style=\"margin-top: -3px\">\n\t\t                PLANIFICACI\u00d3N DEL PROYECTO\t                <\/h4>\n\t<\/div>\t\t        \t\t\t\t                    <a itemprop=\"url\" href=\"\/projektplanung\" target=\"_self\"  class=\"mkdf-btn mkdf-btn-medium mkdf-btn-simple\"  >\n        <span class=\"mkdf-btn-text\"><\/span>\n<\/a>\t\t        \t\t\t<\/div>\n\t\t<\/div>\n\t<\/div>\n\t        <a itemprop=\"url\" class=\"mkdf-banner-link\" href=\"\/projektplanung\" target=\"_self\"><\/a>\n    <div class=\"mkdf-banner-bottom-line\" ><\/div>\n<\/div>[vc_empty_space][\/vc_column][vc_column width=\u00bb1\/2&#8243; offset=\u00bbvc_col-lg-offset-0 vc_col-lg-3 vc_col-md-offset-0 vc_col-md-6 vc_col-sm-offset-0&#8243;]<div class=\"mkdf-banner-holder mm-stylebanner mkdf-visible-on-default mkdf-banner-info-default\">\n    <div class=\"mkdf-banner-image\">\n        <img loading=\"lazy\" decoding=\"async\" width=\"1700\" height=\"1278\" src=\"https:\/\/es.heberger.co\/wp-content\/uploads\/2023\/03\/IMG_8841.jpg\" class=\"aligncenter\" alt=\"Villa Mallorca Baustelle\" srcset=\"https:\/\/es.heberger.co\/wp-content\/uploads\/2023\/03\/IMG_8841.jpg 1700w, https:\/\/es.heberger.co\/wp-content\/uploads\/2023\/03\/IMG_8841-300x226.jpg 300w, https:\/\/es.heberger.co\/wp-content\/uploads\/2023\/03\/IMG_8841-1024x770.jpg 1024w, https:\/\/es.heberger.co\/wp-content\/uploads\/2023\/03\/IMG_8841-768x577.jpg 768w, https:\/\/es.heberger.co\/wp-content\/uploads\/2023\/03\/IMG_8841-1536x1155.jpg 1536w\" sizes=\"auto, (max-width: 1700px) 100vw, 1700px\" \/> \n    <\/div>\n    <div class=\"mkdf-banner-text-holder\" style=\"padding: 35px 22px 31px 0\">\n\t    <div class=\"mkdf-banner-text-outer\">\n\t\t    <div class=\"mkdf-banner-text-inner\">\n\t\n\t\t\t<div class=\"mkdf-bg-white1\">\t\t        \t\t            <h5 class=\"mkdf-banner-subtitle\" style=\"font-size: 12px\">\n\t\t\t            Le acompa\u00f1amos en su proyecto\t\t            <\/h5>\n\t<\/div>\t\t        \t<div class=\"mkdf-bg-white2\">\t\t        \t\t            <h4 class=\"mkdf-banner-title\" style=\"margin-top: -3px\">\n\t\t                CONSTRUCCI\u00d3N\t                <\/h4>\n\t<\/div>\t\t        \t\t\t\t                    <a itemprop=\"url\" href=\"\/bauausfuehrung\" target=\"_self\"  class=\"mkdf-btn mkdf-btn-medium mkdf-btn-simple\"  >\n        <span class=\"mkdf-btn-text\"><\/span>\n<\/a>\t\t        \t\t\t<\/div>\n\t\t<\/div>\n\t<\/div>\n\t        <a itemprop=\"url\" class=\"mkdf-banner-link\" href=\"\/bauausfuehrung\" target=\"_self\"><\/a>\n    <div class=\"mkdf-banner-bottom-line\" ><\/div>\n<\/div>[vc_empty_space][\/vc_column][vc_column width=\u00bb1\/2&#8243; offset=\u00bbvc_col-lg-offset-0 vc_col-lg-3 vc_col-md-offset-0 vc_col-md-6 vc_col-sm-offset-0&#8243;]<div class=\"mkdf-banner-holder mm-stylebanner mkdf-visible-on-default mkdf-banner-info-default\">\n    <div class=\"mkdf-banner-image\">\n        <img loading=\"lazy\" decoding=\"async\" width=\"1700\" height=\"1279\" src=\"https:\/\/es.heberger.co\/wp-content\/uploads\/2023\/03\/Enscape_2023-03-02-10-55-10.jpg\" class=\"aligncenter\" alt=\"Villa Mallorca Pool\" srcset=\"https:\/\/es.heberger.co\/wp-content\/uploads\/2023\/03\/Enscape_2023-03-02-10-55-10.jpg 1700w, https:\/\/es.heberger.co\/wp-content\/uploads\/2023\/03\/Enscape_2023-03-02-10-55-10-300x226.jpg 300w, https:\/\/es.heberger.co\/wp-content\/uploads\/2023\/03\/Enscape_2023-03-02-10-55-10-1024x770.jpg 1024w, https:\/\/es.heberger.co\/wp-content\/uploads\/2023\/03\/Enscape_2023-03-02-10-55-10-768x578.jpg 768w, https:\/\/es.heberger.co\/wp-content\/uploads\/2023\/03\/Enscape_2023-03-02-10-55-10-1536x1156.jpg 1536w\" sizes=\"auto, (max-width: 1700px) 100vw, 1700px\" \/> \n    <\/div>\n    <div class=\"mkdf-banner-text-holder\" style=\"padding: 35px 22px 31px 0\">\n\t    <div class=\"mkdf-banner-text-outer\">\n\t\t    <div class=\"mkdf-banner-text-inner\">\n\t\n\t\t\t<div class=\"mkdf-bg-white1\">\t\t        \t\t            <h5 class=\"mkdf-banner-subtitle\" style=\"font-size: 12px\">\n\t\t\t            Nuestro cat\u00e1logo de Villas\t\t            <\/h5>\n\t<\/div>\t\t        \t<div class=\"mkdf-bg-white2\">\t\t        \t\t            <h4 class=\"mkdf-banner-title\" style=\"margin-top: -3px\">\n\t\t                CAT\u00c1LOGO DE VILLAS\t                <\/h4>\n\t<\/div>\t\t        \t\t\t\t                    <a itemprop=\"url\" href=\"\/villenkonzepte\" target=\"_self\"  class=\"mkdf-btn mkdf-btn-medium mkdf-btn-simple\"  >\n        <span class=\"mkdf-btn-text\"><\/span>\n<\/a>\t\t        \t\t\t<\/div>\n\t\t<\/div>\n\t<\/div>\n\t        <a itemprop=\"url\" class=\"mkdf-banner-link\" href=\"\/villenkonzepte\" target=\"_self\"><\/a>\n    <div class=\"mkdf-banner-bottom-line\" ><\/div>\n<\/div>[vc_empty_space][\/vc_column][\/vc_row]<\/p>\n<\/div>","protected":false},"excerpt":{"rendered":"<p>[vc_row row_btt_skin=\u00bblight\u00bb row_background_text_position=\u00bbfront\u00bb][vc_column][\/vc_column][\/vc_row][vc_row row_content_width=\u00bbgrid\u00bb row_btt_skin=\u00bblight\u00bb row_background_text_position=\u00bbfront\u00bb content_width=\u00bbgrid\u00bb css=\u00bb.vc_custom_1679473310180{padding-top: 120px !important;}\u00bb][vc_column offset=\u00bbvc_col-lg-offset-0 vc_col-lg-12 vc_col-md-offset-0 vc_col-md-8 vc_col-sm-offset-0&#8243;][\/vc_column][\/vc_row][vc_row row_content_width=\u00bbgrid\u00bb row_btt_skin=\u00bblight\u00bb row_background_text_position=\u00bbfront\u00bb content_width=\u00bbgrid\u00bb css=\u00bb.vc_custom_1679473324499{padding-top: 60px !important;padding-bottom: 30px !important;}\u00bb][vc_column width=\u00bb1\/2&#8243; offset=\u00bbvc_col-lg-offset-0 vc_col-lg-6 vc_col-md-offset-0 vc_col-md-8 vc_col-sm-offset-0&#8243;][vc_column_text]Nos encargamos de todos los servicios de planificaci\u00f3n y construcci\u00f3n necesarios [&hellip;]<\/p>\n","protected":false},"author":1,"featured_media":0,"parent":0,"menu_order":0,"comment_status":"closed","ping_status":"closed","template":"qi-blocks-full-width.php","meta":{"footnotes":""},"class_list":["post-9266","page","type-page","status-publish","hentry"],"yoast_head":"<!-- This site is optimized with the Yoast SEO plugin v26.2 - https:\/\/yoast.com\/wordpress\/plugins\/seo\/ -->\n<title>HEBERGER Espa\u00f1ola S.A. - Planificaci\u00f3n del proyecto<\/title>\n<meta name=\"description\" content=\"Nos encargamos de todos los servicios de planificaci\u00f3n y construcci\u00f3n necesarios para llevar a cabo su proyecto de construcci\u00f3n en Espa\u00f1a.\" \/>\n<meta name=\"robots\" content=\"noindex, follow, max-snippet:-1, max-image-preview:large, max-video-preview:-1\" \/>\n<meta property=\"og:locale\" content=\"es_ES\" \/>\n<meta property=\"og:type\" content=\"article\" \/>\n<meta property=\"og:title\" content=\"HEBERGER Espa\u00f1ola S.A. - Planificaci\u00f3n del proyecto\" \/>\n<meta property=\"og:description\" content=\"Nos encargamos de todos los servicios de planificaci\u00f3n y construcci\u00f3n necesarios para llevar a cabo su proyecto de construcci\u00f3n en Espa\u00f1a.\" \/>\n<meta property=\"og:url\" content=\"https:\/\/es.heberger.co\/es\/planificacion-del-proyecto\/\" \/>\n<meta property=\"og:site_name\" content=\"HEBERGER Espa\u00f1ola S.A.\" \/>\n<meta property=\"article:publisher\" content=\"https:\/\/www.facebook.com\/hebergerbau\" \/>\n<meta property=\"article:modified_time\" content=\"2023-05-23T08:30:41+00:00\" \/>\n<meta name=\"twitter:card\" content=\"summary_large_image\" \/>\n<meta name=\"twitter:label1\" content=\"Tiempo de lectura\" \/>\n\t<meta name=\"twitter:data1\" content=\"4 minutos\" \/>\n<script type=\"application\/ld+json\" class=\"yoast-schema-graph\">{\"@context\":\"https:\/\/schema.org\",\"@graph\":[{\"@type\":\"WebPage\",\"@id\":\"https:\/\/es.heberger.co\/es\/planificacion-del-proyecto\/\",\"url\":\"https:\/\/es.heberger.co\/es\/planificacion-del-proyecto\/\",\"name\":\"HEBERGER Espa\u00f1ola S.A. - Planificaci\u00f3n del proyecto\",\"isPartOf\":{\"@id\":\"https:\/\/es.heberger.co\/es\/#website\"},\"datePublished\":\"2023-03-21T14:43:59+00:00\",\"dateModified\":\"2023-05-23T08:30:41+00:00\",\"description\":\"Nos encargamos de todos los servicios de planificaci\u00f3n y construcci\u00f3n necesarios para llevar a cabo su proyecto de construcci\u00f3n en Espa\u00f1a.\",\"breadcrumb\":{\"@id\":\"https:\/\/es.heberger.co\/es\/planificacion-del-proyecto\/#breadcrumb\"},\"inLanguage\":\"es\",\"potentialAction\":[{\"@type\":\"ReadAction\",\"target\":[\"https:\/\/es.heberger.co\/es\/planificacion-del-proyecto\/\"]}]},{\"@type\":\"BreadcrumbList\",\"@id\":\"https:\/\/es.heberger.co\/es\/planificacion-del-proyecto\/#breadcrumb\",\"itemListElement\":[{\"@type\":\"ListItem\",\"position\":1,\"name\":\"Startseite\",\"item\":\"https:\/\/es.heberger.co\/es\/\"},{\"@type\":\"ListItem\",\"position\":2,\"name\":\"Planificaci\u00f3n del proyecto\"}]},{\"@type\":\"WebSite\",\"@id\":\"https:\/\/es.heberger.co\/es\/#website\",\"url\":\"https:\/\/es.heberger.co\/es\/\",\"name\":\"HEBERGER Espa\u00f1ola S.A.\",\"description\":\"Planificamos y fabricamos villas y fincas de alta calidad en Mallorca\",\"publisher\":{\"@id\":\"https:\/\/es.heberger.co\/es\/#organization\"},\"potentialAction\":[{\"@type\":\"SearchAction\",\"target\":{\"@type\":\"EntryPoint\",\"urlTemplate\":\"https:\/\/es.heberger.co\/es\/?s={search_term_string}\"},\"query-input\":{\"@type\":\"PropertyValueSpecification\",\"valueRequired\":true,\"valueName\":\"search_term_string\"}}],\"inLanguage\":\"es\"},{\"@type\":\"Organization\",\"@id\":\"https:\/\/es.heberger.co\/es\/#organization\",\"name\":\"HEBERGER Espa\u00f1ola S.A.\",\"url\":\"https:\/\/es.heberger.co\/es\/\",\"logo\":{\"@type\":\"ImageObject\",\"inLanguage\":\"es\",\"@id\":\"https:\/\/es.heberger.co\/es\/#\/schema\/logo\/image\/\",\"url\":\"https:\/\/es.heberger.co\/wp-content\/uploads\/2023\/03\/heberger_espanola.png\",\"contentUrl\":\"https:\/\/es.heberger.co\/wp-content\/uploads\/2023\/03\/heberger_espanola.png\",\"width\":412,\"height\":31,\"caption\":\"HEBERGER Espa\u00f1ola S.A.\"},\"image\":{\"@id\":\"https:\/\/es.heberger.co\/es\/#\/schema\/logo\/image\/\"},\"sameAs\":[\"https:\/\/www.facebook.com\/hebergerbau\"]}]}<\/script>\n<!-- \/ Yoast SEO plugin. -->","yoast_head_json":{"title":"HEBERGER Espa\u00f1ola S.A. - Planificaci\u00f3n del proyecto","description":"Nos encargamos de todos los servicios de planificaci\u00f3n y construcci\u00f3n necesarios para llevar a cabo su proyecto de construcci\u00f3n en Espa\u00f1a.","robots":{"index":"noindex","follow":"follow","max-snippet":"max-snippet:-1","max-image-preview":"max-image-preview:large","max-video-preview":"max-video-preview:-1"},"og_locale":"es_ES","og_type":"article","og_title":"HEBERGER Espa\u00f1ola S.A. - Planificaci\u00f3n del proyecto","og_description":"Nos encargamos de todos los servicios de planificaci\u00f3n y construcci\u00f3n necesarios para llevar a cabo su proyecto de construcci\u00f3n en Espa\u00f1a.","og_url":"https:\/\/es.heberger.co\/es\/planificacion-del-proyecto\/","og_site_name":"HEBERGER Espa\u00f1ola S.A.","article_publisher":"https:\/\/www.facebook.com\/hebergerbau","article_modified_time":"2023-05-23T08:30:41+00:00","twitter_card":"summary_large_image","twitter_misc":{"Tiempo de lectura":"4 minutos"},"schema":{"@context":"https:\/\/schema.org","@graph":[{"@type":"WebPage","@id":"https:\/\/es.heberger.co\/es\/planificacion-del-proyecto\/","url":"https:\/\/es.heberger.co\/es\/planificacion-del-proyecto\/","name":"HEBERGER Espa\u00f1ola S.A. - Planificaci\u00f3n del proyecto","isPartOf":{"@id":"https:\/\/es.heberger.co\/es\/#website"},"datePublished":"2023-03-21T14:43:59+00:00","dateModified":"2023-05-23T08:30:41+00:00","description":"Nos encargamos de todos los servicios de planificaci\u00f3n y construcci\u00f3n necesarios para llevar a cabo su proyecto de construcci\u00f3n en Espa\u00f1a.","breadcrumb":{"@id":"https:\/\/es.heberger.co\/es\/planificacion-del-proyecto\/#breadcrumb"},"inLanguage":"es","potentialAction":[{"@type":"ReadAction","target":["https:\/\/es.heberger.co\/es\/planificacion-del-proyecto\/"]}]},{"@type":"BreadcrumbList","@id":"https:\/\/es.heberger.co\/es\/planificacion-del-proyecto\/#breadcrumb","itemListElement":[{"@type":"ListItem","position":1,"name":"Startseite","item":"https:\/\/es.heberger.co\/es\/"},{"@type":"ListItem","position":2,"name":"Planificaci\u00f3n del proyecto"}]},{"@type":"WebSite","@id":"https:\/\/es.heberger.co\/es\/#website","url":"https:\/\/es.heberger.co\/es\/","name":"HEBERGER Espa\u00f1ola S.A.","description":"Planificamos y fabricamos villas y fincas de alta calidad en Mallorca","publisher":{"@id":"https:\/\/es.heberger.co\/es\/#organization"},"potentialAction":[{"@type":"SearchAction","target":{"@type":"EntryPoint","urlTemplate":"https:\/\/es.heberger.co\/es\/?s={search_term_string}"},"query-input":{"@type":"PropertyValueSpecification","valueRequired":true,"valueName":"search_term_string"}}],"inLanguage":"es"},{"@type":"Organization","@id":"https:\/\/es.heberger.co\/es\/#organization","name":"HEBERGER Espa\u00f1ola S.A.","url":"https:\/\/es.heberger.co\/es\/","logo":{"@type":"ImageObject","inLanguage":"es","@id":"https:\/\/es.heberger.co\/es\/#\/schema\/logo\/image\/","url":"https:\/\/es.heberger.co\/wp-content\/uploads\/2023\/03\/heberger_espanola.png","contentUrl":"https:\/\/es.heberger.co\/wp-content\/uploads\/2023\/03\/heberger_espanola.png","width":412,"height":31,"caption":"HEBERGER Espa\u00f1ola S.A."},"image":{"@id":"https:\/\/es.heberger.co\/es\/#\/schema\/logo\/image\/"},"sameAs":["https:\/\/www.facebook.com\/hebergerbau"]}]}},"_links":{"self":[{"href":"https:\/\/es.heberger.co\/es\/wp-json\/wp\/v2\/pages\/9266","targetHints":{"allow":["GET"]}}],"collection":[{"href":"https:\/\/es.heberger.co\/es\/wp-json\/wp\/v2\/pages"}],"about":[{"href":"https:\/\/es.heberger.co\/es\/wp-json\/wp\/v2\/types\/page"}],"author":[{"embeddable":true,"href":"https:\/\/es.heberger.co\/es\/wp-json\/wp\/v2\/users\/1"}],"replies":[{"embeddable":true,"href":"https:\/\/es.heberger.co\/es\/wp-json\/wp\/v2\/comments?post=9266"}],"version-history":[{"count":4,"href":"https:\/\/es.heberger.co\/es\/wp-json\/wp\/v2\/pages\/9266\/revisions"}],"predecessor-version":[{"id":9473,"href":"https:\/\/es.heberger.co\/es\/wp-json\/wp\/v2\/pages\/9266\/revisions\/9473"}],"wp:attachment":[{"href":"https:\/\/es.heberger.co\/es\/wp-json\/wp\/v2\/media?parent=9266"}],"curies":[{"name":"wp","href":"https:\/\/api.w.org\/{rel}","templated":true}]}}