{"id":9247,"date":"2023-03-23T16:15:55","date_gmt":"2023-03-23T15:15:55","guid":{"rendered":"https:\/\/es.heberger.co\/ueber-uns-alternative\/"},"modified":"2023-05-10T15:29:33","modified_gmt":"2023-05-10T13:29:33","slug":"quienes-somos-alternativa","status":"publish","type":"page","link":"https:\/\/es.heberger.co\/es\/quienes-somos-alternativa\/","title":{"rendered":"Qui\u00e9nes somos alternativa"},"content":{"rendered":"<div class=\"wpb-content-wrapper\"><p>[vc_row disable_element=\u00bbyes\u00bb row_btt_skin=\u00bblight\u00bb row_background_text_position=\u00bbfront\u00bb row_skin=\u00bblight\u00bb][vc_column]<div class=\"mkdf-portfolio-fullheight-slider-holder \"><div class=\"mkdf-portfolio-list-holder mkdf-grid-list mkdf-disable-bottom-space mkdf-pl-gallery mkdf-two-columns mkdf-no-space mkdf-pl-fullheight-slider    mkdf-pl-pag-no-pagination      mkdf-pl-default-skin\"  data-type=gallery data-skin=default-skin data-number-of-columns=two data-space-between-items=no data-number-of-items=5 data-image-proportions=full data-enable-fixed-proportions=no data-enable-image-shadow=no data-category=villn data-orderby=date data-order=ASC data-item-style=fullheight-slider data-enable-title=yes data-title-tag=h4 data-enable-category=yes data-enable-count-images=yes data-enable-excerpt=no data-excerpt-length=20 data-readmore=yes data-pagination-type=no-pagination data-filter=no data-filter-order-by=name data-enable-article-animation=no data-portfolio-slider-on=yes data-enable-loop=no data-enable-autoplay=yes data-slider-speed=5000 data-slider-speed-animation=600 data-enable-navigation=no data-enable-pagination=yes data-enable-auto-width=no data-max-num-pages=0 data-next-page=2>\n\t\t<div class=\"mkdf-pl-inner mkdf-outer-space mkdf-owl-slider mkdf-list-is-slider clearfix\">\n\t\t<p class=\"mkdf-pl-not-found\">Sorry, no posts matched your criteria.<\/p>\t<\/div>\n\t\n\t<\/div><\/div>[\/vc_column][\/vc_row][vc_row row_btt_skin=\u00bblight\u00bb row_background_text_position=\u00bbback\u00bb row_background_text_vertical_align=\u00bbtop\u00bb row_skin=\u00bblight\u00bb css=\u00bb.vc_custom_1683725373505{margin-right: 0px !important;margin-left: 0px !important;}\u00bb row_background_text_1=\u00bbQui\u00e9nes somos\u00bb row_background_text_size=\u00bb180px\u00bb row_background_text_size_1440=\u00bb145px\u00bb row_background_text_size_1280=\u00bb140px\u00bb row_background_text_color=\u00bb#dedfe0&#8243; row_background_text_padding_top=\u00bb87px\u00bb row_background_text_padding_top_1440=\u00bb27px\u00bb row_background_text_padding_top_1280=\u00bb17px\u00bb row_background_text_padding_left=\u00bb209px\u00bb row_background_text_padding_left_1440=\u00bb52px\u00bb row_background_text_padding_left_1280=\u00bb63px\u00bb][vc_column offset=\u00bbvc_col-lg-offset-0 vc_col-lg-3\/5 vc_col-md-offset-0 vc_col-md-12 vc_col-sm-offset-0&#8243; css=\u00bb.vc_custom_1544789042512{padding-right: 0px !important;padding-left: 0px !important;}\u00bb]<div class=\"mkdf-elements-holder   mkdf-one-column  mkdf-responsive-mode-768 \" ><div class=\"mkdf-eh-item    \"  data-item-class=\"mkdf-eh-custom-1751\" data-1367-1600=\"0px 80px 0 93px\" data-1025-1366=\"30px 40px 0 122px\" data-769-1024=\"30px 390px 80px 137px\" data-681-768=\"0px 250px 80px 64px\" data-680=\"0px 30px 80px 27px\">\n\t<div class=\"mkdf-eh-item-inner\">\n\t\t<div class=\"mkdf-eh-item-content mkdf-eh-custom-1751\" style=\"padding: 164px 150px 0px 305px\">\n\t\t\t[vc_column_text]<\/p>\n<h1>Qui\u00e9nes somos<\/h1>\n<p>[\/vc_column_text][vc_empty_space height=\u00bb11px\u00bb][vc_column_text el_class=\u00bbmkdf-paragraph-bigger\u00bb]<\/p>\n<h4><em>\u00abNuestros clientes son exigentes: una buena relaci\u00f3n coste-beneficio es tan importante para ellos como un alto nivel de profesionalidad y experiencia arquitect\u00f3nica. Estas son sin duda razones importantes por las que nuestros clientes han elegido HEBERGER\u00bb.<\/em><\/h4>\n<h4 style=\"margin-top: 1px;\"><em>\u00a0<\/em><\/h4>\n<p>[\/vc_column_text][vc_empty_space]\t\t<\/div>\n\t<\/div>\n<\/div><\/div>[\/vc_column][vc_column offset=\u00bbvc_col-lg-offset-0 vc_col-lg-2\/5 vc_col-md-offset-0 vc_col-md-12 vc_col-sm-offset-0&#8243; css=\u00bb.vc_custom_1544789057954{padding-right: 0px !important;padding-left: 0px !important;}\u00bb]<div class=\"mkdf-elements-holder   mkdf-one-column  mkdf-responsive-mode-768 \" ><div class=\"mkdf-eh-item    \"  data-item-class=\"mkdf-eh-custom-8416\" data-1367-1600=\"0 0 0 0px\" data-1025-1366=\"0 0 0 0px\" data-769-1024=\"0 137px 130px 137px\" data-681-768=\"0 64px 130px 64px\" data-680=\"0 0 130px 0\">\n\t<div class=\"mkdf-eh-item-inner\">\n\t\t<div class=\"mkdf-eh-item-content mkdf-eh-custom-8416\" style=\"padding: 0 0 0 0px\">\n\t\t\t<div class=\"mkdf-single-image-holder   \">\n    <div class=\"mkdf-si-inner\" >\n                                    <img loading=\"lazy\" decoding=\"async\" width=\"1920\" height=\"1281\" src=\"https:\/\/es.heberger.co\/wp-content\/uploads\/2023\/03\/gf.jpg\" class=\"attachment-full size-full\" alt=\"Villa Mallorca Gesch\u00e4ftsf\u00fchrung\" srcset=\"https:\/\/es.heberger.co\/wp-content\/uploads\/2023\/03\/gf.jpg 1920w, https:\/\/es.heberger.co\/wp-content\/uploads\/2023\/03\/gf-300x200.jpg 300w, https:\/\/es.heberger.co\/wp-content\/uploads\/2023\/03\/gf-1024x683.jpg 1024w, https:\/\/es.heberger.co\/wp-content\/uploads\/2023\/03\/gf-768x512.jpg 768w, https:\/\/es.heberger.co\/wp-content\/uploads\/2023\/03\/gf-1536x1025.jpg 1536w\" sizes=\"auto, (max-width: 1920px) 100vw, 1920px\" \/>                        <\/div>\n<\/div>\t\t<\/div>\n\t<\/div>\n<\/div><\/div>[\/vc_column][\/vc_row][vc_row row_btt_skin=\u00bblight\u00bb row_background_text_position=\u00bbfront\u00bb row_skin=\u00bblight\u00bb css=\u00bb.vc_custom_1547629977511{margin-right: 0px !important;margin-left: 0px !important;}\u00bb][vc_column offset=\u00bbvc_col-lg-offset-0 vc_col-lg-3\/5 vc_col-md-offset-0 vc_col-md-12 vc_col-sm-offset-0&#8243; css=\u00bb.vc_custom_1679585967206{padding-right: 0px !important;padding-left: 0px !important;background-image: url(https:\/\/es.heberger.co\/wp-content\/uploads\/2023\/03\/Fotolia_132350460_L.jpg?id=7331) !important;background-position: center !important;background-repeat: no-repeat !important;background-size: cover !important;}\u00bb]<div class=\"mkdf-elements-holder   mkdf-two-columns  mkdf-responsive-mode-768 \" ><div class=\"mkdf-eh-item    \"  data-item-class=\"mkdf-eh-custom-9084\" data-1367-1600=\"74px 95px 122px 67px\" data-1025-1366=\"74px 0px 122px 99px\" data-769-1024=\"71px 146px 122px 64px\" data-681-768=\"71px 420px 72px 62px\" data-680=\"72px 76px 72px 28px\">\n\t<div class=\"mkdf-eh-item-inner\">\n\t\t<div class=\"mkdf-eh-item-content mkdf-eh-custom-9084\" style=\"padding: 69px 116px 122px 184px\">\n\t\t\t[vc_empty_space height=\u00bb500px\u00bb]\t\t<\/div>\n\t<\/div>\n<\/div><\/div>[\/vc_column][vc_column offset=\u00bbvc_col-lg-offset-0 vc_col-lg-2\/5 vc_col-md-offset-0 vc_col-md-12 vc_col-sm-offset-0&#8243; css=\u00bb.vc_custom_1544789351551{padding-right: 0px !important;padding-left: 0px !important;}\u00bb][vc_row_inner el_class=\u00bbhetxt60&#8243;][vc_column_inner][vc_column_text]<\/p>\n<h3>\u00c9xito gracias a la experiencia y a la atenci\u00f3n al cliente<\/h3>\n<p>[\/vc_column_text][vc_column_text]Tras 50 a\u00f1os de experiencia en la construcci\u00f3n en Alemania, en 1997 decidimos empezar en Espa\u00f1a. Desde entonces, nuestra filial independiente HEBERGER Espa\u00f1ola construye para clientes exigentes, tanto de la pen\u00ednsula como de la isla de Mallorca. Nuestra gama de servicios abarca un amplio espectro que va m\u00e1s all\u00e1 de la mera construcci\u00f3n de todo tipo de proyectos. Entre otras cosas, los clientes pueden, si as\u00ed lo desean, recurrir a un an\u00e1lisis de viabilidad de parcelas, asesoramiento, planificaci\u00f3n y, por supuesto, la construcci\u00f3n del proyecto deseado. Con sucursales en Granada, Mallorca y Alemania, as\u00ed como un equipo internacional, intentamos ser lo m\u00e1s flexibles posible para nuestros clientes, con el fin de posibilitar una cooperaci\u00f3n estrecha y fruct\u00edfera.[\/vc_column_text][\/vc_column_inner][\/vc_row_inner][\/vc_column][\/vc_row][vc_row row_btt_skin=\u00bblight\u00bb disable_background_image=\u00bb\u00bb row_background_text_position=\u00bbfront\u00bb row_background_text_align=\u00bbleft\u00bb row_background_text_vertical_align=\u00bbtop\u00bb row_skin=\u00bblight\u00bb row_background_text_1=\u00bbIMAGE\u00bb row_background_text_size=\u00bb180px\u00bb row_background_text_padding_left=\u00bb229px\u00bb row_background_text_padding_top=\u00bb95px\u00bb row_background_text_padding_left_1440=\u00bb4%\u00bb row_background_text_size_1280=\u00bb140px\u00bb row_background_text_padding_left_1280=\u00bb4.3%\u00bb row_background_text_size_1440=\u00bb145px\u00bb simple_background_image=\u00bb7323&#8243; row_background_text_color=\u00bb#e5f4ff\u00bb row_background_text_padding_top_1440=\u00bb102px\u00bb][vc_column]<div class=\"mkdf-elements-holder   mkdf-one-column  mkdf-responsive-mode-768 \" ><div class=\"mkdf-eh-item    \"  data-item-class=\"mkdf-eh-custom-5925\" data-1367-1600=\"151px 0 326px 93px\" data-1025-1366=\"151px 0 326px 122px\" data-769-1024=\"96px 0 347px 135px\" data-681-768=\"96px 0 350px 64px\" data-680=\"98px 0 200px 28px\">\n\t<div class=\"mkdf-eh-item-inner\">\n\t\t<div class=\"mkdf-eh-item-content mkdf-eh-custom-5925\" style=\"padding: 172px 0 414px 305px\">\n\t\t\t[vc_column_text]<\/p>\n<h1><a style=\"margin-bottom: 4px; color: #ffffff;\">IMAGEFILM<\/a><\/h1>\n<p>[\/vc_column_text]<div class=\"mkdf-video-button-holder  \">\n\t<div class=\"mkdf-video-button-image\">\n\t\t\t<\/div>\n\t\t\t<span class=\"mkdf-video-button-text\"><\/span>\n\t\t<a class=\"mkdf-video-button-play\" style=\"height: 64px;width: 64px\" href=\"https:\/\/youtu.be\/aGB5k8paD_U\" data-rel=\"prettyPhoto[video_button_pretty_photo_494]\">\n\t\t\t<span class=\"mkdf-video-button-play-inner\">\n\t\t\t\t<svg x=\"0px\" y=\"0px\" width=\"15px\" height=\"15px\" viewBox=\"0 0 15 15\" style=\"enable-background:new 0 0 15 15;\" xml:space=\"preserve\">\n                    <polygon points=\"0,15 0,0 15,7.5 \"\/>\n                <\/svg>\n\t\t\t<\/span>\n\t\t<\/a>\n\t<\/div>\t\t<\/div>\n\t<\/div>\n<\/div><\/div>[\/vc_column][\/vc_row]<\/p>\n<\/div>","protected":false},"excerpt":{"rendered":"<p>[vc_row disable_element=\u00bbyes\u00bb row_btt_skin=\u00bblight\u00bb row_background_text_position=\u00bbfront\u00bb row_skin=\u00bblight\u00bb][vc_column][\/vc_column][\/vc_row][vc_row row_btt_skin=\u00bblight\u00bb row_background_text_position=\u00bbback\u00bb row_background_text_vertical_align=\u00bbtop\u00bb row_skin=\u00bblight\u00bb css=\u00bb.vc_custom_1683725373505{margin-right: 0px !important;margin-left: 0px !important;}\u00bb row_background_text_1=\u00bbQui\u00e9nes somos\u00bb row_background_text_size=\u00bb180px\u00bb row_background_text_size_1440=\u00bb145px\u00bb row_background_text_size_1280=\u00bb140px\u00bb row_background_text_color=\u00bb#dedfe0&#8243; row_background_text_padding_top=\u00bb87px\u00bb row_background_text_padding_top_1440=\u00bb27px\u00bb row_background_text_padding_top_1280=\u00bb17px\u00bb row_background_text_padding_left=\u00bb209px\u00bb row_background_text_padding_left_1440=\u00bb52px\u00bb row_background_text_padding_left_1280=\u00bb63px\u00bb][vc_column offset=\u00bbvc_col-lg-offset-0 vc_col-lg-3\/5 vc_col-md-offset-0 vc_col-md-12 vc_col-sm-offset-0&#8243; css=\u00bb.vc_custom_1544789042512{padding-right: 0px !important;padding-left: 0px !important;}\u00bb][\/vc_column][vc_column offset=\u00bbvc_col-lg-offset-0 vc_col-lg-2\/5 vc_col-md-offset-0 vc_col-md-12 [&hellip;]<\/p>\n","protected":false},"author":1,"featured_media":0,"parent":0,"menu_order":0,"comment_status":"closed","ping_status":"closed","template":"full-width.php","meta":{"footnotes":""},"class_list":["post-9247","page","type-page","status-publish","hentry"],"yoast_head":"<!-- This site is optimized with the Yoast SEO plugin v26.2 - https:\/\/yoast.com\/wordpress\/plugins\/seo\/ -->\n<title>HEBERGER Espa\u00f1ola S.A. - Qui\u00e9nes somos alternativa<\/title>\n<meta name=\"description\" content=\"Nuestros clientes son exigentes - para ellos, una relaci\u00f3n costo-beneficio saludable es tan importante como un alto nivel de conocimientos t\u00e9cnicos y comprensi\u00f3n arquitect\u00f3nica.\" \/>\n<meta name=\"robots\" content=\"noindex, follow, max-snippet:-1, max-image-preview:large, max-video-preview:-1\" \/>\n<meta property=\"og:locale\" content=\"es_ES\" \/>\n<meta property=\"og:type\" content=\"article\" \/>\n<meta property=\"og:title\" content=\"HEBERGER Espa\u00f1ola S.A. - Qui\u00e9nes somos alternativa\" \/>\n<meta property=\"og:description\" content=\"Nuestros clientes son exigentes - para ellos, una relaci\u00f3n costo-beneficio saludable es tan importante como un alto nivel de conocimientos t\u00e9cnicos y comprensi\u00f3n arquitect\u00f3nica.\" \/>\n<meta property=\"og:url\" content=\"https:\/\/es.heberger.co\/es\/quienes-somos-alternativa\/\" \/>\n<meta property=\"og:site_name\" content=\"HEBERGER Espa\u00f1ola S.A.\" \/>\n<meta property=\"article:publisher\" content=\"https:\/\/www.facebook.com\/hebergerbau\" \/>\n<meta property=\"article:modified_time\" content=\"2023-05-10T13:29:33+00:00\" \/>\n<meta name=\"twitter:card\" content=\"summary_large_image\" \/>\n<meta name=\"twitter:label1\" content=\"Tiempo de lectura\" \/>\n\t<meta name=\"twitter:data1\" content=\"3 minutos\" \/>\n<script type=\"application\/ld+json\" class=\"yoast-schema-graph\">{\"@context\":\"https:\/\/schema.org\",\"@graph\":[{\"@type\":\"WebPage\",\"@id\":\"https:\/\/es.heberger.co\/es\/quienes-somos-alternativa\/\",\"url\":\"https:\/\/es.heberger.co\/es\/quienes-somos-alternativa\/\",\"name\":\"HEBERGER Espa\u00f1ola S.A. - Qui\u00e9nes somos alternativa\",\"isPartOf\":{\"@id\":\"https:\/\/es.heberger.co\/es\/#website\"},\"datePublished\":\"2023-03-23T15:15:55+00:00\",\"dateModified\":\"2023-05-10T13:29:33+00:00\",\"description\":\"Nuestros clientes son exigentes - para ellos, una relaci\u00f3n costo-beneficio saludable es tan importante como un alto nivel de conocimientos t\u00e9cnicos y comprensi\u00f3n arquitect\u00f3nica.\",\"breadcrumb\":{\"@id\":\"https:\/\/es.heberger.co\/es\/quienes-somos-alternativa\/#breadcrumb\"},\"inLanguage\":\"es\",\"potentialAction\":[{\"@type\":\"ReadAction\",\"target\":[\"https:\/\/es.heberger.co\/es\/quienes-somos-alternativa\/\"]}]},{\"@type\":\"BreadcrumbList\",\"@id\":\"https:\/\/es.heberger.co\/es\/quienes-somos-alternativa\/#breadcrumb\",\"itemListElement\":[{\"@type\":\"ListItem\",\"position\":1,\"name\":\"Startseite\",\"item\":\"https:\/\/es.heberger.co\/es\/\"},{\"@type\":\"ListItem\",\"position\":2,\"name\":\"Qui\u00e9nes somos alternativa\"}]},{\"@type\":\"WebSite\",\"@id\":\"https:\/\/es.heberger.co\/es\/#website\",\"url\":\"https:\/\/es.heberger.co\/es\/\",\"name\":\"HEBERGER Espa\u00f1ola S.A.\",\"description\":\"Planificamos y fabricamos villas y fincas de alta calidad en Mallorca\",\"publisher\":{\"@id\":\"https:\/\/es.heberger.co\/es\/#organization\"},\"potentialAction\":[{\"@type\":\"SearchAction\",\"target\":{\"@type\":\"EntryPoint\",\"urlTemplate\":\"https:\/\/es.heberger.co\/es\/?s={search_term_string}\"},\"query-input\":{\"@type\":\"PropertyValueSpecification\",\"valueRequired\":true,\"valueName\":\"search_term_string\"}}],\"inLanguage\":\"es\"},{\"@type\":\"Organization\",\"@id\":\"https:\/\/es.heberger.co\/es\/#organization\",\"name\":\"HEBERGER Espa\u00f1ola S.A.\",\"url\":\"https:\/\/es.heberger.co\/es\/\",\"logo\":{\"@type\":\"ImageObject\",\"inLanguage\":\"es\",\"@id\":\"https:\/\/es.heberger.co\/es\/#\/schema\/logo\/image\/\",\"url\":\"https:\/\/es.heberger.co\/wp-content\/uploads\/2023\/03\/heberger_espanola.png\",\"contentUrl\":\"https:\/\/es.heberger.co\/wp-content\/uploads\/2023\/03\/heberger_espanola.png\",\"width\":412,\"height\":31,\"caption\":\"HEBERGER Espa\u00f1ola S.A.\"},\"image\":{\"@id\":\"https:\/\/es.heberger.co\/es\/#\/schema\/logo\/image\/\"},\"sameAs\":[\"https:\/\/www.facebook.com\/hebergerbau\"]}]}<\/script>\n<!-- \/ Yoast SEO plugin. -->","yoast_head_json":{"title":"HEBERGER Espa\u00f1ola S.A. - Qui\u00e9nes somos alternativa","description":"Nuestros clientes son exigentes - para ellos, una relaci\u00f3n costo-beneficio saludable es tan importante como un alto nivel de conocimientos t\u00e9cnicos y comprensi\u00f3n arquitect\u00f3nica.","robots":{"index":"noindex","follow":"follow","max-snippet":"max-snippet:-1","max-image-preview":"max-image-preview:large","max-video-preview":"max-video-preview:-1"},"og_locale":"es_ES","og_type":"article","og_title":"HEBERGER Espa\u00f1ola S.A. - Qui\u00e9nes somos alternativa","og_description":"Nuestros clientes son exigentes - para ellos, una relaci\u00f3n costo-beneficio saludable es tan importante como un alto nivel de conocimientos t\u00e9cnicos y comprensi\u00f3n arquitect\u00f3nica.","og_url":"https:\/\/es.heberger.co\/es\/quienes-somos-alternativa\/","og_site_name":"HEBERGER Espa\u00f1ola S.A.","article_publisher":"https:\/\/www.facebook.com\/hebergerbau","article_modified_time":"2023-05-10T13:29:33+00:00","twitter_card":"summary_large_image","twitter_misc":{"Tiempo de lectura":"3 minutos"},"schema":{"@context":"https:\/\/schema.org","@graph":[{"@type":"WebPage","@id":"https:\/\/es.heberger.co\/es\/quienes-somos-alternativa\/","url":"https:\/\/es.heberger.co\/es\/quienes-somos-alternativa\/","name":"HEBERGER Espa\u00f1ola S.A. - Qui\u00e9nes somos alternativa","isPartOf":{"@id":"https:\/\/es.heberger.co\/es\/#website"},"datePublished":"2023-03-23T15:15:55+00:00","dateModified":"2023-05-10T13:29:33+00:00","description":"Nuestros clientes son exigentes - para ellos, una relaci\u00f3n costo-beneficio saludable es tan importante como un alto nivel de conocimientos t\u00e9cnicos y comprensi\u00f3n arquitect\u00f3nica.","breadcrumb":{"@id":"https:\/\/es.heberger.co\/es\/quienes-somos-alternativa\/#breadcrumb"},"inLanguage":"es","potentialAction":[{"@type":"ReadAction","target":["https:\/\/es.heberger.co\/es\/quienes-somos-alternativa\/"]}]},{"@type":"BreadcrumbList","@id":"https:\/\/es.heberger.co\/es\/quienes-somos-alternativa\/#breadcrumb","itemListElement":[{"@type":"ListItem","position":1,"name":"Startseite","item":"https:\/\/es.heberger.co\/es\/"},{"@type":"ListItem","position":2,"name":"Qui\u00e9nes somos alternativa"}]},{"@type":"WebSite","@id":"https:\/\/es.heberger.co\/es\/#website","url":"https:\/\/es.heberger.co\/es\/","name":"HEBERGER Espa\u00f1ola S.A.","description":"Planificamos y fabricamos villas y fincas de alta calidad en Mallorca","publisher":{"@id":"https:\/\/es.heberger.co\/es\/#organization"},"potentialAction":[{"@type":"SearchAction","target":{"@type":"EntryPoint","urlTemplate":"https:\/\/es.heberger.co\/es\/?s={search_term_string}"},"query-input":{"@type":"PropertyValueSpecification","valueRequired":true,"valueName":"search_term_string"}}],"inLanguage":"es"},{"@type":"Organization","@id":"https:\/\/es.heberger.co\/es\/#organization","name":"HEBERGER Espa\u00f1ola S.A.","url":"https:\/\/es.heberger.co\/es\/","logo":{"@type":"ImageObject","inLanguage":"es","@id":"https:\/\/es.heberger.co\/es\/#\/schema\/logo\/image\/","url":"https:\/\/es.heberger.co\/wp-content\/uploads\/2023\/03\/heberger_espanola.png","contentUrl":"https:\/\/es.heberger.co\/wp-content\/uploads\/2023\/03\/heberger_espanola.png","width":412,"height":31,"caption":"HEBERGER Espa\u00f1ola S.A."},"image":{"@id":"https:\/\/es.heberger.co\/es\/#\/schema\/logo\/image\/"},"sameAs":["https:\/\/www.facebook.com\/hebergerbau"]}]}},"_links":{"self":[{"href":"https:\/\/es.heberger.co\/es\/wp-json\/wp\/v2\/pages\/9247","targetHints":{"allow":["GET"]}}],"collection":[{"href":"https:\/\/es.heberger.co\/es\/wp-json\/wp\/v2\/pages"}],"about":[{"href":"https:\/\/es.heberger.co\/es\/wp-json\/wp\/v2\/types\/page"}],"author":[{"embeddable":true,"href":"https:\/\/es.heberger.co\/es\/wp-json\/wp\/v2\/users\/1"}],"replies":[{"embeddable":true,"href":"https:\/\/es.heberger.co\/es\/wp-json\/wp\/v2\/comments?post=9247"}],"version-history":[{"count":3,"href":"https:\/\/es.heberger.co\/es\/wp-json\/wp\/v2\/pages\/9247\/revisions"}],"predecessor-version":[{"id":9407,"href":"https:\/\/es.heberger.co\/es\/wp-json\/wp\/v2\/pages\/9247\/revisions\/9407"}],"wp:attachment":[{"href":"https:\/\/es.heberger.co\/es\/wp-json\/wp\/v2\/media?parent=9247"}],"curies":[{"name":"wp","href":"https:\/\/api.w.org\/{rel}","templated":true}]}}