{"id":9242,"date":"2023-03-27T13:02:51","date_gmt":"2023-03-27T11:02:51","guid":{"rendered":"https:\/\/es.heberger.co\/bautagebuch\/"},"modified":"2023-05-10T15:09:16","modified_gmt":"2023-05-10T13:09:16","slug":"libro-de-obra","status":"publish","type":"page","link":"https:\/\/es.heberger.co\/es\/libro-de-obra\/","title":{"rendered":"Libro de obra"},"content":{"rendered":"<div class=\"wpb-content-wrapper\"><p>[vc_row disable_element=\u00bbyes\u00bb row_btt_skin=\u00bblight\u00bb row_background_text_position=\u00bbfront\u00bb][vc_column]<div class=\"mkdf-image-marquee-holder mkdf-im-300 mkdf-im-simple\">\n\t\t\t<div class=\"mkdf-image-marquee\">\n\t    \t        <div class=\"mkdf-image mkdf-original\">\n\t            <img decoding=\"async\" src=\"https:\/\/es.heberger.co\/wp-content\/uploads\/2023\/03\/laufleiste_serena-scaled.jpg\" alt=\"laufleiste_serena\" \/>\n\t        <\/div>\n\t\t\t        <div class=\"mkdf-image mkdf-aux\">\n\t            <img decoding=\"async\" src=\"https:\/\/es.heberger.co\/wp-content\/uploads\/2023\/03\/laufleiste_serena-scaled.jpg\" alt=\"laufleiste_serena\" \/>\n\t        <\/div>\n\t\t    <\/div>\n<\/div>[\/vc_column][\/vc_row][vc_row row_content_width=\u00bbgrid\u00bb row_btt_skin=\u00bblight\u00bb row_background_text_position=\u00bbfront\u00bb content_width=\u00bbgrid\u00bb css=\u00bb.vc_custom_1679473310180{padding-top: 120px !important;}\u00bb][vc_column offset=\u00bbvc_col-lg-offset-0 vc_col-lg-12 vc_col-md-offset-0 vc_col-md-8 vc_col-sm-offset-0&#8243;]<div class=\"mkdf-section-title-holder  mkdf-st-standard mkdf-st-title-left mkdf-st-normal-space \" style=\"text-align: left\">\n\t<div class=\"mkdf-st-inner\">\n                    <h6 class=\"mkdf-st-intro-title\" >\n                EL CAMINO HASTA SU VILLA CON HEBERGER            <\/h6>\n        \t\t\t\t\t<h1 class=\"mkdf-st-title\" >\n\t\t\t\tLOS OBREROS SON LAS ESTRELLAS\t\t\t<\/h1>\n\t\t\t\t\t<\/div>\n<\/div>[\/vc_column][\/vc_row][vc_row row_content_width=\u00bbgrid\u00bb row_btt_skin=\u00bblight\u00bb row_background_text_position=\u00bbfront\u00bb content_width=\u00bbgrid\u00bb css=\u00bb.vc_custom_1679915855477{padding-top: 10px !important;padding-bottom: 30px !important;}\u00bb][vc_column offset=\u00bbvc_col-lg-offset-0 vc_col-lg-8 vc_col-md-offset-0 vc_col-md-8 vc_col-sm-offset-0&#8243;][vc_column_text]<strong>En \u00ab<em>HANDWERKER SIND DIE STARS<\/em>\u00bb el espectador obtiene una visi\u00f3n general y los pasos detallados explicados, de c\u00f3mo un proyecto de construcci\u00f3n de una casa se lleva a cabo por HEBERGER Espa\u00f1ola.<\/strong><\/p>\n<p>Idea, pel\u00edcula, texto, c\u00e1mara y producido por TOM HAPKE Film (Themes Of Media)<br \/>\nNarrador: Daniel \u00abOtti\u00bb Ott (presentador en Radio Sal\u00fc)<br \/>\nMusic license by Envato Pty Ltd[\/vc_column_text][\/vc_column][\/vc_row][vc_row full_width=\u00bbstretch_row_content\u00bb row_btt_skin=\u00bblight\u00bb row_background_text_position=\u00bbfront\u00bb content_width=\u00bbgrid\u00bb css=\u00bb.vc_custom_1679915550009{padding-top: 60px !important;padding-bottom: 30px !important;}\u00bb][vc_column width=\u00bb1\/2&#8243; offset=\u00bbvc_col-lg-offset-0 vc_col-lg-6 vc_col-md-offset-0 vc_col-md-8 vc_col-sm-offset-0&#8243;]<div class=\"mkdf-video-button-holder  mkdf-vb-has-img\">\n\t<div class=\"mkdf-video-button-image\">\n\t\t<img loading=\"lazy\" decoding=\"async\" width=\"1199\" height=\"622\" src=\"https:\/\/es.heberger.co\/wp-content\/uploads\/2023\/03\/HW-01.jpg\" class=\"attachment-full size-full\" alt=\"Villa Mallorca Baustelle\" srcset=\"https:\/\/es.heberger.co\/wp-content\/uploads\/2023\/03\/HW-01.jpg 1199w, https:\/\/es.heberger.co\/wp-content\/uploads\/2023\/03\/HW-01-300x156.jpg 300w, https:\/\/es.heberger.co\/wp-content\/uploads\/2023\/03\/HW-01-1024x531.jpg 1024w, https:\/\/es.heberger.co\/wp-content\/uploads\/2023\/03\/HW-01-768x398.jpg 768w\" sizes=\"auto, (max-width: 1199px) 100vw, 1199px\" \/>\t<\/div>\n\t\t\t<span class=\"mkdf-video-button-text\"><\/span>\n\t\t<a class=\"mkdf-video-button-play\"  href=\"https:\/\/www.youtube.com\/watch?v=kha0EuU0HHw&#038;t=2s\" data-rel=\"prettyPhoto[video_button_pretty_photo_662]\">\n\t\t\t<span class=\"mkdf-video-button-play-inner\">\n\t\t\t\t<svg x=\"0px\" y=\"0px\" width=\"15px\" height=\"15px\" viewBox=\"0 0 15 15\" style=\"enable-background:new 0 0 15 15;\" xml:space=\"preserve\">\n                    <polygon points=\"0,15 0,0 15,7.5 \"\/>\n                <\/svg>\n\t\t\t<\/span>\n\t\t<\/a>\n\t<\/div><div class=\"mkdf-video-button-holder  mkdf-vb-has-img\">\n\t<div class=\"mkdf-video-button-image\">\n\t\t<img loading=\"lazy\" decoding=\"async\" width=\"1199\" height=\"622\" src=\"https:\/\/es.heberger.co\/wp-content\/uploads\/2023\/03\/HW-03.jpg\" class=\"attachment-full size-full\" alt=\"Villa Mallorca Baustelle\" srcset=\"https:\/\/es.heberger.co\/wp-content\/uploads\/2023\/03\/HW-03.jpg 1199w, https:\/\/es.heberger.co\/wp-content\/uploads\/2023\/03\/HW-03-300x156.jpg 300w, https:\/\/es.heberger.co\/wp-content\/uploads\/2023\/03\/HW-03-1024x531.jpg 1024w, https:\/\/es.heberger.co\/wp-content\/uploads\/2023\/03\/HW-03-768x398.jpg 768w\" sizes=\"auto, (max-width: 1199px) 100vw, 1199px\" \/>\t<\/div>\n\t\t\t<span class=\"mkdf-video-button-text\"><\/span>\n\t\t<a class=\"mkdf-video-button-play\"  href=\"https:\/\/www.youtube.com\/watch?v=GVtQL7XCSCI\" data-rel=\"prettyPhoto[video_button_pretty_photo_35]\">\n\t\t\t<span class=\"mkdf-video-button-play-inner\">\n\t\t\t\t<svg x=\"0px\" y=\"0px\" width=\"15px\" height=\"15px\" viewBox=\"0 0 15 15\" style=\"enable-background:new 0 0 15 15;\" xml:space=\"preserve\">\n                    <polygon points=\"0,15 0,0 15,7.5 \"\/>\n                <\/svg>\n\t\t\t<\/span>\n\t\t<\/a>\n\t<\/div><div class=\"mkdf-video-button-holder  mkdf-vb-has-img\">\n\t<div class=\"mkdf-video-button-image\">\n\t\t<img loading=\"lazy\" decoding=\"async\" width=\"1199\" height=\"622\" src=\"https:\/\/es.heberger.co\/wp-content\/uploads\/2023\/03\/HW-05.jpg\" class=\"attachment-full size-full\" alt=\"Villa Mallorca Baustelle\" srcset=\"https:\/\/es.heberger.co\/wp-content\/uploads\/2023\/03\/HW-05.jpg 1199w, https:\/\/es.heberger.co\/wp-content\/uploads\/2023\/03\/HW-05-300x156.jpg 300w, https:\/\/es.heberger.co\/wp-content\/uploads\/2023\/03\/HW-05-1024x531.jpg 1024w, https:\/\/es.heberger.co\/wp-content\/uploads\/2023\/03\/HW-05-768x398.jpg 768w\" sizes=\"auto, (max-width: 1199px) 100vw, 1199px\" \/>\t<\/div>\n\t\t\t<span class=\"mkdf-video-button-text\"><\/span>\n\t\t<a class=\"mkdf-video-button-play\"  href=\"https:\/\/www.youtube.com\/watch?v=DgvNv0nGqPM\" data-rel=\"prettyPhoto[video_button_pretty_photo_759]\">\n\t\t\t<span class=\"mkdf-video-button-play-inner\">\n\t\t\t\t<svg x=\"0px\" y=\"0px\" width=\"15px\" height=\"15px\" viewBox=\"0 0 15 15\" style=\"enable-background:new 0 0 15 15;\" xml:space=\"preserve\">\n                    <polygon points=\"0,15 0,0 15,7.5 \"\/>\n                <\/svg>\n\t\t\t<\/span>\n\t\t<\/a>\n\t<\/div><div class=\"mkdf-video-button-holder  mkdf-vb-has-img\">\n\t<div class=\"mkdf-video-button-image\">\n\t\t<img loading=\"lazy\" decoding=\"async\" width=\"1199\" height=\"622\" src=\"https:\/\/es.heberger.co\/wp-content\/uploads\/2023\/03\/HW-07.jpg\" class=\"attachment-full size-full\" alt=\"Villa Mallorca Baustelle\" srcset=\"https:\/\/es.heberger.co\/wp-content\/uploads\/2023\/03\/HW-07.jpg 1199w, https:\/\/es.heberger.co\/wp-content\/uploads\/2023\/03\/HW-07-300x156.jpg 300w, https:\/\/es.heberger.co\/wp-content\/uploads\/2023\/03\/HW-07-1024x531.jpg 1024w, https:\/\/es.heberger.co\/wp-content\/uploads\/2023\/03\/HW-07-768x398.jpg 768w\" sizes=\"auto, (max-width: 1199px) 100vw, 1199px\" \/>\t<\/div>\n\t\t\t<span class=\"mkdf-video-button-text\"><\/span>\n\t\t<a class=\"mkdf-video-button-play\"  href=\"https:\/\/www.youtube.com\/watch?v=zTSD90_Hf9o\" data-rel=\"prettyPhoto[video_button_pretty_photo_43]\">\n\t\t\t<span class=\"mkdf-video-button-play-inner\">\n\t\t\t\t<svg x=\"0px\" y=\"0px\" width=\"15px\" height=\"15px\" viewBox=\"0 0 15 15\" style=\"enable-background:new 0 0 15 15;\" xml:space=\"preserve\">\n                    <polygon points=\"0,15 0,0 15,7.5 \"\/>\n                <\/svg>\n\t\t\t<\/span>\n\t\t<\/a>\n\t<\/div><div class=\"mkdf-video-button-holder  mkdf-vb-has-img\">\n\t<div class=\"mkdf-video-button-image\">\n\t\t<img loading=\"lazy\" decoding=\"async\" width=\"1199\" height=\"622\" src=\"https:\/\/es.heberger.co\/wp-content\/uploads\/2023\/03\/HW-09.jpg\" class=\"attachment-full size-full\" alt=\"Villa Mallorca Baustelle\" srcset=\"https:\/\/es.heberger.co\/wp-content\/uploads\/2023\/03\/HW-09.jpg 1199w, https:\/\/es.heberger.co\/wp-content\/uploads\/2023\/03\/HW-09-300x156.jpg 300w, https:\/\/es.heberger.co\/wp-content\/uploads\/2023\/03\/HW-09-1024x531.jpg 1024w, https:\/\/es.heberger.co\/wp-content\/uploads\/2023\/03\/HW-09-768x398.jpg 768w\" sizes=\"auto, (max-width: 1199px) 100vw, 1199px\" \/>\t<\/div>\n\t\t\t<span class=\"mkdf-video-button-text\"><\/span>\n\t\t<a class=\"mkdf-video-button-play\"  href=\"https:\/\/www.youtube.com\/watch?v=811PgOfVRB4&#038;t=127s\" data-rel=\"prettyPhoto[video_button_pretty_photo_6]\">\n\t\t\t<span class=\"mkdf-video-button-play-inner\">\n\t\t\t\t<svg x=\"0px\" y=\"0px\" width=\"15px\" height=\"15px\" viewBox=\"0 0 15 15\" style=\"enable-background:new 0 0 15 15;\" xml:space=\"preserve\">\n                    <polygon points=\"0,15 0,0 15,7.5 \"\/>\n                <\/svg>\n\t\t\t<\/span>\n\t\t<\/a>\n\t<\/div>[\/vc_column][vc_column width=\u00bb1\/2&#8243;]<div class=\"mkdf-video-button-holder  mkdf-vb-has-img\">\n\t<div class=\"mkdf-video-button-image\">\n\t\t<img loading=\"lazy\" decoding=\"async\" width=\"1199\" height=\"622\" src=\"https:\/\/es.heberger.co\/wp-content\/uploads\/2023\/03\/HW-02.jpg\" class=\"attachment-full size-full\" alt=\"Villa Mallorca Baustelle\" srcset=\"https:\/\/es.heberger.co\/wp-content\/uploads\/2023\/03\/HW-02.jpg 1199w, https:\/\/es.heberger.co\/wp-content\/uploads\/2023\/03\/HW-02-300x156.jpg 300w, https:\/\/es.heberger.co\/wp-content\/uploads\/2023\/03\/HW-02-1024x531.jpg 1024w, https:\/\/es.heberger.co\/wp-content\/uploads\/2023\/03\/HW-02-768x398.jpg 768w\" sizes=\"auto, (max-width: 1199px) 100vw, 1199px\" \/>\t<\/div>\n\t\t\t<span class=\"mkdf-video-button-text\"><\/span>\n\t\t<a class=\"mkdf-video-button-play\"  href=\"https:\/\/www.youtube.com\/watch?v=9AYiyz7fwuA&#038;t=3s\" data-rel=\"prettyPhoto[video_button_pretty_photo_292]\">\n\t\t\t<span class=\"mkdf-video-button-play-inner\">\n\t\t\t\t<svg x=\"0px\" y=\"0px\" width=\"15px\" height=\"15px\" viewBox=\"0 0 15 15\" style=\"enable-background:new 0 0 15 15;\" xml:space=\"preserve\">\n                    <polygon points=\"0,15 0,0 15,7.5 \"\/>\n                <\/svg>\n\t\t\t<\/span>\n\t\t<\/a>\n\t<\/div><div class=\"mkdf-video-button-holder  mkdf-vb-has-img\">\n\t<div class=\"mkdf-video-button-image\">\n\t\t<img loading=\"lazy\" decoding=\"async\" width=\"1199\" height=\"622\" src=\"https:\/\/es.heberger.co\/wp-content\/uploads\/2023\/03\/HW-04.jpg\" class=\"attachment-full size-full\" alt=\"Villa Mallorca Baustelle\" srcset=\"https:\/\/es.heberger.co\/wp-content\/uploads\/2023\/03\/HW-04.jpg 1199w, https:\/\/es.heberger.co\/wp-content\/uploads\/2023\/03\/HW-04-300x156.jpg 300w, https:\/\/es.heberger.co\/wp-content\/uploads\/2023\/03\/HW-04-1024x531.jpg 1024w, https:\/\/es.heberger.co\/wp-content\/uploads\/2023\/03\/HW-04-768x398.jpg 768w\" sizes=\"auto, (max-width: 1199px) 100vw, 1199px\" \/>\t<\/div>\n\t\t\t<span class=\"mkdf-video-button-text\"><\/span>\n\t\t<a class=\"mkdf-video-button-play\"  href=\"https:\/\/www.youtube.com\/watch?v=aubtenxMiHw&#038;t=147s\" data-rel=\"prettyPhoto[video_button_pretty_photo_367]\">\n\t\t\t<span class=\"mkdf-video-button-play-inner\">\n\t\t\t\t<svg x=\"0px\" y=\"0px\" width=\"15px\" height=\"15px\" viewBox=\"0 0 15 15\" style=\"enable-background:new 0 0 15 15;\" xml:space=\"preserve\">\n                    <polygon points=\"0,15 0,0 15,7.5 \"\/>\n                <\/svg>\n\t\t\t<\/span>\n\t\t<\/a>\n\t<\/div><div class=\"mkdf-video-button-holder  mkdf-vb-has-img\">\n\t<div class=\"mkdf-video-button-image\">\n\t\t<img loading=\"lazy\" decoding=\"async\" width=\"1199\" height=\"622\" src=\"https:\/\/es.heberger.co\/wp-content\/uploads\/2023\/03\/HW-06.jpg\" class=\"attachment-full size-full\" alt=\"Villa Mallorca Baustelle\" srcset=\"https:\/\/es.heberger.co\/wp-content\/uploads\/2023\/03\/HW-06.jpg 1199w, https:\/\/es.heberger.co\/wp-content\/uploads\/2023\/03\/HW-06-300x156.jpg 300w, https:\/\/es.heberger.co\/wp-content\/uploads\/2023\/03\/HW-06-1024x531.jpg 1024w, https:\/\/es.heberger.co\/wp-content\/uploads\/2023\/03\/HW-06-768x398.jpg 768w\" sizes=\"auto, (max-width: 1199px) 100vw, 1199px\" \/>\t<\/div>\n\t\t\t<span class=\"mkdf-video-button-text\"><\/span>\n\t\t<a class=\"mkdf-video-button-play\"  href=\"https:\/\/www.youtube.com\/watch?v=b3a983r5DMY\" data-rel=\"prettyPhoto[video_button_pretty_photo_724]\">\n\t\t\t<span class=\"mkdf-video-button-play-inner\">\n\t\t\t\t<svg x=\"0px\" y=\"0px\" width=\"15px\" height=\"15px\" viewBox=\"0 0 15 15\" style=\"enable-background:new 0 0 15 15;\" xml:space=\"preserve\">\n                    <polygon points=\"0,15 0,0 15,7.5 \"\/>\n                <\/svg>\n\t\t\t<\/span>\n\t\t<\/a>\n\t<\/div><div class=\"mkdf-video-button-holder  mkdf-vb-has-img\">\n\t<div class=\"mkdf-video-button-image\">\n\t\t<img loading=\"lazy\" decoding=\"async\" width=\"1199\" height=\"622\" src=\"https:\/\/es.heberger.co\/wp-content\/uploads\/2023\/03\/HW-08.jpg\" class=\"attachment-full size-full\" alt=\"Villa Mallorca Baustelle\" srcset=\"https:\/\/es.heberger.co\/wp-content\/uploads\/2023\/03\/HW-08.jpg 1199w, https:\/\/es.heberger.co\/wp-content\/uploads\/2023\/03\/HW-08-300x156.jpg 300w, https:\/\/es.heberger.co\/wp-content\/uploads\/2023\/03\/HW-08-1024x531.jpg 1024w, https:\/\/es.heberger.co\/wp-content\/uploads\/2023\/03\/HW-08-768x398.jpg 768w\" sizes=\"auto, (max-width: 1199px) 100vw, 1199px\" \/>\t<\/div>\n\t\t\t<span class=\"mkdf-video-button-text\"><\/span>\n\t\t<a class=\"mkdf-video-button-play\"  href=\"https:\/\/www.youtube.com\/watch?v=_SkenKFSo3c&#038;t=3s\" data-rel=\"prettyPhoto[video_button_pretty_photo_613]\">\n\t\t\t<span class=\"mkdf-video-button-play-inner\">\n\t\t\t\t<svg x=\"0px\" y=\"0px\" width=\"15px\" height=\"15px\" viewBox=\"0 0 15 15\" style=\"enable-background:new 0 0 15 15;\" xml:space=\"preserve\">\n                    <polygon points=\"0,15 0,0 15,7.5 \"\/>\n                <\/svg>\n\t\t\t<\/span>\n\t\t<\/a>\n\t<\/div><div class=\"mkdf-video-button-holder  mkdf-vb-has-img\">\n\t<div class=\"mkdf-video-button-image\">\n\t\t<img loading=\"lazy\" decoding=\"async\" width=\"1199\" height=\"622\" src=\"https:\/\/es.heberger.co\/wp-content\/uploads\/2023\/03\/HW-10.jpg\" class=\"attachment-full size-full\" alt=\"Villa Mallorca Baustelle\" srcset=\"https:\/\/es.heberger.co\/wp-content\/uploads\/2023\/03\/HW-10.jpg 1199w, https:\/\/es.heberger.co\/wp-content\/uploads\/2023\/03\/HW-10-300x156.jpg 300w, https:\/\/es.heberger.co\/wp-content\/uploads\/2023\/03\/HW-10-1024x531.jpg 1024w, https:\/\/es.heberger.co\/wp-content\/uploads\/2023\/03\/HW-10-768x398.jpg 768w\" sizes=\"auto, (max-width: 1199px) 100vw, 1199px\" \/>\t<\/div>\n\t\t\t<span class=\"mkdf-video-button-text\"><\/span>\n\t\t<a class=\"mkdf-video-button-play\"  href=\"https:\/\/www.youtube.com\/watch?v=pcpCWsEJZUQ\" data-rel=\"prettyPhoto[video_button_pretty_photo_710]\">\n\t\t\t<span class=\"mkdf-video-button-play-inner\">\n\t\t\t\t<svg x=\"0px\" y=\"0px\" width=\"15px\" height=\"15px\" viewBox=\"0 0 15 15\" style=\"enable-background:new 0 0 15 15;\" xml:space=\"preserve\">\n                    <polygon points=\"0,15 0,0 15,7.5 \"\/>\n                <\/svg>\n\t\t\t<\/span>\n\t\t<\/a>\n\t<\/div>[\/vc_column][\/vc_row][vc_row row_content_width=\u00bbgrid\u00bb row_btt_skin=\u00bblight\u00bb row_background_text_position=\u00bbfront\u00bb content_width=\u00bbgrid\u00bb css=\u00bb.vc_custom_1679473324499{padding-top: 60px !important;padding-bottom: 30px !important;}\u00bb][vc_column width=\u00bb1\/2&#8243; offset=\u00bbvc_col-lg-offset-0 vc_col-lg-6 vc_col-md-offset-0 vc_col-md-8 vc_col-sm-offset-0&#8243;][vc_empty_space height=\u00bb60px\u00bb][\/vc_column][vc_column width=\u00bb1\/2&#8243;][vc_empty_space height=\u00bb60px\u00bb][\/vc_column][\/vc_row]<\/p>\n<\/div>","protected":false},"excerpt":{"rendered":"<p>[vc_row disable_element=\u00bbyes\u00bb row_btt_skin=\u00bblight\u00bb row_background_text_position=\u00bbfront\u00bb][vc_column][\/vc_column][\/vc_row][vc_row row_content_width=\u00bbgrid\u00bb row_btt_skin=\u00bblight\u00bb row_background_text_position=\u00bbfront\u00bb content_width=\u00bbgrid\u00bb css=\u00bb.vc_custom_1679473310180{padding-top: 120px !important;}\u00bb][vc_column offset=\u00bbvc_col-lg-offset-0 vc_col-lg-12 vc_col-md-offset-0 vc_col-md-8 vc_col-sm-offset-0&#8243;][\/vc_column][\/vc_row][vc_row row_content_width=\u00bbgrid\u00bb row_btt_skin=\u00bblight\u00bb row_background_text_position=\u00bbfront\u00bb content_width=\u00bbgrid\u00bb css=\u00bb.vc_custom_1679915855477{padding-top: 10px !important;padding-bottom: 30px !important;}\u00bb][vc_column offset=\u00bbvc_col-lg-offset-0 vc_col-lg-8 vc_col-md-offset-0 vc_col-md-8 vc_col-sm-offset-0&#8243;][vc_column_text]En \u00abHANDWERKER SIND DIE STARS\u00bb el espectador obtiene una visi\u00f3n general [&hellip;]<\/p>\n","protected":false},"author":1,"featured_media":0,"parent":0,"menu_order":0,"comment_status":"closed","ping_status":"closed","template":"qi-blocks-full-width.php","meta":{"footnotes":""},"class_list":["post-9242","page","type-page","status-publish","hentry"],"yoast_head":"<!-- This site is optimized with the Yoast SEO plugin v26.2 - https:\/\/yoast.com\/wordpress\/plugins\/seo\/ -->\n<title>HEBERGER Espa\u00f1ola S.A. - Libro de obra<\/title>\n<meta name=\"description\" content=\"En nuestro diario de construcci\u00f3n &quot;LOS ARTESANOS SON LAS ESTRELLAS&quot;, obtendr\u00e1 una visi\u00f3n detallada de los pasos necesarios para llevar a cabo un proyecto de construcci\u00f3n de viviendas por parte de HEBERGER Espa\u00f1ola.\" \/>\n<meta name=\"robots\" content=\"noindex, follow, max-snippet:-1, max-image-preview:large, max-video-preview:-1\" \/>\n<meta property=\"og:locale\" content=\"es_ES\" \/>\n<meta property=\"og:type\" content=\"article\" \/>\n<meta property=\"og:title\" content=\"HEBERGER Espa\u00f1ola S.A. - Libro de obra\" \/>\n<meta property=\"og:description\" content=\"En nuestro diario de construcci\u00f3n &quot;LOS ARTESANOS SON LAS ESTRELLAS&quot;, obtendr\u00e1 una visi\u00f3n detallada de los pasos necesarios para llevar a cabo un proyecto de construcci\u00f3n de viviendas por parte de HEBERGER Espa\u00f1ola.\" \/>\n<meta property=\"og:url\" content=\"https:\/\/es.heberger.co\/es\/libro-de-obra\/\" \/>\n<meta property=\"og:site_name\" content=\"HEBERGER Espa\u00f1ola S.A.\" \/>\n<meta property=\"article:publisher\" content=\"https:\/\/www.facebook.com\/hebergerbau\" \/>\n<meta property=\"article:modified_time\" content=\"2023-05-10T13:09:16+00:00\" \/>\n<meta name=\"twitter:card\" content=\"summary_large_image\" \/>\n<meta name=\"twitter:label1\" content=\"Tiempo de lectura\" \/>\n\t<meta name=\"twitter:data1\" content=\"1 minuto\" \/>\n<script type=\"application\/ld+json\" class=\"yoast-schema-graph\">{\"@context\":\"https:\/\/schema.org\",\"@graph\":[{\"@type\":\"WebPage\",\"@id\":\"https:\/\/es.heberger.co\/es\/libro-de-obra\/\",\"url\":\"https:\/\/es.heberger.co\/es\/libro-de-obra\/\",\"name\":\"HEBERGER Espa\u00f1ola S.A. - Libro de obra\",\"isPartOf\":{\"@id\":\"https:\/\/es.heberger.co\/es\/#website\"},\"datePublished\":\"2023-03-27T11:02:51+00:00\",\"dateModified\":\"2023-05-10T13:09:16+00:00\",\"description\":\"En nuestro diario de construcci\u00f3n \\\"LOS ARTESANOS SON LAS ESTRELLAS\\\", obtendr\u00e1 una visi\u00f3n detallada de los pasos necesarios para llevar a cabo un proyecto de construcci\u00f3n de viviendas por parte de HEBERGER Espa\u00f1ola.\",\"breadcrumb\":{\"@id\":\"https:\/\/es.heberger.co\/es\/libro-de-obra\/#breadcrumb\"},\"inLanguage\":\"es\",\"potentialAction\":[{\"@type\":\"ReadAction\",\"target\":[\"https:\/\/es.heberger.co\/es\/libro-de-obra\/\"]}]},{\"@type\":\"BreadcrumbList\",\"@id\":\"https:\/\/es.heberger.co\/es\/libro-de-obra\/#breadcrumb\",\"itemListElement\":[{\"@type\":\"ListItem\",\"position\":1,\"name\":\"Startseite\",\"item\":\"https:\/\/es.heberger.co\/es\/\"},{\"@type\":\"ListItem\",\"position\":2,\"name\":\"Libro de obra\"}]},{\"@type\":\"WebSite\",\"@id\":\"https:\/\/es.heberger.co\/es\/#website\",\"url\":\"https:\/\/es.heberger.co\/es\/\",\"name\":\"HEBERGER Espa\u00f1ola S.A.\",\"description\":\"Planificamos y fabricamos villas y fincas de alta calidad en Mallorca\",\"publisher\":{\"@id\":\"https:\/\/es.heberger.co\/es\/#organization\"},\"potentialAction\":[{\"@type\":\"SearchAction\",\"target\":{\"@type\":\"EntryPoint\",\"urlTemplate\":\"https:\/\/es.heberger.co\/es\/?s={search_term_string}\"},\"query-input\":{\"@type\":\"PropertyValueSpecification\",\"valueRequired\":true,\"valueName\":\"search_term_string\"}}],\"inLanguage\":\"es\"},{\"@type\":\"Organization\",\"@id\":\"https:\/\/es.heberger.co\/es\/#organization\",\"name\":\"HEBERGER Espa\u00f1ola S.A.\",\"url\":\"https:\/\/es.heberger.co\/es\/\",\"logo\":{\"@type\":\"ImageObject\",\"inLanguage\":\"es\",\"@id\":\"https:\/\/es.heberger.co\/es\/#\/schema\/logo\/image\/\",\"url\":\"https:\/\/es.heberger.co\/wp-content\/uploads\/2023\/03\/heberger_espanola.png\",\"contentUrl\":\"https:\/\/es.heberger.co\/wp-content\/uploads\/2023\/03\/heberger_espanola.png\",\"width\":412,\"height\":31,\"caption\":\"HEBERGER Espa\u00f1ola S.A.\"},\"image\":{\"@id\":\"https:\/\/es.heberger.co\/es\/#\/schema\/logo\/image\/\"},\"sameAs\":[\"https:\/\/www.facebook.com\/hebergerbau\"]}]}<\/script>\n<!-- \/ Yoast SEO plugin. -->","yoast_head_json":{"title":"HEBERGER Espa\u00f1ola S.A. - Libro de obra","description":"En nuestro diario de construcci\u00f3n \"LOS ARTESANOS SON LAS ESTRELLAS\", obtendr\u00e1 una visi\u00f3n detallada de los pasos necesarios para llevar a cabo un proyecto de construcci\u00f3n de viviendas por parte de HEBERGER Espa\u00f1ola.","robots":{"index":"noindex","follow":"follow","max-snippet":"max-snippet:-1","max-image-preview":"max-image-preview:large","max-video-preview":"max-video-preview:-1"},"og_locale":"es_ES","og_type":"article","og_title":"HEBERGER Espa\u00f1ola S.A. - Libro de obra","og_description":"En nuestro diario de construcci\u00f3n \"LOS ARTESANOS SON LAS ESTRELLAS\", obtendr\u00e1 una visi\u00f3n detallada de los pasos necesarios para llevar a cabo un proyecto de construcci\u00f3n de viviendas por parte de HEBERGER Espa\u00f1ola.","og_url":"https:\/\/es.heberger.co\/es\/libro-de-obra\/","og_site_name":"HEBERGER Espa\u00f1ola S.A.","article_publisher":"https:\/\/www.facebook.com\/hebergerbau","article_modified_time":"2023-05-10T13:09:16+00:00","twitter_card":"summary_large_image","twitter_misc":{"Tiempo de lectura":"1 minuto"},"schema":{"@context":"https:\/\/schema.org","@graph":[{"@type":"WebPage","@id":"https:\/\/es.heberger.co\/es\/libro-de-obra\/","url":"https:\/\/es.heberger.co\/es\/libro-de-obra\/","name":"HEBERGER Espa\u00f1ola S.A. - Libro de obra","isPartOf":{"@id":"https:\/\/es.heberger.co\/es\/#website"},"datePublished":"2023-03-27T11:02:51+00:00","dateModified":"2023-05-10T13:09:16+00:00","description":"En nuestro diario de construcci\u00f3n \"LOS ARTESANOS SON LAS ESTRELLAS\", obtendr\u00e1 una visi\u00f3n detallada de los pasos necesarios para llevar a cabo un proyecto de construcci\u00f3n de viviendas por parte de HEBERGER Espa\u00f1ola.","breadcrumb":{"@id":"https:\/\/es.heberger.co\/es\/libro-de-obra\/#breadcrumb"},"inLanguage":"es","potentialAction":[{"@type":"ReadAction","target":["https:\/\/es.heberger.co\/es\/libro-de-obra\/"]}]},{"@type":"BreadcrumbList","@id":"https:\/\/es.heberger.co\/es\/libro-de-obra\/#breadcrumb","itemListElement":[{"@type":"ListItem","position":1,"name":"Startseite","item":"https:\/\/es.heberger.co\/es\/"},{"@type":"ListItem","position":2,"name":"Libro de obra"}]},{"@type":"WebSite","@id":"https:\/\/es.heberger.co\/es\/#website","url":"https:\/\/es.heberger.co\/es\/","name":"HEBERGER Espa\u00f1ola S.A.","description":"Planificamos y fabricamos villas y fincas de alta calidad en Mallorca","publisher":{"@id":"https:\/\/es.heberger.co\/es\/#organization"},"potentialAction":[{"@type":"SearchAction","target":{"@type":"EntryPoint","urlTemplate":"https:\/\/es.heberger.co\/es\/?s={search_term_string}"},"query-input":{"@type":"PropertyValueSpecification","valueRequired":true,"valueName":"search_term_string"}}],"inLanguage":"es"},{"@type":"Organization","@id":"https:\/\/es.heberger.co\/es\/#organization","name":"HEBERGER Espa\u00f1ola S.A.","url":"https:\/\/es.heberger.co\/es\/","logo":{"@type":"ImageObject","inLanguage":"es","@id":"https:\/\/es.heberger.co\/es\/#\/schema\/logo\/image\/","url":"https:\/\/es.heberger.co\/wp-content\/uploads\/2023\/03\/heberger_espanola.png","contentUrl":"https:\/\/es.heberger.co\/wp-content\/uploads\/2023\/03\/heberger_espanola.png","width":412,"height":31,"caption":"HEBERGER Espa\u00f1ola S.A."},"image":{"@id":"https:\/\/es.heberger.co\/es\/#\/schema\/logo\/image\/"},"sameAs":["https:\/\/www.facebook.com\/hebergerbau"]}]}},"_links":{"self":[{"href":"https:\/\/es.heberger.co\/es\/wp-json\/wp\/v2\/pages\/9242","targetHints":{"allow":["GET"]}}],"collection":[{"href":"https:\/\/es.heberger.co\/es\/wp-json\/wp\/v2\/pages"}],"about":[{"href":"https:\/\/es.heberger.co\/es\/wp-json\/wp\/v2\/types\/page"}],"author":[{"embeddable":true,"href":"https:\/\/es.heberger.co\/es\/wp-json\/wp\/v2\/users\/1"}],"replies":[{"embeddable":true,"href":"https:\/\/es.heberger.co\/es\/wp-json\/wp\/v2\/comments?post=9242"}],"version-history":[{"count":3,"href":"https:\/\/es.heberger.co\/es\/wp-json\/wp\/v2\/pages\/9242\/revisions"}],"predecessor-version":[{"id":9403,"href":"https:\/\/es.heberger.co\/es\/wp-json\/wp\/v2\/pages\/9242\/revisions\/9403"}],"wp:attachment":[{"href":"https:\/\/es.heberger.co\/es\/wp-json\/wp\/v2\/media?parent=9242"}],"curies":[{"name":"wp","href":"https:\/\/api.w.org\/{rel}","templated":true}]}}